{"id":6322,"date":"2021-05-03T00:21:41","date_gmt":"2021-05-02T22:21:41","guid":{"rendered":"https:\/\/sl.ambaguinee.org\/?page_id=6322"},"modified":"2025-07-05T01:59:19","modified_gmt":"2025-07-04T23:59:19","slug":"mes-demarches","status":"publish","type":"page","link":"https:\/\/sl.ambaguinee.org\/?page_id=6322","title":{"rendered":"Vivre en Sierra L\u00e9one : Guide de l&#8217;expatri\u00e9"},"content":{"rendered":"<div class=\"wp-block-image\">\n<figure class=\"aligncenter size-full\"><img fetchpriority=\"high\" decoding=\"async\" width=\"1024\" height=\"576\" src=\"https:\/\/sl.ambaguinee.org\/wp-content\/uploads\/2025\/07\/1024x576_bonus-CARTESL.webp\" alt=\"\" class=\"wp-image-103010\" srcset=\"https:\/\/sl.ambaguinee.org\/wp-content\/uploads\/2025\/07\/1024x576_bonus-CARTESL.webp 1024w, https:\/\/sl.ambaguinee.org\/wp-content\/uploads\/2025\/07\/1024x576_bonus-CARTESL-300x169.webp 300w, https:\/\/sl.ambaguinee.org\/wp-content\/uploads\/2025\/07\/1024x576_bonus-CARTESL-768x432.webp 768w\" sizes=\"(max-width: 1024px) 100vw, 1024px\" \/><\/figure><\/div>\n\n\n<p>La R\u00e9publique de Sierra Leone est un Etat d&#8217;Afrique de l&#8217;Ouest dont les principales villes sont Freetown, la capitale, Caladou, Bo, Kenema et Makeni. L&#8217;\u00e9conomie du pays est principalement bas\u00e9e sur les exploitations mini\u00e8res de diamant et d&#8217;or. Les expatri\u00e9s au Sierra Leone ont tendance \u00e0 travailler dans les industries de biens de consommation, la t\u00e9l\u00e9phonie mobile et le secteur bancaire.<\/p>\n\n\n\n<p>La Sierra Leone couvre une superficie de 71 740 kilom\u00e8tres carr\u00e9s et compte plus de 6,7 millions d&#8217;habitants. La composition ethnique du pays rassemble des Temne, des Mende, des Limba, des Kono, des Cr\u00e9oles, des Mandingues, des Loko et d&#8217;autres groupes ethniques. L&#8217;anglais est la langue officielle du territoire mais le temne, le mende et le cr\u00e9ole y sont aussi largement usit\u00e9s. La capitale de la Sierra Leone est Freetown, une grande ville dans la partie occidentale du pays. La deuxi\u00e8me plus grande ville et capitale de la r\u00e9gion m\u00e9ridionale est Bo. Bonthe est un ancien centre administratif et Makeni est une ville en d\u00e9veloppement rapide dans le nord.<\/p>\n\n\n\n<p>La Sierra Leone est un pays relativement pauvre dont la majorit\u00e9 de la population travaille dans l&#8217;agriculture. Cela dit, le pays poss\u00e8de d&#8217;importantes ressources naturelles, et en particulier du minerai de fer, des diamants et du rutile. Le manque d&#8217;infrastructures ad\u00e9quates (couverture \u00e9lectrique et routes) complique le d\u00e9veloppement d&#8217;autres secteurs industriels.<\/p>\n\n\n\n<p>La Sierra Leone est une terre de for\u00eats tropicales, de parcs nationaux et d&#8217;esp\u00e8ces menac\u00e9es telles que le singe colobe et l&#8217;hippopotame pygm\u00e9e. Vous pouvez y camper sur l&#8217;\u00eele de Tiwai, admirer hippopotames et \u00e9l\u00e9phants dans le parc national d&#8217;Outamba-Kilimi, et partir pour un safari photo dans la r\u00e9serve foresti\u00e8re de Kangari Hills.<\/p>\n\n\n\n<p>Malgr\u00e9 les troubles li\u00e9s \u00e0 la guerre civile des ann\u00e9es 90, il est maintenant s\u00fbr de voyager dans le pays. Les crimes violents y sont tr\u00e8s rares.<\/p>\n\n\n\n<p>Les citoyens de 15 pays seulement peuvent visiter la Sierra Leone sans visa. Tous les autres devront demander un visa \u00e0 l&#8217;avance \u00e0 la mission diplomatique de Sierra Leone la plus proche.<\/p>\n","protected":false},"excerpt":{"rendered":"<p>La R\u00e9publique de Sierra Leone est un Etat d&#8217;Afrique de l&#8217;Ouest dont les principales villes sont Freetown, la capitale, Caladou, Bo, Kenema et Makeni. L&#8217;\u00e9conomie du pays est principalement bas\u00e9e sur les exploitations mini\u00e8res de diamant et d&#8217;or. Les expatri\u00e9s au Sierra Leone ont tendance \u00e0 travailler dans les industries de biens de consommation, la &hellip;<\/p>\n","protected":false},"author":1,"featured_media":0,"parent":0,"menu_order":0,"comment_status":"closed","ping_status":"closed","template":"","meta":{"footnotes":""},"class_list":["post-6322","page","type-page","status-publish","hentry"],"yoast_head":"<!-- This site is optimized with the Yoast SEO plugin v21.0 - https:\/\/yoast.com\/wordpress\/plugins\/seo\/ -->\n<title>Vivre en Sierra L\u00e9one : Guide de l&#039;expatri\u00e9 - Ambassade de Guin\u00e9e en Sierra L\u00e9one<\/title>\n<meta name=\"robots\" content=\"index, follow, max-snippet:-1, max-image-preview:large, max-video-preview:-1\" \/>\n<link rel=\"canonical\" href=\"https:\/\/sl.ambaguinee.org\/?page_id=6322\" \/>\n<meta property=\"og:locale\" content=\"fr_FR\" \/>\n<meta property=\"og:type\" content=\"article\" \/>\n<meta property=\"og:title\" content=\"Vivre en Sierra L\u00e9one : Guide de l&#039;expatri\u00e9 - Ambassade de Guin\u00e9e en Sierra L\u00e9one\" \/>\n<meta property=\"og:description\" content=\"La R\u00e9publique de Sierra Leone est un Etat d&#8217;Afrique de l&#8217;Ouest dont les principales villes sont Freetown, la capitale, Caladou, Bo, Kenema et Makeni. L&#8217;\u00e9conomie du pays est principalement bas\u00e9e sur les exploitations mini\u00e8res de diamant et d&#8217;or. Les expatri\u00e9s au Sierra Leone ont tendance \u00e0 travailler dans les industries de biens de consommation, la &hellip;\" \/>\n<meta property=\"og:url\" content=\"https:\/\/sl.ambaguinee.org\/?page_id=6322\" \/>\n<meta property=\"og:site_name\" content=\"Ambassade de Guin\u00e9e en Sierra L\u00e9one\" \/>\n<meta property=\"article:publisher\" content=\"https:\/\/www.facebook.com\/ambaguiparis\" \/>\n<meta property=\"article:modified_time\" content=\"2025-07-04T23:59:19+00:00\" \/>\n<meta property=\"og:image\" content=\"https:\/\/sl.ambaguinee.org\/wp-content\/uploads\/2025\/07\/1024x576_bonus-CARTESL.webp\" \/>\n<meta name=\"twitter:card\" content=\"summary_large_image\" \/>\n<meta name=\"twitter:site\" content=\"@AmbaGnFrPtIl\" \/>\n<meta name=\"twitter:label1\" content=\"Dur\u00e9e de lecture estim\u00e9e\" \/>\n\t<meta name=\"twitter:data1\" content=\"2 minutes\" \/>\n<script type=\"application\/ld+json\" class=\"yoast-schema-graph\">{\"@context\":\"https:\/\/schema.org\",\"@graph\":[{\"@type\":\"WebPage\",\"@id\":\"https:\/\/sl.ambaguinee.org\/?page_id=6322\",\"url\":\"https:\/\/sl.ambaguinee.org\/?page_id=6322\",\"name\":\"Vivre en Sierra L\u00e9one : Guide de l'expatri\u00e9 - Ambassade de Guin\u00e9e en Sierra L\u00e9one\",\"isPartOf\":{\"@id\":\"https:\/\/sl.ambaguinee.org\/#website\"},\"datePublished\":\"2021-05-02T22:21:41+00:00\",\"dateModified\":\"2025-07-04T23:59:19+00:00\",\"breadcrumb\":{\"@id\":\"https:\/\/sl.ambaguinee.org\/?page_id=6322#breadcrumb\"},\"inLanguage\":\"fr-FR\",\"potentialAction\":[{\"@type\":\"ReadAction\",\"target\":[\"https:\/\/sl.ambaguinee.org\/?page_id=6322\"]}]},{\"@type\":\"BreadcrumbList\",\"@id\":\"https:\/\/sl.ambaguinee.org\/?page_id=6322#breadcrumb\",\"itemListElement\":[{\"@type\":\"ListItem\",\"position\":1,\"name\":\"Accueil\",\"item\":\"https:\/\/sl.ambaguinee.org\/\"},{\"@type\":\"ListItem\",\"position\":2,\"name\":\"Vivre en Sierra L\u00e9one : Guide de l&#8217;expatri\u00e9\"}]},{\"@type\":\"WebSite\",\"@id\":\"https:\/\/sl.ambaguinee.org\/#website\",\"url\":\"https:\/\/sl.ambaguinee.org\/\",\"name\":\"Ambassade de Guin\u00e9e en Sierra L\u00e9one\",\"description\":\"Ambassade de Guin\u00e9e en Sierra L\u00e9one\",\"publisher\":{\"@id\":\"https:\/\/sl.ambaguinee.org\/#organization\"},\"potentialAction\":[{\"@type\":\"SearchAction\",\"target\":{\"@type\":\"EntryPoint\",\"urlTemplate\":\"https:\/\/sl.ambaguinee.org\/?s={search_term_string}\"},\"query-input\":\"required name=search_term_string\"}],\"inLanguage\":\"fr-FR\"},{\"@type\":\"Organization\",\"@id\":\"https:\/\/sl.ambaguinee.org\/#organization\",\"name\":\"Ambassade de la R\u00e9publique Guin\u00e9e en France\",\"url\":\"https:\/\/sl.ambaguinee.org\/\",\"logo\":{\"@type\":\"ImageObject\",\"inLanguage\":\"fr-FR\",\"@id\":\"https:\/\/sl.ambaguinee.org\/#\/schema\/logo\/image\/\",\"url\":\"https:\/\/sl.ambaguinee.org\/wp-content\/uploads\/2024\/06\/Logo-devise-Guinee-miniature.png\",\"contentUrl\":\"https:\/\/sl.ambaguinee.org\/wp-content\/uploads\/2024\/06\/Logo-devise-Guinee-miniature.png\",\"width\":170,\"height\":200,\"caption\":\"Ambassade de la R\u00e9publique Guin\u00e9e en France\"},\"image\":{\"@id\":\"https:\/\/sl.ambaguinee.org\/#\/schema\/logo\/image\/\"},\"sameAs\":[\"https:\/\/www.facebook.com\/ambaguiparis\",\"https:\/\/twitter.com\/AmbaGnFrPtIl\"]}]}<\/script>\n<!-- \/ Yoast SEO plugin. -->","yoast_head_json":{"title":"Vivre en Sierra L\u00e9one : Guide de l'expatri\u00e9 - Ambassade de Guin\u00e9e en Sierra L\u00e9one","robots":{"index":"index","follow":"follow","max-snippet":"max-snippet:-1","max-image-preview":"max-image-preview:large","max-video-preview":"max-video-preview:-1"},"canonical":"https:\/\/sl.ambaguinee.org\/?page_id=6322","og_locale":"fr_FR","og_type":"article","og_title":"Vivre en Sierra L\u00e9one : Guide de l'expatri\u00e9 - Ambassade de Guin\u00e9e en Sierra L\u00e9one","og_description":"La R\u00e9publique de Sierra Leone est un Etat d&#8217;Afrique de l&#8217;Ouest dont les principales villes sont Freetown, la capitale, Caladou, Bo, Kenema et Makeni. L&#8217;\u00e9conomie du pays est principalement bas\u00e9e sur les exploitations mini\u00e8res de diamant et d&#8217;or. Les expatri\u00e9s au Sierra Leone ont tendance \u00e0 travailler dans les industries de biens de consommation, la &hellip;","og_url":"https:\/\/sl.ambaguinee.org\/?page_id=6322","og_site_name":"Ambassade de Guin\u00e9e en Sierra L\u00e9one","article_publisher":"https:\/\/www.facebook.com\/ambaguiparis","article_modified_time":"2025-07-04T23:59:19+00:00","og_image":[{"url":"https:\/\/sl.ambaguinee.org\/wp-content\/uploads\/2025\/07\/1024x576_bonus-CARTESL.webp"}],"twitter_card":"summary_large_image","twitter_site":"@AmbaGnFrPtIl","twitter_misc":{"Dur\u00e9e de lecture estim\u00e9e":"2 minutes"},"schema":{"@context":"https:\/\/schema.org","@graph":[{"@type":"WebPage","@id":"https:\/\/sl.ambaguinee.org\/?page_id=6322","url":"https:\/\/sl.ambaguinee.org\/?page_id=6322","name":"Vivre en Sierra L\u00e9one : Guide de l'expatri\u00e9 - Ambassade de Guin\u00e9e en Sierra L\u00e9one","isPartOf":{"@id":"https:\/\/sl.ambaguinee.org\/#website"},"datePublished":"2021-05-02T22:21:41+00:00","dateModified":"2025-07-04T23:59:19+00:00","breadcrumb":{"@id":"https:\/\/sl.ambaguinee.org\/?page_id=6322#breadcrumb"},"inLanguage":"fr-FR","potentialAction":[{"@type":"ReadAction","target":["https:\/\/sl.ambaguinee.org\/?page_id=6322"]}]},{"@type":"BreadcrumbList","@id":"https:\/\/sl.ambaguinee.org\/?page_id=6322#breadcrumb","itemListElement":[{"@type":"ListItem","position":1,"name":"Accueil","item":"https:\/\/sl.ambaguinee.org\/"},{"@type":"ListItem","position":2,"name":"Vivre en Sierra L\u00e9one : Guide de l&#8217;expatri\u00e9"}]},{"@type":"WebSite","@id":"https:\/\/sl.ambaguinee.org\/#website","url":"https:\/\/sl.ambaguinee.org\/","name":"Ambassade de Guin\u00e9e en Sierra L\u00e9one","description":"Ambassade de Guin\u00e9e en Sierra L\u00e9one","publisher":{"@id":"https:\/\/sl.ambaguinee.org\/#organization"},"potentialAction":[{"@type":"SearchAction","target":{"@type":"EntryPoint","urlTemplate":"https:\/\/sl.ambaguinee.org\/?s={search_term_string}"},"query-input":"required name=search_term_string"}],"inLanguage":"fr-FR"},{"@type":"Organization","@id":"https:\/\/sl.ambaguinee.org\/#organization","name":"Ambassade de la R\u00e9publique Guin\u00e9e en France","url":"https:\/\/sl.ambaguinee.org\/","logo":{"@type":"ImageObject","inLanguage":"fr-FR","@id":"https:\/\/sl.ambaguinee.org\/#\/schema\/logo\/image\/","url":"https:\/\/sl.ambaguinee.org\/wp-content\/uploads\/2024\/06\/Logo-devise-Guinee-miniature.png","contentUrl":"https:\/\/sl.ambaguinee.org\/wp-content\/uploads\/2024\/06\/Logo-devise-Guinee-miniature.png","width":170,"height":200,"caption":"Ambassade de la R\u00e9publique Guin\u00e9e en France"},"image":{"@id":"https:\/\/sl.ambaguinee.org\/#\/schema\/logo\/image\/"},"sameAs":["https:\/\/www.facebook.com\/ambaguiparis","https:\/\/twitter.com\/AmbaGnFrPtIl"]}]}},"_links":{"self":[{"href":"https:\/\/sl.ambaguinee.org\/index.php?rest_route=\/wp\/v2\/pages\/6322","targetHints":{"allow":["GET"]}}],"collection":[{"href":"https:\/\/sl.ambaguinee.org\/index.php?rest_route=\/wp\/v2\/pages"}],"about":[{"href":"https:\/\/sl.ambaguinee.org\/index.php?rest_route=\/wp\/v2\/types\/page"}],"author":[{"embeddable":true,"href":"https:\/\/sl.ambaguinee.org\/index.php?rest_route=\/wp\/v2\/users\/1"}],"replies":[{"embeddable":true,"href":"https:\/\/sl.ambaguinee.org\/index.php?rest_route=%2Fwp%2Fv2%2Fcomments&post=6322"}],"version-history":[{"count":15,"href":"https:\/\/sl.ambaguinee.org\/index.php?rest_route=\/wp\/v2\/pages\/6322\/revisions"}],"predecessor-version":[{"id":103011,"href":"https:\/\/sl.ambaguinee.org\/index.php?rest_route=\/wp\/v2\/pages\/6322\/revisions\/103011"}],"wp:attachment":[{"href":"https:\/\/sl.ambaguinee.org\/index.php?rest_route=%2Fwp%2Fv2%2Fmedia&parent=6322"}],"curies":[{"name":"wp","href":"https:\/\/api.w.org\/{rel}","templated":true}]}}