{"id":6041,"date":"2021-05-02T03:51:03","date_gmt":"2021-05-02T01:51:03","guid":{"rendered":"https:\/\/sl.ambaguinee.org\/?page_id=6041"},"modified":"2025-07-05T10:18:49","modified_gmt":"2025-07-05T08:18:49","slug":"contact","status":"publish","type":"page","link":"https:\/\/sl.ambaguinee.org\/?page_id=6041","title":{"rendered":"Contact"},"content":{"rendered":"\t\t<div data-elementor-type=\"wp-page\" data-elementor-id=\"6041\" class=\"elementor elementor-6041\" data-elementor-post-type=\"page\">\n\t\t\t\t\t\t<section class=\"elementor-section elementor-top-section elementor-element elementor-element-b26ce75 elementor-section-boxed elementor-section-height-default elementor-section-height-default\" data-id=\"b26ce75\" data-element_type=\"section\">\n\t\t\t\t\t\t<div class=\"elementor-container elementor-column-gap-default\">\n\t\t\t\t\t<div class=\"elementor-column elementor-col-100 elementor-top-column elementor-element elementor-element-c594fbf\" data-id=\"c594fbf\" data-element_type=\"column\">\n\t\t\t<div class=\"elementor-widget-wrap elementor-element-populated\">\n\t\t\t\t\t\t<div class=\"elementor-element elementor-element-9c80d8c elementor-widget elementor-widget-heading\" data-id=\"9c80d8c\" data-element_type=\"widget\" data-widget_type=\"heading.default\">\n\t\t\t\t<div class=\"elementor-widget-container\">\n\t\t\t<h2 class=\"elementor-heading-title elementor-size-default\">Contactez-nous<\/h2>\t\t<\/div>\n\t\t\t\t<\/div>\n\t\t\t\t<div class=\"elementor-element elementor-element-32c9808 elementor-button-align-stretch elementor-widget elementor-widget-form\" data-id=\"32c9808\" data-element_type=\"widget\" data-settings=\"{&quot;step_next_label&quot;:&quot;Next&quot;,&quot;step_previous_label&quot;:&quot;Previous&quot;,&quot;button_width&quot;:&quot;100&quot;,&quot;step_type&quot;:&quot;number_text&quot;,&quot;step_icon_shape&quot;:&quot;circle&quot;}\" data-widget_type=\"form.default\">\n\t\t\t\t<div class=\"elementor-widget-container\">\n\t\t\t\t\t<form class=\"elementor-form\" method=\"post\" name=\"contact\">\n\t\t\t<input type=\"hidden\" name=\"post_id\" value=\"6041\"\/>\n\t\t\t<input type=\"hidden\" name=\"form_id\" value=\"32c9808\"\/>\n\t\t\t<input type=\"hidden\" name=\"referer_title\" value=\"Ambassade de Guin\u00e9e en Sierra L\u00e9one\" \/>\n\n\t\t\t\n\t\t\t<div class=\"elementor-form-fields-wrapper elementor-labels-\">\n\t\t\t\t\t\t\t\t<div class=\"elementor-field-type-text elementor-field-group elementor-column elementor-field-group-name elementor-col-100 elementor-field-required\">\n\t\t\t\t\t\t\t\t\t\t\t\t<label for=\"form-field-name\" class=\"elementor-field-label elementor-screen-only\">\n\t\t\t\t\t\t\t\tNom et Pr\u00e9nom\t\t\t\t\t\t\t<\/label>\n\t\t\t\t\t\t\t\t\t\t\t\t\t\t<input size=\"1\" type=\"text\" name=\"form_fields[name]\" id=\"form-field-name\" class=\"elementor-field elementor-size-sm  elementor-field-textual\" placeholder=\"Votre nom et pr\u00e9nom\" required=\"required\" aria-required=\"true\">\n\t\t\t\t\t\t\t\t\t\t\t<\/div>\n\t\t\t\t\t\t\t\t<div class=\"elementor-field-type-email elementor-field-group elementor-column elementor-field-group-email elementor-col-100 elementor-field-required\">\n\t\t\t\t\t\t\t\t\t\t\t\t<label for=\"form-field-email\" class=\"elementor-field-label elementor-screen-only\">\n\t\t\t\t\t\t\t\tEmail\t\t\t\t\t\t\t<\/label>\n\t\t\t\t\t\t\t\t\t\t\t\t\t\t<input size=\"1\" type=\"email\" name=\"form_fields[email]\" id=\"form-field-email\" class=\"elementor-field elementor-size-sm  elementor-field-textual\" placeholder=\"Votre adresse \u00e9l\u00e9ctronique\" required=\"required\" aria-required=\"true\">\n\t\t\t\t\t\t\t\t\t\t\t<\/div>\n\t\t\t\t\t\t\t\t<div class=\"elementor-field-type-text elementor-field-group elementor-column elementor-field-group-field_415481b elementor-col-100 elementor-field-required\">\n\t\t\t\t\t\t\t\t\t\t\t\t<label for=\"form-field-field_415481b\" class=\"elementor-field-label elementor-screen-only\">\n\t\t\t\t\t\t\t\tObjet\t\t\t\t\t\t\t<\/label>\n\t\t\t\t\t\t\t\t\t\t\t\t\t\t<input size=\"1\" type=\"text\" name=\"form_fields[field_415481b]\" id=\"form-field-field_415481b\" class=\"elementor-field elementor-size-sm  elementor-field-textual\" placeholder=\"Objet\" required=\"required\" aria-required=\"true\">\n\t\t\t\t\t\t\t\t\t\t\t<\/div>\n\t\t\t\t\t\t\t\t<div class=\"elementor-field-type-textarea elementor-field-group elementor-column elementor-field-group-message elementor-col-100 elementor-field-required\">\n\t\t\t\t\t\t\t\t\t\t\t\t<label for=\"form-field-message\" class=\"elementor-field-label elementor-screen-only\">\n\t\t\t\t\t\t\t\tMessage\t\t\t\t\t\t\t<\/label>\n\t\t\t\t\t\t<textarea class=\"elementor-field-textual elementor-field  elementor-size-sm\" name=\"form_fields[message]\" id=\"form-field-message\" rows=\"5\" placeholder=\"Votre message ou commentaire\" required=\"required\" aria-required=\"true\"><\/textarea>\t\t\t\t<\/div>\n\t\t\t\t\t\t\t\t<div class=\"elementor-field-type-recaptcha elementor-field-group elementor-column elementor-field-group-field_c246906 elementor-col-100\">\n\t\t\t\t\t<div class=\"elementor-field\" id=\"form-field-field_c246906\"><div class=\"elementor-g-recaptcha\" data-sitekey=\"6LeUNgsUAAAAAIGBwXVGFu7GtFz-zAF0KAhM-tFZ\" data-type=\"v2_checkbox\" data-theme=\"light\" data-size=\"normal\"><\/div><\/div>\t\t\t\t<\/div>\n\t\t\t\t\t\t\t\t<div class=\"elementor-field-group elementor-column elementor-field-type-submit elementor-col-100 e-form__buttons\">\n\t\t\t\t\t<button type=\"submit\" class=\"elementor-button elementor-size-sm\">\n\t\t\t\t\t\t<span >\n\t\t\t\t\t\t\t\t\t\t\t\t\t\t\t<span class=\" elementor-button-icon\">\n\t\t\t\t\t\t\t\t\t\t\t\t\t\t\t\t\t\t\t\t\t\t\t\t\t\t<\/span>\n\t\t\t\t\t\t\t\t\t\t\t\t\t\t\t\t\t\t\t\t\t\t<span class=\"elementor-button-text\">Envoyer<\/span>\n\t\t\t\t\t\t\t\t\t\t\t\t\t<\/span>\n\t\t\t\t\t<\/button>\n\t\t\t\t<\/div>\n\t\t\t<\/div>\n\t\t<\/form>\n\t\t\t\t<\/div>\n\t\t\t\t<\/div>\n\t\t\t\t\t<\/div>\n\t\t<\/div>\n\t\t\t\t\t<\/div>\n\t\t<\/section>\n\t\t\t\t<section class=\"elementor-section elementor-top-section elementor-element elementor-element-50cb0c8 elementor-section-boxed elementor-section-height-default elementor-section-height-default\" data-id=\"50cb0c8\" data-element_type=\"section\">\n\t\t\t\t\t\t<div class=\"elementor-container elementor-column-gap-default\">\n\t\t\t\t\t<div class=\"elementor-column elementor-col-100 elementor-top-column elementor-element elementor-element-299f381\" data-id=\"299f381\" data-element_type=\"column\">\n\t\t\t<div class=\"elementor-widget-wrap elementor-element-populated\">\n\t\t\t\t\t\t<div class=\"elementor-element elementor-element-3ad0bae elementor-widget elementor-widget-html\" data-id=\"3ad0bae\" data-element_type=\"widget\" data-widget_type=\"html.default\">\n\t\t\t\t<div class=\"elementor-widget-container\">\n\t\t\t<div>\n<h2>Coordonn\u00e9es<\/h2>\n<\/div>\n<h4 style=\"margin-left:3%\">\n\t<i class=\"fa fa-map-marker\" style=\"color: #83c502;\"><\/i> <span style=\"margin-left: 5%;\">C11 Thompson Bay, Pr\u00e8s de Wilkinson Road, Freetown, R\u00e9publique de Sierra Leone\n<\/span>\n<br\/>\n<br\/>\n<i class=\"fa fa-phone\" style=\"color: #83c502;\"><\/i><span style=\"margin-left: 5%;\">+232 73 689 967<\/span>\n<br\/>\n<br\/>\n<i class=\"fa fa-fax\" style=\"color: #83c502;\"><\/i><span style=\"margin-left: 5%;\">+232 73 689 967<\/span>\n<br\/>\n<br\/>\n<i class=\"fa fa-envelope\" style=\"color: #83c502;\"><\/i><span style=\"margin-left: 5%;text-transform:lowercase\">ambaguifreetown@gmail.com\n    <\/span>\n<br\/>\n<br\/>\n<i class=\"fas fa-stopwatch\" style=\"color: #83c502;\"><\/i><span style=\"margin-left: 5%;\"><strong> Heures d\u2019ouverture<\/strong><\/span><br>\n<span style=\"margin-left:7%\">Lundi - Jeudi\t : 09h00 - 16h00<\/span>\n<br>\n<span style=\"margin-left:7%\">Vendredi: 09h00 - 15h00<\/span>\n\n<\/h4>\n<h2>Localisation<\/h2>\n<div class=\"map\" style=\"width: 100\"><iframe src=\"https:\/\/www.google.com\/maps\/embed?pb=!1m18!1m12!1m3!1d3946.2300904185054!2d-13.275695225614289!3d8.47699379156393!2m3!1f0!2f0!3f0!3m2!1i1024!2i768!4f13.1!3m3!1m2!1s0xf04c5708b196211%3A0xe96fe3e70d936df2!2sEmbassy%20of%20Guinea!5e0!3m2!1sfr!2sfr!4v1751703343210!5m2!1sfr!2sfr\" width=\"600\" height=\"450\" style=\"border:0;\" allowfullscreen=\"\" loading=\"lazy\" referrerpolicy=\"no-referrer-when-downgrade\"><\/iframe>\n<\/div>\t\t<\/div>\n\t\t\t\t<\/div>\n\t\t\t\t\t<\/div>\n\t\t<\/div>\n\t\t\t\t\t<\/div>\n\t\t<\/section>\n\t\t\t\t<\/div>\n\t\t","protected":false},"excerpt":{"rendered":"<p>Contactez-nous Coordonn\u00e9es C11 Thompson Bay, Pr\u00e8s de Wilkinson Road, Freetown, R\u00e9publique de Sierra Leone +232 73 689 967 +232 73 689 967 ambaguifreetown@gmail.com Heures d\u2019ouverture Lundi &#8211; Jeudi : 09h00 &#8211; 16h00 Vendredi: 09h00 &#8211; 15h00 Localisation<\/p>\n","protected":false},"author":1,"featured_media":0,"parent":0,"menu_order":0,"comment_status":"closed","ping_status":"closed","template":"","meta":{"footnotes":""},"class_list":["post-6041","page","type-page","status-publish","hentry"],"yoast_head":"<!-- This site is optimized with the Yoast SEO plugin v21.0 - https:\/\/yoast.com\/wordpress\/plugins\/seo\/ -->\n<title>Contact - Ambassade de Guin\u00e9e en Sierra L\u00e9one<\/title>\n<meta name=\"robots\" content=\"index, follow, max-snippet:-1, max-image-preview:large, max-video-preview:-1\" \/>\n<link rel=\"canonical\" href=\"https:\/\/sl.ambaguinee.org\/?page_id=6041\" \/>\n<meta property=\"og:locale\" content=\"fr_FR\" \/>\n<meta property=\"og:type\" content=\"article\" \/>\n<meta property=\"og:title\" content=\"Contact - Ambassade de Guin\u00e9e en Sierra L\u00e9one\" \/>\n<meta property=\"og:description\" content=\"Contactez-nous Coordonn\u00e9es C11 Thompson Bay, Pr\u00e8s de Wilkinson Road, Freetown, R\u00e9publique de Sierra Leone +232 73 689 967 +232 73 689 967 ambaguifreetown@gmail.com Heures d\u2019ouverture Lundi &#8211; Jeudi : 09h00 &#8211; 16h00 Vendredi: 09h00 &#8211; 15h00 Localisation\" \/>\n<meta property=\"og:url\" content=\"https:\/\/sl.ambaguinee.org\/?page_id=6041\" \/>\n<meta property=\"og:site_name\" content=\"Ambassade de Guin\u00e9e en Sierra L\u00e9one\" \/>\n<meta property=\"article:publisher\" content=\"https:\/\/www.facebook.com\/ambaguiparis\" \/>\n<meta property=\"article:modified_time\" content=\"2025-07-05T08:18:49+00:00\" \/>\n<meta name=\"twitter:card\" content=\"summary_large_image\" \/>\n<meta name=\"twitter:site\" content=\"@AmbaGnFrPtIl\" \/>\n<meta name=\"twitter:label1\" content=\"Dur\u00e9e de lecture estim\u00e9e\" \/>\n\t<meta name=\"twitter:data1\" content=\"1 minute\" \/>\n<script type=\"application\/ld+json\" class=\"yoast-schema-graph\">{\"@context\":\"https:\/\/schema.org\",\"@graph\":[{\"@type\":\"WebPage\",\"@id\":\"https:\/\/sl.ambaguinee.org\/?page_id=6041\",\"url\":\"https:\/\/sl.ambaguinee.org\/?page_id=6041\",\"name\":\"Contact - Ambassade de Guin\u00e9e en Sierra L\u00e9one\",\"isPartOf\":{\"@id\":\"https:\/\/sl.ambaguinee.org\/#website\"},\"datePublished\":\"2021-05-02T01:51:03+00:00\",\"dateModified\":\"2025-07-05T08:18:49+00:00\",\"breadcrumb\":{\"@id\":\"https:\/\/sl.ambaguinee.org\/?page_id=6041#breadcrumb\"},\"inLanguage\":\"fr-FR\",\"potentialAction\":[{\"@type\":\"ReadAction\",\"target\":[\"https:\/\/sl.ambaguinee.org\/?page_id=6041\"]}]},{\"@type\":\"BreadcrumbList\",\"@id\":\"https:\/\/sl.ambaguinee.org\/?page_id=6041#breadcrumb\",\"itemListElement\":[{\"@type\":\"ListItem\",\"position\":1,\"name\":\"Accueil\",\"item\":\"https:\/\/sl.ambaguinee.org\/\"},{\"@type\":\"ListItem\",\"position\":2,\"name\":\"Contact\"}]},{\"@type\":\"WebSite\",\"@id\":\"https:\/\/sl.ambaguinee.org\/#website\",\"url\":\"https:\/\/sl.ambaguinee.org\/\",\"name\":\"Ambassade de Guin\u00e9e en Sierra L\u00e9one\",\"description\":\"Ambassade de Guin\u00e9e en Sierra L\u00e9one\",\"publisher\":{\"@id\":\"https:\/\/sl.ambaguinee.org\/#organization\"},\"potentialAction\":[{\"@type\":\"SearchAction\",\"target\":{\"@type\":\"EntryPoint\",\"urlTemplate\":\"https:\/\/sl.ambaguinee.org\/?s={search_term_string}\"},\"query-input\":\"required name=search_term_string\"}],\"inLanguage\":\"fr-FR\"},{\"@type\":\"Organization\",\"@id\":\"https:\/\/sl.ambaguinee.org\/#organization\",\"name\":\"Ambassade de la R\u00e9publique Guin\u00e9e en France\",\"url\":\"https:\/\/sl.ambaguinee.org\/\",\"logo\":{\"@type\":\"ImageObject\",\"inLanguage\":\"fr-FR\",\"@id\":\"https:\/\/sl.ambaguinee.org\/#\/schema\/logo\/image\/\",\"url\":\"https:\/\/sl.ambaguinee.org\/wp-content\/uploads\/2024\/06\/Logo-devise-Guinee-miniature.png\",\"contentUrl\":\"https:\/\/sl.ambaguinee.org\/wp-content\/uploads\/2024\/06\/Logo-devise-Guinee-miniature.png\",\"width\":170,\"height\":200,\"caption\":\"Ambassade de la R\u00e9publique Guin\u00e9e en France\"},\"image\":{\"@id\":\"https:\/\/sl.ambaguinee.org\/#\/schema\/logo\/image\/\"},\"sameAs\":[\"https:\/\/www.facebook.com\/ambaguiparis\",\"https:\/\/twitter.com\/AmbaGnFrPtIl\"]}]}<\/script>\n<!-- \/ Yoast SEO plugin. -->","yoast_head_json":{"title":"Contact - Ambassade de Guin\u00e9e en Sierra L\u00e9one","robots":{"index":"index","follow":"follow","max-snippet":"max-snippet:-1","max-image-preview":"max-image-preview:large","max-video-preview":"max-video-preview:-1"},"canonical":"https:\/\/sl.ambaguinee.org\/?page_id=6041","og_locale":"fr_FR","og_type":"article","og_title":"Contact - Ambassade de Guin\u00e9e en Sierra L\u00e9one","og_description":"Contactez-nous Coordonn\u00e9es C11 Thompson Bay, Pr\u00e8s de Wilkinson Road, Freetown, R\u00e9publique de Sierra Leone +232 73 689 967 +232 73 689 967 ambaguifreetown@gmail.com Heures d\u2019ouverture Lundi &#8211; Jeudi : 09h00 &#8211; 16h00 Vendredi: 09h00 &#8211; 15h00 Localisation","og_url":"https:\/\/sl.ambaguinee.org\/?page_id=6041","og_site_name":"Ambassade de Guin\u00e9e en Sierra L\u00e9one","article_publisher":"https:\/\/www.facebook.com\/ambaguiparis","article_modified_time":"2025-07-05T08:18:49+00:00","twitter_card":"summary_large_image","twitter_site":"@AmbaGnFrPtIl","twitter_misc":{"Dur\u00e9e de lecture estim\u00e9e":"1 minute"},"schema":{"@context":"https:\/\/schema.org","@graph":[{"@type":"WebPage","@id":"https:\/\/sl.ambaguinee.org\/?page_id=6041","url":"https:\/\/sl.ambaguinee.org\/?page_id=6041","name":"Contact - Ambassade de Guin\u00e9e en Sierra L\u00e9one","isPartOf":{"@id":"https:\/\/sl.ambaguinee.org\/#website"},"datePublished":"2021-05-02T01:51:03+00:00","dateModified":"2025-07-05T08:18:49+00:00","breadcrumb":{"@id":"https:\/\/sl.ambaguinee.org\/?page_id=6041#breadcrumb"},"inLanguage":"fr-FR","potentialAction":[{"@type":"ReadAction","target":["https:\/\/sl.ambaguinee.org\/?page_id=6041"]}]},{"@type":"BreadcrumbList","@id":"https:\/\/sl.ambaguinee.org\/?page_id=6041#breadcrumb","itemListElement":[{"@type":"ListItem","position":1,"name":"Accueil","item":"https:\/\/sl.ambaguinee.org\/"},{"@type":"ListItem","position":2,"name":"Contact"}]},{"@type":"WebSite","@id":"https:\/\/sl.ambaguinee.org\/#website","url":"https:\/\/sl.ambaguinee.org\/","name":"Ambassade de Guin\u00e9e en Sierra L\u00e9one","description":"Ambassade de Guin\u00e9e en Sierra L\u00e9one","publisher":{"@id":"https:\/\/sl.ambaguinee.org\/#organization"},"potentialAction":[{"@type":"SearchAction","target":{"@type":"EntryPoint","urlTemplate":"https:\/\/sl.ambaguinee.org\/?s={search_term_string}"},"query-input":"required name=search_term_string"}],"inLanguage":"fr-FR"},{"@type":"Organization","@id":"https:\/\/sl.ambaguinee.org\/#organization","name":"Ambassade de la R\u00e9publique Guin\u00e9e en France","url":"https:\/\/sl.ambaguinee.org\/","logo":{"@type":"ImageObject","inLanguage":"fr-FR","@id":"https:\/\/sl.ambaguinee.org\/#\/schema\/logo\/image\/","url":"https:\/\/sl.ambaguinee.org\/wp-content\/uploads\/2024\/06\/Logo-devise-Guinee-miniature.png","contentUrl":"https:\/\/sl.ambaguinee.org\/wp-content\/uploads\/2024\/06\/Logo-devise-Guinee-miniature.png","width":170,"height":200,"caption":"Ambassade de la R\u00e9publique Guin\u00e9e en France"},"image":{"@id":"https:\/\/sl.ambaguinee.org\/#\/schema\/logo\/image\/"},"sameAs":["https:\/\/www.facebook.com\/ambaguiparis","https:\/\/twitter.com\/AmbaGnFrPtIl"]}]}},"_links":{"self":[{"href":"https:\/\/sl.ambaguinee.org\/index.php?rest_route=\/wp\/v2\/pages\/6041","targetHints":{"allow":["GET"]}}],"collection":[{"href":"https:\/\/sl.ambaguinee.org\/index.php?rest_route=\/wp\/v2\/pages"}],"about":[{"href":"https:\/\/sl.ambaguinee.org\/index.php?rest_route=\/wp\/v2\/types\/page"}],"author":[{"embeddable":true,"href":"https:\/\/sl.ambaguinee.org\/index.php?rest_route=\/wp\/v2\/users\/1"}],"replies":[{"embeddable":true,"href":"https:\/\/sl.ambaguinee.org\/index.php?rest_route=%2Fwp%2Fv2%2Fcomments&post=6041"}],"version-history":[{"count":70,"href":"https:\/\/sl.ambaguinee.org\/index.php?rest_route=\/wp\/v2\/pages\/6041\/revisions"}],"predecessor-version":[{"id":103034,"href":"https:\/\/sl.ambaguinee.org\/index.php?rest_route=\/wp\/v2\/pages\/6041\/revisions\/103034"}],"wp:attachment":[{"href":"https:\/\/sl.ambaguinee.org\/index.php?rest_route=%2Fwp%2Fv2%2Fmedia&parent=6041"}],"curies":[{"name":"wp","href":"https:\/\/api.w.org\/{rel}","templated":true}]}}