{"id":6018,"date":"2021-05-02T03:44:24","date_gmt":"2021-05-02T01:44:24","guid":{"rendered":"https:\/\/sl.ambaguinee.org\/?page_id=6018"},"modified":"2024-03-03T14:37:17","modified_gmt":"2024-03-03T13:37:17","slug":"diplomatie-et-politique-etrangere","status":"publish","type":"page","link":"https:\/\/sl.ambaguinee.org\/?page_id=6018","title":{"rendered":"Diplomatie et Politique \u00e9trang\u00e8re"},"content":{"rendered":"\t\t<div data-elementor-type=\"wp-page\" data-elementor-id=\"6018\" class=\"elementor elementor-6018\" data-elementor-post-type=\"page\">\n\t\t\t\t\t\t<section class=\"elementor-section elementor-top-section elementor-element elementor-element-2628787f elementor-section-boxed elementor-section-height-default elementor-section-height-default\" data-id=\"2628787f\" data-element_type=\"section\">\n\t\t\t\t\t\t<div class=\"elementor-container elementor-column-gap-default\">\n\t\t\t\t\t<div class=\"elementor-column elementor-col-100 elementor-top-column elementor-element elementor-element-d6c44ad\" data-id=\"d6c44ad\" data-element_type=\"column\">\n\t\t\t<div class=\"elementor-widget-wrap elementor-element-populated\">\n\t\t\t\t\t\t<div class=\"elementor-element elementor-element-1c702099 elementor-widget elementor-widget-text-editor\" data-id=\"1c702099\" data-element_type=\"widget\" data-widget_type=\"text-editor.default\">\n\t\t\t\t<div class=\"elementor-widget-container\">\n\t\t\t\t\t\t\t<!-- wp:gallery {\"ids\":[6036,6022,6023,6024,6025,6026,6019,6027,6028,6029,6030,6031,6032,6020,6033,6034,6035,6037,6038],\"linkTo\":\"none\"} -->\n<figure class=\"wp-block-gallery columns-3 is-cropped\">\n<figcaption class=\"blocks-gallery-item__caption\"><br \/><img fetchpriority=\"high\" decoding=\"async\" class=\"aligncenter size-full wp-image-71729\" src=\"https:\/\/sl.ambaguinee.org\/wp-content\/uploads\/2024\/03\/PR-Mamadi-DOUMBOUYA-1.jpeg\" alt=\"\" width=\"1256\" height=\"628\" srcset=\"https:\/\/sl.ambaguinee.org\/wp-content\/uploads\/2024\/03\/PR-Mamadi-DOUMBOUYA-1.jpeg 1256w, https:\/\/sl.ambaguinee.org\/wp-content\/uploads\/2024\/03\/PR-Mamadi-DOUMBOUYA-1-300x150.jpeg 300w, https:\/\/sl.ambaguinee.org\/wp-content\/uploads\/2024\/03\/PR-Mamadi-DOUMBOUYA-1-1024x512.jpeg 1024w, https:\/\/sl.ambaguinee.org\/wp-content\/uploads\/2024\/03\/PR-Mamadi-DOUMBOUYA-1-768x384.jpeg 768w\" sizes=\"(max-width: 1256px) 100vw, 1256px\" \/><br \/><br \/><img decoding=\"async\" class=\"aligncenter size-full wp-image-71688\" src=\"https:\/\/sl.ambaguinee.org\/wp-content\/uploads\/2024\/03\/download-2.jpeg\" alt=\"\" width=\"259\" height=\"194\" \/><br \/><img decoding=\"async\" class=\"aligncenter size-full wp-image-71689\" src=\"https:\/\/sl.ambaguinee.org\/wp-content\/uploads\/2024\/03\/download-3.jpeg\" alt=\"\" width=\"305\" height=\"165\" srcset=\"https:\/\/sl.ambaguinee.org\/wp-content\/uploads\/2024\/03\/download-3.jpeg 305w, https:\/\/sl.ambaguinee.org\/wp-content\/uploads\/2024\/03\/download-3-300x162.jpeg 300w\" sizes=\"(max-width: 305px) 100vw, 305px\" \/><br \/><img loading=\"lazy\" decoding=\"async\" class=\"aligncenter size-full wp-image-71690\" src=\"https:\/\/sl.ambaguinee.org\/wp-content\/uploads\/2024\/03\/download-4.jpeg\" alt=\"\" width=\"259\" height=\"194\" \/><br \/><img loading=\"lazy\" decoding=\"async\" class=\"aligncenter size-full wp-image-71692\" src=\"https:\/\/sl.ambaguinee.org\/wp-content\/uploads\/2024\/03\/download.jpeg\" alt=\"\" width=\"275\" height=\"183\" \/><br \/><img loading=\"lazy\" decoding=\"async\" class=\"aligncenter size-full wp-image-71693\" src=\"https:\/\/sl.ambaguinee.org\/wp-content\/uploads\/2024\/03\/image_123650291-300x300-1.jpg\" alt=\"\" width=\"300\" height=\"300\" srcset=\"https:\/\/sl.ambaguinee.org\/wp-content\/uploads\/2024\/03\/image_123650291-300x300-1.jpg 300w, https:\/\/sl.ambaguinee.org\/wp-content\/uploads\/2024\/03\/image_123650291-300x300-1-150x150.jpg 150w, https:\/\/sl.ambaguinee.org\/wp-content\/uploads\/2024\/03\/image_123650291-300x300-1-60x60.jpg 60w\" sizes=\"(max-width: 300px) 100vw, 300px\" \/><br \/><img loading=\"lazy\" decoding=\"async\" class=\"aligncenter size-full wp-image-71694\" src=\"https:\/\/sl.ambaguinee.org\/wp-content\/uploads\/2024\/03\/images-1.jpeg\" alt=\"\" width=\"318\" height=\"159\" srcset=\"https:\/\/sl.ambaguinee.org\/wp-content\/uploads\/2024\/03\/images-1.jpeg 318w, https:\/\/sl.ambaguinee.org\/wp-content\/uploads\/2024\/03\/images-1-300x150.jpeg 300w\" sizes=\"(max-width: 318px) 100vw, 318px\" \/> <img loading=\"lazy\" decoding=\"async\" class=\"aligncenter size-full wp-image-71695\" src=\"https:\/\/sl.ambaguinee.org\/wp-content\/uploads\/2024\/03\/images-2.jpeg\" alt=\"\" width=\"299\" height=\"168\" \/><br \/><img loading=\"lazy\" decoding=\"async\" class=\"aligncenter size-full wp-image-71696\" src=\"https:\/\/sl.ambaguinee.org\/wp-content\/uploads\/2024\/03\/images-3.jpeg\" alt=\"\" width=\"322\" height=\"157\" srcset=\"https:\/\/sl.ambaguinee.org\/wp-content\/uploads\/2024\/03\/images-3.jpeg 322w, https:\/\/sl.ambaguinee.org\/wp-content\/uploads\/2024\/03\/images-3-300x146.jpeg 300w\" sizes=\"(max-width: 322px) 100vw, 322px\" \/><br \/><img loading=\"lazy\" decoding=\"async\" class=\"aligncenter size-full wp-image-71697\" src=\"https:\/\/sl.ambaguinee.org\/wp-content\/uploads\/2024\/03\/images-4.jpeg\" alt=\"\" width=\"286\" height=\"176\" \/><br \/><img loading=\"lazy\" decoding=\"async\" class=\"aligncenter size-full wp-image-71698\" src=\"https:\/\/sl.ambaguinee.org\/wp-content\/uploads\/2024\/03\/images-5.jpeg\" alt=\"\" width=\"275\" height=\"183\" \/><br \/><img loading=\"lazy\" decoding=\"async\" class=\"aligncenter size-full wp-image-71699\" src=\"https:\/\/sl.ambaguinee.org\/wp-content\/uploads\/2024\/03\/images-6.jpeg\" alt=\"\" width=\"275\" height=\"183\" \/><br \/><img loading=\"lazy\" decoding=\"async\" class=\"aligncenter size-full wp-image-71700\" src=\"https:\/\/sl.ambaguinee.org\/wp-content\/uploads\/2024\/03\/images-7.jpeg\" alt=\"\" width=\"318\" height=\"159\" srcset=\"https:\/\/sl.ambaguinee.org\/wp-content\/uploads\/2024\/03\/images-7.jpeg 318w, https:\/\/sl.ambaguinee.org\/wp-content\/uploads\/2024\/03\/images-7-300x150.jpeg 300w\" sizes=\"(max-width: 318px) 100vw, 318px\" \/><br \/><img loading=\"lazy\" decoding=\"async\" class=\"aligncenter size-full wp-image-71701\" src=\"https:\/\/sl.ambaguinee.org\/wp-content\/uploads\/2024\/03\/images-8.jpeg\" alt=\"\" width=\"275\" height=\"183\" \/><br \/><img loading=\"lazy\" decoding=\"async\" class=\"aligncenter size-full wp-image-71702\" src=\"https:\/\/sl.ambaguinee.org\/wp-content\/uploads\/2024\/03\/images-9.jpeg\" alt=\"\" width=\"275\" height=\"183\" \/><br \/><img loading=\"lazy\" decoding=\"async\" class=\"aligncenter size-full wp-image-71703\" src=\"https:\/\/sl.ambaguinee.org\/wp-content\/uploads\/2024\/03\/images-10.jpeg\" alt=\"\" width=\"297\" height=\"170\" \/><br \/><img loading=\"lazy\" decoding=\"async\" class=\"aligncenter size-full wp-image-71704\" src=\"https:\/\/sl.ambaguinee.org\/wp-content\/uploads\/2024\/03\/images-11.jpeg\" alt=\"\" width=\"275\" height=\"183\" \/><br \/><img loading=\"lazy\" decoding=\"async\" class=\"aligncenter size-full wp-image-71705\" src=\"https:\/\/sl.ambaguinee.org\/wp-content\/uploads\/2024\/03\/images-12.jpeg\" alt=\"\" width=\"259\" height=\"194\" \/><br \/><img loading=\"lazy\" decoding=\"async\" class=\"aligncenter size-full wp-image-71706\" src=\"https:\/\/sl.ambaguinee.org\/wp-content\/uploads\/2024\/03\/images-13.jpeg\" alt=\"\" width=\"275\" height=\"183\" \/><br \/><img loading=\"lazy\" decoding=\"async\" class=\"aligncenter size-full wp-image-71707\" src=\"https:\/\/sl.ambaguinee.org\/wp-content\/uploads\/2024\/03\/images-14.jpeg\" alt=\"\" width=\"300\" height=\"168\" \/><br \/><img loading=\"lazy\" decoding=\"async\" class=\"aligncenter size-full wp-image-71708\" src=\"https:\/\/sl.ambaguinee.org\/wp-content\/uploads\/2024\/03\/images-15.jpeg\" alt=\"\" width=\"273\" height=\"184\" \/><br \/><img loading=\"lazy\" decoding=\"async\" class=\"aligncenter size-full wp-image-71709\" src=\"https:\/\/sl.ambaguinee.org\/wp-content\/uploads\/2024\/03\/images-16.jpeg\" alt=\"\" width=\"275\" height=\"183\" \/><br \/><img loading=\"lazy\" decoding=\"async\" class=\"aligncenter size-full wp-image-71710\" src=\"https:\/\/sl.ambaguinee.org\/wp-content\/uploads\/2024\/03\/images-17.jpeg\" alt=\"\" width=\"300\" height=\"168\" \/><br \/><img loading=\"lazy\" decoding=\"async\" class=\"aligncenter size-full wp-image-71711\" src=\"https:\/\/sl.ambaguinee.org\/wp-content\/uploads\/2024\/03\/images-18.jpeg\" alt=\"\" width=\"318\" height=\"159\" srcset=\"https:\/\/sl.ambaguinee.org\/wp-content\/uploads\/2024\/03\/images-18.jpeg 318w, https:\/\/sl.ambaguinee.org\/wp-content\/uploads\/2024\/03\/images-18-300x150.jpeg 300w\" sizes=\"(max-width: 318px) 100vw, 318px\" \/><br \/><img loading=\"lazy\" decoding=\"async\" class=\"aligncenter size-full wp-image-71712\" src=\"https:\/\/sl.ambaguinee.org\/wp-content\/uploads\/2024\/03\/images-19.jpeg\" alt=\"\" width=\"289\" height=\"174\" \/><br \/><img loading=\"lazy\" decoding=\"async\" class=\"aligncenter size-full wp-image-71713\" src=\"https:\/\/sl.ambaguinee.org\/wp-content\/uploads\/2024\/03\/images.jpeg\" alt=\"\" width=\"275\" height=\"183\" \/><br \/><img loading=\"lazy\" decoding=\"async\" class=\"aligncenter size-full wp-image-71714\" src=\"https:\/\/sl.ambaguinee.org\/wp-content\/uploads\/2024\/03\/IMG_1852-300x300-1.jpg\" alt=\"\" width=\"300\" height=\"300\" srcset=\"https:\/\/sl.ambaguinee.org\/wp-content\/uploads\/2024\/03\/IMG_1852-300x300-1.jpg 300w, https:\/\/sl.ambaguinee.org\/wp-content\/uploads\/2024\/03\/IMG_1852-300x300-1-150x150.jpg 150w, https:\/\/sl.ambaguinee.org\/wp-content\/uploads\/2024\/03\/IMG_1852-300x300-1-60x60.jpg 60w\" sizes=\"(max-width: 300px) 100vw, 300px\" \/><br \/><img loading=\"lazy\" decoding=\"async\" class=\"aligncenter size-full wp-image-71715\" src=\"https:\/\/sl.ambaguinee.org\/wp-content\/uploads\/2024\/03\/PHOTO-2024-02-02-18-23-26-300x300-1.jpg\" alt=\"\" width=\"300\" height=\"300\" srcset=\"https:\/\/sl.ambaguinee.org\/wp-content\/uploads\/2024\/03\/PHOTO-2024-02-02-18-23-26-300x300-1.jpg 300w, https:\/\/sl.ambaguinee.org\/wp-content\/uploads\/2024\/03\/PHOTO-2024-02-02-18-23-26-300x300-1-150x150.jpg 150w, https:\/\/sl.ambaguinee.org\/wp-content\/uploads\/2024\/03\/PHOTO-2024-02-02-18-23-26-300x300-1-60x60.jpg 60w\" sizes=\"(max-width: 300px) 100vw, 300px\" \/><br \/><br \/><img loading=\"lazy\" decoding=\"async\" class=\"aligncenter size-full wp-image-71717\" src=\"https:\/\/sl.ambaguinee.org\/wp-content\/uploads\/2024\/03\/WhatsApp-Image-2023-11-10-at-06.30.17-300x300-1.jpeg\" alt=\"\" width=\"300\" height=\"300\" srcset=\"https:\/\/sl.ambaguinee.org\/wp-content\/uploads\/2024\/03\/WhatsApp-Image-2023-11-10-at-06.30.17-300x300-1.jpeg 300w, https:\/\/sl.ambaguinee.org\/wp-content\/uploads\/2024\/03\/WhatsApp-Image-2023-11-10-at-06.30.17-300x300-1-150x150.jpeg 150w, https:\/\/sl.ambaguinee.org\/wp-content\/uploads\/2024\/03\/WhatsApp-Image-2023-11-10-at-06.30.17-300x300-1-60x60.jpeg 60w\" sizes=\"(max-width: 300px) 100vw, 300px\" \/><br \/><img loading=\"lazy\" decoding=\"async\" class=\"aligncenter size-full wp-image-71718\" src=\"https:\/\/sl.ambaguinee.org\/wp-content\/uploads\/2024\/03\/WhatsApp-Image-2023-11-10-at-17.37.40-1-300x300-1.jpeg\" alt=\"\" width=\"300\" height=\"300\" srcset=\"https:\/\/sl.ambaguinee.org\/wp-content\/uploads\/2024\/03\/WhatsApp-Image-2023-11-10-at-17.37.40-1-300x300-1.jpeg 300w, https:\/\/sl.ambaguinee.org\/wp-content\/uploads\/2024\/03\/WhatsApp-Image-2023-11-10-at-17.37.40-1-300x300-1-150x150.jpeg 150w, https:\/\/sl.ambaguinee.org\/wp-content\/uploads\/2024\/03\/WhatsApp-Image-2023-11-10-at-17.37.40-1-300x300-1-60x60.jpeg 60w\" sizes=\"(max-width: 300px) 100vw, 300px\" \/><br \/><img loading=\"lazy\" decoding=\"async\" class=\"aligncenter size-full wp-image-71719\" src=\"https:\/\/sl.ambaguinee.org\/wp-content\/uploads\/2024\/03\/WhatsApp-Image-2023-11-12-at-23.08.46-1-300x300-1.jpeg\" alt=\"\" width=\"300\" height=\"300\" srcset=\"https:\/\/sl.ambaguinee.org\/wp-content\/uploads\/2024\/03\/WhatsApp-Image-2023-11-12-at-23.08.46-1-300x300-1.jpeg 300w, https:\/\/sl.ambaguinee.org\/wp-content\/uploads\/2024\/03\/WhatsApp-Image-2023-11-12-at-23.08.46-1-300x300-1-150x150.jpeg 150w, https:\/\/sl.ambaguinee.org\/wp-content\/uploads\/2024\/03\/WhatsApp-Image-2023-11-12-at-23.08.46-1-300x300-1-60x60.jpeg 60w\" sizes=\"(max-width: 300px) 100vw, 300px\" \/><br \/><img loading=\"lazy\" decoding=\"async\" class=\"aligncenter size-full wp-image-71720\" src=\"https:\/\/sl.ambaguinee.org\/wp-content\/uploads\/2024\/03\/WhatsApp-Image-2024-01-27-at-00.56.31-1-300x300-1.jpeg\" alt=\"\" width=\"300\" height=\"300\" srcset=\"https:\/\/sl.ambaguinee.org\/wp-content\/uploads\/2024\/03\/WhatsApp-Image-2024-01-27-at-00.56.31-1-300x300-1.jpeg 300w, https:\/\/sl.ambaguinee.org\/wp-content\/uploads\/2024\/03\/WhatsApp-Image-2024-01-27-at-00.56.31-1-300x300-1-150x150.jpeg 150w, https:\/\/sl.ambaguinee.org\/wp-content\/uploads\/2024\/03\/WhatsApp-Image-2024-01-27-at-00.56.31-1-300x300-1-60x60.jpeg 60w\" sizes=\"(max-width: 300px) 100vw, 300px\" \/><br \/><img loading=\"lazy\" decoding=\"async\" class=\"aligncenter size-full wp-image-71721\" src=\"https:\/\/sl.ambaguinee.org\/wp-content\/uploads\/2024\/03\/WhatsApp-Image-2024-01-27-at-12.51.30-300x300-1.jpeg\" alt=\"\" width=\"300\" height=\"300\" srcset=\"https:\/\/sl.ambaguinee.org\/wp-content\/uploads\/2024\/03\/WhatsApp-Image-2024-01-27-at-12.51.30-300x300-1.jpeg 300w, https:\/\/sl.ambaguinee.org\/wp-content\/uploads\/2024\/03\/WhatsApp-Image-2024-01-27-at-12.51.30-300x300-1-150x150.jpeg 150w, https:\/\/sl.ambaguinee.org\/wp-content\/uploads\/2024\/03\/WhatsApp-Image-2024-01-27-at-12.51.30-300x300-1-60x60.jpeg 60w\" sizes=\"(max-width: 300px) 100vw, 300px\" \/><br \/><img loading=\"lazy\" decoding=\"async\" class=\"aligncenter size-full wp-image-71722\" src=\"https:\/\/sl.ambaguinee.org\/wp-content\/uploads\/2024\/03\/WhatsApp-Image-2024-01-27-at-20.40.13-300x300-1.jpeg\" alt=\"\" width=\"300\" height=\"300\" srcset=\"https:\/\/sl.ambaguinee.org\/wp-content\/uploads\/2024\/03\/WhatsApp-Image-2024-01-27-at-20.40.13-300x300-1.jpeg 300w, https:\/\/sl.ambaguinee.org\/wp-content\/uploads\/2024\/03\/WhatsApp-Image-2024-01-27-at-20.40.13-300x300-1-150x150.jpeg 150w, https:\/\/sl.ambaguinee.org\/wp-content\/uploads\/2024\/03\/WhatsApp-Image-2024-01-27-at-20.40.13-300x300-1-60x60.jpeg 60w\" sizes=\"(max-width: 300px) 100vw, 300px\" \/><br \/><img loading=\"lazy\" decoding=\"async\" class=\"aligncenter size-full wp-image-71723\" src=\"https:\/\/sl.ambaguinee.org\/wp-content\/uploads\/2024\/03\/WhatsApp-Image-2024-02-02-at-19.52.29-300x300-1.jpeg\" alt=\"\" width=\"300\" height=\"300\" srcset=\"https:\/\/sl.ambaguinee.org\/wp-content\/uploads\/2024\/03\/WhatsApp-Image-2024-02-02-at-19.52.29-300x300-1.jpeg 300w, https:\/\/sl.ambaguinee.org\/wp-content\/uploads\/2024\/03\/WhatsApp-Image-2024-02-02-at-19.52.29-300x300-1-150x150.jpeg 150w, https:\/\/sl.ambaguinee.org\/wp-content\/uploads\/2024\/03\/WhatsApp-Image-2024-02-02-at-19.52.29-300x300-1-60x60.jpeg 60w\" sizes=\"(max-width: 300px) 100vw, 300px\" \/><br \/><img loading=\"lazy\" decoding=\"async\" class=\"aligncenter size-full wp-image-71724\" src=\"https:\/\/sl.ambaguinee.org\/wp-content\/uploads\/2024\/03\/WhatsApp-Image-2024-02-22-at-20.23.15-300x300-1.jpeg\" alt=\"\" width=\"300\" height=\"300\" srcset=\"https:\/\/sl.ambaguinee.org\/wp-content\/uploads\/2024\/03\/WhatsApp-Image-2024-02-22-at-20.23.15-300x300-1.jpeg 300w, https:\/\/sl.ambaguinee.org\/wp-content\/uploads\/2024\/03\/WhatsApp-Image-2024-02-22-at-20.23.15-300x300-1-150x150.jpeg 150w, https:\/\/sl.ambaguinee.org\/wp-content\/uploads\/2024\/03\/WhatsApp-Image-2024-02-22-at-20.23.15-300x300-1-60x60.jpeg 60w\" sizes=\"(max-width: 300px) 100vw, 300px\" \/><\/figcaption>\n<\/figure>\n<!-- \/wp:gallery -->\t\t\t\t\t\t<\/div>\n\t\t\t\t<\/div>\n\t\t\t\t\t<\/div>\n\t\t<\/div>\n\t\t\t\t\t<\/div>\n\t\t<\/section>\n\t\t\t\t<\/div>\n\t\t","protected":false},"excerpt":{"rendered":"","protected":false},"author":1,"featured_media":0,"parent":0,"menu_order":0,"comment_status":"closed","ping_status":"closed","template":"","meta":{"footnotes":""},"class_list":["post-6018","page","type-page","status-publish","hentry"],"yoast_head":"<!-- This site is optimized with the Yoast SEO plugin v21.0 - https:\/\/yoast.com\/wordpress\/plugins\/seo\/ -->\n<title>Diplomatie et Politique \u00e9trang\u00e8re - Ambassade de Guin\u00e9e en Sierra L\u00e9one<\/title>\n<meta name=\"robots\" content=\"index, follow, max-snippet:-1, max-image-preview:large, max-video-preview:-1\" \/>\n<link rel=\"canonical\" href=\"https:\/\/sl.ambaguinee.org\/?page_id=6018\" \/>\n<meta property=\"og:locale\" content=\"fr_FR\" \/>\n<meta property=\"og:type\" content=\"article\" \/>\n<meta property=\"og:title\" content=\"Diplomatie et Politique \u00e9trang\u00e8re - Ambassade de Guin\u00e9e en Sierra L\u00e9one\" \/>\n<meta property=\"og:url\" content=\"https:\/\/sl.ambaguinee.org\/?page_id=6018\" \/>\n<meta property=\"og:site_name\" content=\"Ambassade de Guin\u00e9e en Sierra L\u00e9one\" \/>\n<meta property=\"article:publisher\" content=\"https:\/\/www.facebook.com\/ambaguiparis\" \/>\n<meta property=\"article:modified_time\" content=\"2024-03-03T13:37:17+00:00\" \/>\n<meta property=\"og:image\" content=\"https:\/\/sl.ambaguinee.org\/wp-content\/uploads\/2024\/03\/PR-Mamadi-DOUMBOUYA-1.jpeg\" \/>\n<meta name=\"twitter:card\" content=\"summary_large_image\" \/>\n<meta name=\"twitter:site\" content=\"@AmbaGnFrPtIl\" \/>\n<script type=\"application\/ld+json\" class=\"yoast-schema-graph\">{\"@context\":\"https:\/\/schema.org\",\"@graph\":[{\"@type\":\"WebPage\",\"@id\":\"https:\/\/sl.ambaguinee.org\/?page_id=6018\",\"url\":\"https:\/\/sl.ambaguinee.org\/?page_id=6018\",\"name\":\"Diplomatie et Politique \u00e9trang\u00e8re - Ambassade de Guin\u00e9e en Sierra L\u00e9one\",\"isPartOf\":{\"@id\":\"https:\/\/sl.ambaguinee.org\/#website\"},\"datePublished\":\"2021-05-02T01:44:24+00:00\",\"dateModified\":\"2024-03-03T13:37:17+00:00\",\"breadcrumb\":{\"@id\":\"https:\/\/sl.ambaguinee.org\/?page_id=6018#breadcrumb\"},\"inLanguage\":\"fr-FR\",\"potentialAction\":[{\"@type\":\"ReadAction\",\"target\":[\"https:\/\/sl.ambaguinee.org\/?page_id=6018\"]}]},{\"@type\":\"BreadcrumbList\",\"@id\":\"https:\/\/sl.ambaguinee.org\/?page_id=6018#breadcrumb\",\"itemListElement\":[{\"@type\":\"ListItem\",\"position\":1,\"name\":\"Accueil\",\"item\":\"https:\/\/sl.ambaguinee.org\/\"},{\"@type\":\"ListItem\",\"position\":2,\"name\":\"Diplomatie et Politique \u00e9trang\u00e8re\"}]},{\"@type\":\"WebSite\",\"@id\":\"https:\/\/sl.ambaguinee.org\/#website\",\"url\":\"https:\/\/sl.ambaguinee.org\/\",\"name\":\"Ambassade de Guin\u00e9e en Sierra L\u00e9one\",\"description\":\"Ambassade de Guin\u00e9e en Sierra L\u00e9one\",\"publisher\":{\"@id\":\"https:\/\/sl.ambaguinee.org\/#organization\"},\"potentialAction\":[{\"@type\":\"SearchAction\",\"target\":{\"@type\":\"EntryPoint\",\"urlTemplate\":\"https:\/\/sl.ambaguinee.org\/?s={search_term_string}\"},\"query-input\":\"required name=search_term_string\"}],\"inLanguage\":\"fr-FR\"},{\"@type\":\"Organization\",\"@id\":\"https:\/\/sl.ambaguinee.org\/#organization\",\"name\":\"Ambassade de la R\u00e9publique Guin\u00e9e en France\",\"url\":\"https:\/\/sl.ambaguinee.org\/\",\"logo\":{\"@type\":\"ImageObject\",\"inLanguage\":\"fr-FR\",\"@id\":\"https:\/\/sl.ambaguinee.org\/#\/schema\/logo\/image\/\",\"url\":\"https:\/\/sl.ambaguinee.org\/wp-content\/uploads\/2024\/06\/Logo-devise-Guinee-miniature.png\",\"contentUrl\":\"https:\/\/sl.ambaguinee.org\/wp-content\/uploads\/2024\/06\/Logo-devise-Guinee-miniature.png\",\"width\":170,\"height\":200,\"caption\":\"Ambassade de la R\u00e9publique Guin\u00e9e en France\"},\"image\":{\"@id\":\"https:\/\/sl.ambaguinee.org\/#\/schema\/logo\/image\/\"},\"sameAs\":[\"https:\/\/www.facebook.com\/ambaguiparis\",\"https:\/\/twitter.com\/AmbaGnFrPtIl\"]}]}<\/script>\n<!-- \/ Yoast SEO plugin. -->","yoast_head_json":{"title":"Diplomatie et Politique \u00e9trang\u00e8re - Ambassade de Guin\u00e9e en Sierra L\u00e9one","robots":{"index":"index","follow":"follow","max-snippet":"max-snippet:-1","max-image-preview":"max-image-preview:large","max-video-preview":"max-video-preview:-1"},"canonical":"https:\/\/sl.ambaguinee.org\/?page_id=6018","og_locale":"fr_FR","og_type":"article","og_title":"Diplomatie et Politique \u00e9trang\u00e8re - Ambassade de Guin\u00e9e en Sierra L\u00e9one","og_url":"https:\/\/sl.ambaguinee.org\/?page_id=6018","og_site_name":"Ambassade de Guin\u00e9e en Sierra L\u00e9one","article_publisher":"https:\/\/www.facebook.com\/ambaguiparis","article_modified_time":"2024-03-03T13:37:17+00:00","og_image":[{"url":"https:\/\/sl.ambaguinee.org\/wp-content\/uploads\/2024\/03\/PR-Mamadi-DOUMBOUYA-1.jpeg"}],"twitter_card":"summary_large_image","twitter_site":"@AmbaGnFrPtIl","schema":{"@context":"https:\/\/schema.org","@graph":[{"@type":"WebPage","@id":"https:\/\/sl.ambaguinee.org\/?page_id=6018","url":"https:\/\/sl.ambaguinee.org\/?page_id=6018","name":"Diplomatie et Politique \u00e9trang\u00e8re - Ambassade de Guin\u00e9e en Sierra L\u00e9one","isPartOf":{"@id":"https:\/\/sl.ambaguinee.org\/#website"},"datePublished":"2021-05-02T01:44:24+00:00","dateModified":"2024-03-03T13:37:17+00:00","breadcrumb":{"@id":"https:\/\/sl.ambaguinee.org\/?page_id=6018#breadcrumb"},"inLanguage":"fr-FR","potentialAction":[{"@type":"ReadAction","target":["https:\/\/sl.ambaguinee.org\/?page_id=6018"]}]},{"@type":"BreadcrumbList","@id":"https:\/\/sl.ambaguinee.org\/?page_id=6018#breadcrumb","itemListElement":[{"@type":"ListItem","position":1,"name":"Accueil","item":"https:\/\/sl.ambaguinee.org\/"},{"@type":"ListItem","position":2,"name":"Diplomatie et Politique \u00e9trang\u00e8re"}]},{"@type":"WebSite","@id":"https:\/\/sl.ambaguinee.org\/#website","url":"https:\/\/sl.ambaguinee.org\/","name":"Ambassade de Guin\u00e9e en Sierra L\u00e9one","description":"Ambassade de Guin\u00e9e en Sierra L\u00e9one","publisher":{"@id":"https:\/\/sl.ambaguinee.org\/#organization"},"potentialAction":[{"@type":"SearchAction","target":{"@type":"EntryPoint","urlTemplate":"https:\/\/sl.ambaguinee.org\/?s={search_term_string}"},"query-input":"required name=search_term_string"}],"inLanguage":"fr-FR"},{"@type":"Organization","@id":"https:\/\/sl.ambaguinee.org\/#organization","name":"Ambassade de la R\u00e9publique Guin\u00e9e en France","url":"https:\/\/sl.ambaguinee.org\/","logo":{"@type":"ImageObject","inLanguage":"fr-FR","@id":"https:\/\/sl.ambaguinee.org\/#\/schema\/logo\/image\/","url":"https:\/\/sl.ambaguinee.org\/wp-content\/uploads\/2024\/06\/Logo-devise-Guinee-miniature.png","contentUrl":"https:\/\/sl.ambaguinee.org\/wp-content\/uploads\/2024\/06\/Logo-devise-Guinee-miniature.png","width":170,"height":200,"caption":"Ambassade de la R\u00e9publique Guin\u00e9e en France"},"image":{"@id":"https:\/\/sl.ambaguinee.org\/#\/schema\/logo\/image\/"},"sameAs":["https:\/\/www.facebook.com\/ambaguiparis","https:\/\/twitter.com\/AmbaGnFrPtIl"]}]}},"_links":{"self":[{"href":"https:\/\/sl.ambaguinee.org\/index.php?rest_route=\/wp\/v2\/pages\/6018","targetHints":{"allow":["GET"]}}],"collection":[{"href":"https:\/\/sl.ambaguinee.org\/index.php?rest_route=\/wp\/v2\/pages"}],"about":[{"href":"https:\/\/sl.ambaguinee.org\/index.php?rest_route=\/wp\/v2\/types\/page"}],"author":[{"embeddable":true,"href":"https:\/\/sl.ambaguinee.org\/index.php?rest_route=\/wp\/v2\/users\/1"}],"replies":[{"embeddable":true,"href":"https:\/\/sl.ambaguinee.org\/index.php?rest_route=%2Fwp%2Fv2%2Fcomments&post=6018"}],"version-history":[{"count":7,"href":"https:\/\/sl.ambaguinee.org\/index.php?rest_route=\/wp\/v2\/pages\/6018\/revisions"}],"predecessor-version":[{"id":71732,"href":"https:\/\/sl.ambaguinee.org\/index.php?rest_route=\/wp\/v2\/pages\/6018\/revisions\/71732"}],"wp:attachment":[{"href":"https:\/\/sl.ambaguinee.org\/index.php?rest_route=%2Fwp%2Fv2%2Fmedia&parent=6018"}],"curies":[{"name":"wp","href":"https:\/\/api.w.org\/{rel}","templated":true}]}}