{"id":6002,"date":"2021-05-02T03:20:55","date_gmt":"2021-05-02T01:20:55","guid":{"rendered":"https:\/\/sl.ambaguinee.org\/?page_id=6002"},"modified":"2021-05-02T15:05:10","modified_gmt":"2021-05-02T13:05:10","slug":"bambeya-jazz","status":"publish","type":"page","link":"https:\/\/sl.ambaguinee.org\/?page_id=6002","title":{"rendered":"Bembeya jazz"},"content":{"rendered":"\n<p>Groupe de musique guin\u00e9en cr\u00e9\u00e9 en 1961. De style musical prenant son inspiration dans la musique mandingue, leur musique a \u00e9volu\u00e9 dans un style propre avec l\u2019incorporation de guitares \u00e9lectriques et d\u2019autres influences comme le jazz et la salsa cubaine.<\/p>\n\n\n\n<p>Le groupe tire son nom de la rivi\u00e8re qui traverse Beyla, o\u00f9 fut fond\u00e9 le groupe le 15 avril de l\u2019ann\u00e9e.<\/p>\n\n\n\n<p>Le groupe a re\u00e7u en avril 2011 le prix du meilleur orchestre africain des 50 derni\u00e8res ann\u00e9es lors de la 8e \u00e9dition du festival des Tamani d\u2019Or \u00e0 Bamako, au Mali. Il a en effet pris une part importante \u00e0 la naissance d\u2019une culture proprement guin\u00e9enne, \u00e0 la suite de la politique culturelle du pr\u00e9sident Sekou Tour\u00e9 d\u00e8s l\u2019ind\u00e9pendance du pays en 1958.<\/p>\n\n\n\n<p>Il connut un grand succ\u00e8s dans les ann\u00e9es 1960 et 1970. Il devient l\u2019orchestre national officiel en 1966. Puis, un coup dur a \u00e9t\u00e9 subi \u00e0 la suite du d\u00e9c\u00e8s du chanteur Demba Camara en 1973 dans un accident de voiture. Apr\u00e8s des changements dans la composition du groupe, le Bembeya Jazz a repris une activit\u00e9 \u00e0 la fin des ann\u00e9es 1990.<\/p>\n\n\n\n<p><\/p>\n\n\n\n<figure class=\"wp-block-gallery columns-3 is-cropped wp-block-gallery-1 is-layout-flex wp-block-gallery-is-layout-flex\"><ul class=\"blocks-gallery-grid\"><li class=\"blocks-gallery-item\"><figure><img fetchpriority=\"high\" decoding=\"async\" width=\"450\" height=\"342\" src=\"https:\/\/sl.ambaguinee.org\/wp-content\/uploads\/2021\/05\/Bembeya-Jazz-National.jpg\" alt=\"\" data-id=\"6003\" data-full-url=\"https:\/\/sl.ambaguinee.org\/wp-content\/uploads\/2021\/05\/Bembeya-Jazz-National.jpg\" data-link=\"https:\/\/sl.ambaguinee.org\/?attachment_id=6003\" class=\"wp-image-6003\" srcset=\"https:\/\/sl.ambaguinee.org\/wp-content\/uploads\/2021\/05\/Bembeya-Jazz-National.jpg 450w, https:\/\/sl.ambaguinee.org\/wp-content\/uploads\/2021\/05\/Bembeya-Jazz-National-300x228.jpg 300w\" sizes=\"(max-width: 450px) 100vw, 450px\" \/><\/figure><\/li><li class=\"blocks-gallery-item\"><figure><img decoding=\"async\" width=\"696\" height=\"380\" src=\"https:\/\/sl.ambaguinee.org\/wp-content\/uploads\/2021\/05\/Bembeya-Jazz-National-2.jpg\" alt=\"\" data-id=\"6004\" data-full-url=\"https:\/\/sl.ambaguinee.org\/wp-content\/uploads\/2021\/05\/Bembeya-Jazz-National-2.jpg\" data-link=\"https:\/\/sl.ambaguinee.org\/?attachment_id=6004\" class=\"wp-image-6004\" srcset=\"https:\/\/sl.ambaguinee.org\/wp-content\/uploads\/2021\/05\/Bembeya-Jazz-National-2.jpg 696w, https:\/\/sl.ambaguinee.org\/wp-content\/uploads\/2021\/05\/Bembeya-Jazz-National-2-300x164.jpg 300w\" sizes=\"(max-width: 696px) 100vw, 696px\" \/><\/figure><\/li><li class=\"blocks-gallery-item\"><figure><img decoding=\"async\" width=\"500\" height=\"231\" src=\"https:\/\/sl.ambaguinee.org\/wp-content\/uploads\/2021\/05\/Bembeya-Jazz-National-3.jpg\" alt=\"\" data-id=\"6005\" data-full-url=\"https:\/\/sl.ambaguinee.org\/wp-content\/uploads\/2021\/05\/Bembeya-Jazz-National-3.jpg\" data-link=\"https:\/\/sl.ambaguinee.org\/?attachment_id=6005\" class=\"wp-image-6005\" srcset=\"https:\/\/sl.ambaguinee.org\/wp-content\/uploads\/2021\/05\/Bembeya-Jazz-National-3.jpg 500w, https:\/\/sl.ambaguinee.org\/wp-content\/uploads\/2021\/05\/Bembeya-Jazz-National-3-300x139.jpg 300w\" sizes=\"(max-width: 500px) 100vw, 500px\" \/><\/figure><\/li><li class=\"blocks-gallery-item\"><figure><img loading=\"lazy\" decoding=\"async\" width=\"480\" height=\"360\" src=\"https:\/\/sl.ambaguinee.org\/wp-content\/uploads\/2021\/05\/Bembeya-Jazz-National-4.jpg\" alt=\"\" data-id=\"6006\" data-full-url=\"https:\/\/sl.ambaguinee.org\/wp-content\/uploads\/2021\/05\/Bembeya-Jazz-National-4.jpg\" data-link=\"https:\/\/sl.ambaguinee.org\/?attachment_id=6006\" class=\"wp-image-6006\" srcset=\"https:\/\/sl.ambaguinee.org\/wp-content\/uploads\/2021\/05\/Bembeya-Jazz-National-4.jpg 480w, https:\/\/sl.ambaguinee.org\/wp-content\/uploads\/2021\/05\/Bembeya-Jazz-National-4-300x225.jpg 300w\" sizes=\"(max-width: 480px) 100vw, 480px\" \/><\/figure><\/li><li class=\"blocks-gallery-item\"><figure><img loading=\"lazy\" decoding=\"async\" width=\"480\" height=\"360\" src=\"https:\/\/sl.ambaguinee.org\/wp-content\/uploads\/2021\/05\/Bembeya-Jazz-National-5.jpg\" alt=\"\" data-id=\"6007\" data-full-url=\"https:\/\/sl.ambaguinee.org\/wp-content\/uploads\/2021\/05\/Bembeya-Jazz-National-5.jpg\" data-link=\"https:\/\/sl.ambaguinee.org\/?attachment_id=6007\" class=\"wp-image-6007\" srcset=\"https:\/\/sl.ambaguinee.org\/wp-content\/uploads\/2021\/05\/Bembeya-Jazz-National-5.jpg 480w, https:\/\/sl.ambaguinee.org\/wp-content\/uploads\/2021\/05\/Bembeya-Jazz-National-5-300x225.jpg 300w\" sizes=\"(max-width: 480px) 100vw, 480px\" \/><\/figure><\/li><li class=\"blocks-gallery-item\"><figure><img loading=\"lazy\" decoding=\"async\" width=\"728\" height=\"300\" src=\"https:\/\/sl.ambaguinee.org\/wp-content\/uploads\/2021\/05\/Bembeya-Jazz-National-6.jpg\" alt=\"\" data-id=\"6009\" data-full-url=\"https:\/\/sl.ambaguinee.org\/wp-content\/uploads\/2021\/05\/Bembeya-Jazz-National-6.jpg\" data-link=\"https:\/\/sl.ambaguinee.org\/?attachment_id=6009\" class=\"wp-image-6009\" srcset=\"https:\/\/sl.ambaguinee.org\/wp-content\/uploads\/2021\/05\/Bembeya-Jazz-National-6.jpg 728w, https:\/\/sl.ambaguinee.org\/wp-content\/uploads\/2021\/05\/Bembeya-Jazz-National-6-300x124.jpg 300w\" sizes=\"(max-width: 728px) 100vw, 728px\" \/><\/figure><\/li><\/ul><\/figure>\n","protected":false},"excerpt":{"rendered":"<p>Groupe de musique guin\u00e9en cr\u00e9\u00e9 en 1961. De style musical prenant son inspiration dans la musique mandingue, leur musique a \u00e9volu\u00e9 dans un style propre avec l\u2019incorporation de guitares \u00e9lectriques et d\u2019autres influences comme le jazz et la salsa cubaine. Le groupe tire son nom de la rivi\u00e8re qui traverse Beyla, o\u00f9 fut fond\u00e9 le &hellip;<\/p>\n","protected":false},"author":1,"featured_media":0,"parent":0,"menu_order":0,"comment_status":"closed","ping_status":"closed","template":"","meta":{"footnotes":""},"class_list":["post-6002","page","type-page","status-publish","hentry"],"yoast_head":"<!-- This site is optimized with the Yoast SEO plugin v21.0 - https:\/\/yoast.com\/wordpress\/plugins\/seo\/ -->\n<title>Bembeya jazz - Ambassade de Guin\u00e9e en Sierra L\u00e9one<\/title>\n<meta name=\"robots\" content=\"index, follow, max-snippet:-1, max-image-preview:large, max-video-preview:-1\" \/>\n<link rel=\"canonical\" href=\"https:\/\/sl.ambaguinee.org\/?page_id=6002\" \/>\n<meta property=\"og:locale\" content=\"fr_FR\" \/>\n<meta property=\"og:type\" content=\"article\" \/>\n<meta property=\"og:title\" content=\"Bembeya jazz - Ambassade de Guin\u00e9e en Sierra L\u00e9one\" \/>\n<meta property=\"og:description\" content=\"Groupe de musique guin\u00e9en cr\u00e9\u00e9 en 1961. De style musical prenant son inspiration dans la musique mandingue, leur musique a \u00e9volu\u00e9 dans un style propre avec l\u2019incorporation de guitares \u00e9lectriques et d\u2019autres influences comme le jazz et la salsa cubaine. Le groupe tire son nom de la rivi\u00e8re qui traverse Beyla, o\u00f9 fut fond\u00e9 le &hellip;\" \/>\n<meta property=\"og:url\" content=\"https:\/\/sl.ambaguinee.org\/?page_id=6002\" \/>\n<meta property=\"og:site_name\" content=\"Ambassade de Guin\u00e9e en Sierra L\u00e9one\" \/>\n<meta property=\"article:publisher\" content=\"https:\/\/www.facebook.com\/ambaguiparis\" \/>\n<meta property=\"article:modified_time\" content=\"2021-05-02T13:05:10+00:00\" \/>\n<meta property=\"og:image\" content=\"https:\/\/sl.ambaguinee.org\/wp-content\/uploads\/2021\/05\/Bembeya-Jazz-National.jpg\" \/>\n<meta name=\"twitter:card\" content=\"summary_large_image\" \/>\n<meta name=\"twitter:site\" content=\"@AmbaGnFrPtIl\" \/>\n<meta name=\"twitter:label1\" content=\"Dur\u00e9e de lecture estim\u00e9e\" \/>\n\t<meta name=\"twitter:data1\" content=\"1 minute\" \/>\n<script type=\"application\/ld+json\" class=\"yoast-schema-graph\">{\"@context\":\"https:\/\/schema.org\",\"@graph\":[{\"@type\":\"WebPage\",\"@id\":\"https:\/\/sl.ambaguinee.org\/?page_id=6002\",\"url\":\"https:\/\/sl.ambaguinee.org\/?page_id=6002\",\"name\":\"Bembeya jazz - Ambassade de Guin\u00e9e en Sierra L\u00e9one\",\"isPartOf\":{\"@id\":\"https:\/\/sl.ambaguinee.org\/#website\"},\"datePublished\":\"2021-05-02T01:20:55+00:00\",\"dateModified\":\"2021-05-02T13:05:10+00:00\",\"breadcrumb\":{\"@id\":\"https:\/\/sl.ambaguinee.org\/?page_id=6002#breadcrumb\"},\"inLanguage\":\"fr-FR\",\"potentialAction\":[{\"@type\":\"ReadAction\",\"target\":[\"https:\/\/sl.ambaguinee.org\/?page_id=6002\"]}]},{\"@type\":\"BreadcrumbList\",\"@id\":\"https:\/\/sl.ambaguinee.org\/?page_id=6002#breadcrumb\",\"itemListElement\":[{\"@type\":\"ListItem\",\"position\":1,\"name\":\"Accueil\",\"item\":\"https:\/\/sl.ambaguinee.org\/\"},{\"@type\":\"ListItem\",\"position\":2,\"name\":\"Bembeya jazz\"}]},{\"@type\":\"WebSite\",\"@id\":\"https:\/\/sl.ambaguinee.org\/#website\",\"url\":\"https:\/\/sl.ambaguinee.org\/\",\"name\":\"Ambassade de Guin\u00e9e en Sierra L\u00e9one\",\"description\":\"Ambassade de Guin\u00e9e en Sierra L\u00e9one\",\"publisher\":{\"@id\":\"https:\/\/sl.ambaguinee.org\/#organization\"},\"potentialAction\":[{\"@type\":\"SearchAction\",\"target\":{\"@type\":\"EntryPoint\",\"urlTemplate\":\"https:\/\/sl.ambaguinee.org\/?s={search_term_string}\"},\"query-input\":\"required name=search_term_string\"}],\"inLanguage\":\"fr-FR\"},{\"@type\":\"Organization\",\"@id\":\"https:\/\/sl.ambaguinee.org\/#organization\",\"name\":\"Ambassade de la R\u00e9publique Guin\u00e9e en France\",\"url\":\"https:\/\/sl.ambaguinee.org\/\",\"logo\":{\"@type\":\"ImageObject\",\"inLanguage\":\"fr-FR\",\"@id\":\"https:\/\/sl.ambaguinee.org\/#\/schema\/logo\/image\/\",\"url\":\"https:\/\/sl.ambaguinee.org\/wp-content\/uploads\/2024\/06\/Logo-devise-Guinee-miniature.png\",\"contentUrl\":\"https:\/\/sl.ambaguinee.org\/wp-content\/uploads\/2024\/06\/Logo-devise-Guinee-miniature.png\",\"width\":170,\"height\":200,\"caption\":\"Ambassade de la R\u00e9publique Guin\u00e9e en France\"},\"image\":{\"@id\":\"https:\/\/sl.ambaguinee.org\/#\/schema\/logo\/image\/\"},\"sameAs\":[\"https:\/\/www.facebook.com\/ambaguiparis\",\"https:\/\/twitter.com\/AmbaGnFrPtIl\"]}]}<\/script>\n<!-- \/ Yoast SEO plugin. -->","yoast_head_json":{"title":"Bembeya jazz - Ambassade de Guin\u00e9e en Sierra L\u00e9one","robots":{"index":"index","follow":"follow","max-snippet":"max-snippet:-1","max-image-preview":"max-image-preview:large","max-video-preview":"max-video-preview:-1"},"canonical":"https:\/\/sl.ambaguinee.org\/?page_id=6002","og_locale":"fr_FR","og_type":"article","og_title":"Bembeya jazz - Ambassade de Guin\u00e9e en Sierra L\u00e9one","og_description":"Groupe de musique guin\u00e9en cr\u00e9\u00e9 en 1961. De style musical prenant son inspiration dans la musique mandingue, leur musique a \u00e9volu\u00e9 dans un style propre avec l\u2019incorporation de guitares \u00e9lectriques et d\u2019autres influences comme le jazz et la salsa cubaine. Le groupe tire son nom de la rivi\u00e8re qui traverse Beyla, o\u00f9 fut fond\u00e9 le &hellip;","og_url":"https:\/\/sl.ambaguinee.org\/?page_id=6002","og_site_name":"Ambassade de Guin\u00e9e en Sierra L\u00e9one","article_publisher":"https:\/\/www.facebook.com\/ambaguiparis","article_modified_time":"2021-05-02T13:05:10+00:00","og_image":[{"url":"https:\/\/sl.ambaguinee.org\/wp-content\/uploads\/2021\/05\/Bembeya-Jazz-National.jpg"}],"twitter_card":"summary_large_image","twitter_site":"@AmbaGnFrPtIl","twitter_misc":{"Dur\u00e9e de lecture estim\u00e9e":"1 minute"},"schema":{"@context":"https:\/\/schema.org","@graph":[{"@type":"WebPage","@id":"https:\/\/sl.ambaguinee.org\/?page_id=6002","url":"https:\/\/sl.ambaguinee.org\/?page_id=6002","name":"Bembeya jazz - Ambassade de Guin\u00e9e en Sierra L\u00e9one","isPartOf":{"@id":"https:\/\/sl.ambaguinee.org\/#website"},"datePublished":"2021-05-02T01:20:55+00:00","dateModified":"2021-05-02T13:05:10+00:00","breadcrumb":{"@id":"https:\/\/sl.ambaguinee.org\/?page_id=6002#breadcrumb"},"inLanguage":"fr-FR","potentialAction":[{"@type":"ReadAction","target":["https:\/\/sl.ambaguinee.org\/?page_id=6002"]}]},{"@type":"BreadcrumbList","@id":"https:\/\/sl.ambaguinee.org\/?page_id=6002#breadcrumb","itemListElement":[{"@type":"ListItem","position":1,"name":"Accueil","item":"https:\/\/sl.ambaguinee.org\/"},{"@type":"ListItem","position":2,"name":"Bembeya jazz"}]},{"@type":"WebSite","@id":"https:\/\/sl.ambaguinee.org\/#website","url":"https:\/\/sl.ambaguinee.org\/","name":"Ambassade de Guin\u00e9e en Sierra L\u00e9one","description":"Ambassade de Guin\u00e9e en Sierra L\u00e9one","publisher":{"@id":"https:\/\/sl.ambaguinee.org\/#organization"},"potentialAction":[{"@type":"SearchAction","target":{"@type":"EntryPoint","urlTemplate":"https:\/\/sl.ambaguinee.org\/?s={search_term_string}"},"query-input":"required name=search_term_string"}],"inLanguage":"fr-FR"},{"@type":"Organization","@id":"https:\/\/sl.ambaguinee.org\/#organization","name":"Ambassade de la R\u00e9publique Guin\u00e9e en France","url":"https:\/\/sl.ambaguinee.org\/","logo":{"@type":"ImageObject","inLanguage":"fr-FR","@id":"https:\/\/sl.ambaguinee.org\/#\/schema\/logo\/image\/","url":"https:\/\/sl.ambaguinee.org\/wp-content\/uploads\/2024\/06\/Logo-devise-Guinee-miniature.png","contentUrl":"https:\/\/sl.ambaguinee.org\/wp-content\/uploads\/2024\/06\/Logo-devise-Guinee-miniature.png","width":170,"height":200,"caption":"Ambassade de la R\u00e9publique Guin\u00e9e en France"},"image":{"@id":"https:\/\/sl.ambaguinee.org\/#\/schema\/logo\/image\/"},"sameAs":["https:\/\/www.facebook.com\/ambaguiparis","https:\/\/twitter.com\/AmbaGnFrPtIl"]}]}},"_links":{"self":[{"href":"https:\/\/sl.ambaguinee.org\/index.php?rest_route=\/wp\/v2\/pages\/6002","targetHints":{"allow":["GET"]}}],"collection":[{"href":"https:\/\/sl.ambaguinee.org\/index.php?rest_route=\/wp\/v2\/pages"}],"about":[{"href":"https:\/\/sl.ambaguinee.org\/index.php?rest_route=\/wp\/v2\/types\/page"}],"author":[{"embeddable":true,"href":"https:\/\/sl.ambaguinee.org\/index.php?rest_route=\/wp\/v2\/users\/1"}],"replies":[{"embeddable":true,"href":"https:\/\/sl.ambaguinee.org\/index.php?rest_route=%2Fwp%2Fv2%2Fcomments&post=6002"}],"version-history":[{"count":3,"href":"https:\/\/sl.ambaguinee.org\/index.php?rest_route=\/wp\/v2\/pages\/6002\/revisions"}],"predecessor-version":[{"id":6137,"href":"https:\/\/sl.ambaguinee.org\/index.php?rest_route=\/wp\/v2\/pages\/6002\/revisions\/6137"}],"wp:attachment":[{"href":"https:\/\/sl.ambaguinee.org\/index.php?rest_route=%2Fwp%2Fv2%2Fmedia&parent=6002"}],"curies":[{"name":"wp","href":"https:\/\/api.w.org\/{rel}","templated":true}]}}