{"id":5983,"date":"2021-05-02T03:13:53","date_gmt":"2021-05-02T01:13:53","guid":{"rendered":"https:\/\/sl.ambaguinee.org\/?page_id=5983"},"modified":"2021-05-02T03:13:53","modified_gmt":"2021-05-02T01:13:53","slug":"sory-kandia","status":"publish","type":"page","link":"https:\/\/sl.ambaguinee.org\/?page_id=5983","title":{"rendered":"Sory Kandia"},"content":{"rendered":"\n<p>Il \u00e9tait un de ces hommes se trouvant au bon endroit au bon moment. Issu d\u2019une famille de musiciens et de conteurs, dans les jours foudreux pr\u00e9c\u00e9dant l\u2019ind\u00e9pendance de la Guin\u00e9e, il quitte la cour royale d\u2019un dirigeant local pour rejoindre une communaut\u00e9 d\u2019artistes et de futurs politiciens r\u00e9volutionnaires. Jusqu\u2019en 1958, l\u2019ann\u00e9e de l\u2019ind\u00e9pendance de la Guin\u00e9e, il \u00e9tait au summum de son pouvoir.<\/p>\n\n\n\n<p>Le pr\u00e9sident et son gouvernement l\u2019ont compris et Sorry Kandia Kouyat\u00e9, \u00e0 son tour, a compris et embrass\u00e9 la r\u00e9volution. Il devient \u2019l\u2019ambassadeur musical\u2019 de sa nouvelle nation ind\u00e9pendante et, en tant que \u2019 la voix de la R\u00e9volution\u2019, repr\u00e9senta la Guin\u00e9e aux Nations Unies, \u00e0 travers l\u2019Afrique et derri\u00e8re le rideau de fer.<\/p>\n\n\n\n<p>Sur cet opus de 2 CD, nous pr\u00e9sentons deux facettes de sa musique, la contemporaine et la traditionnelle pour expliquer pourquoi aujourd\u2019hui, pr\u00e8s de quarante ans apr\u00e8s sa mort, il reste un artiste aim\u00e9 et respect\u00e9.<\/p>\n\n\n\n<ul class=\"wp-block-list\"><li>DE L\u2019EPOPEE MANDINGUE AUX SOLEILS DES INDEPENDANCES<\/li><\/ul>\n\n\n\n<p>Ceux qui ne l\u2019ont jamais rencontr\u00e9 ou vraiment connu de son vivant, sont encore plus prolixes pour d\u00e9crire la somptuosit\u00e9 de la voix de ce ph\u00e9nom\u00e8ne artistique, la majest\u00e9 de ses gestes, la sublimit\u00e9 de son vocabulaire, constamment enrichi par la tradition. La voix de Sory Kandia Kouyat\u00e9 \u2013 car il s\u2019agit bien de lui- est fid\u00e8le aux canons de la musique africaine : langage et rythme, fonctionnalit\u00e9 et historicit\u00e9. Parlant de Sory Kandia Kouyat\u00e9, l\u2019ethnomusicologue Henri Lecomte \u00e9crit : \u00ab Celui-ci, a \u00e9t\u00e9 une des voix les plus aim\u00e9es de l\u2019ouest africain.<\/p>\n\n\n\n<p>Sa mort, le 25 d\u00e9cembre 1977, a \u00e9t\u00e9 douloureusement ressentie dans toute l\u2019Afrique de l\u2019ouest.<\/p>\n\n\n\n<p>Comme nombre de musiciens de la r\u00e9gion, il s\u2019est aussi bien exprim\u00e9 dans un contexte tr\u00e8s traditionnel, accompagn\u00e9 par son propre ngoni, le bala de Dj\u00e9li Sory Kouyat\u00e9 et la kora de Sidikiba Diabat\u00e9, que dans un contexte moderne avec les claviers et le saxophone de K\u00e8l\u00e8tigui Traor\u00e9 \u00bb. De lui, un confr\u00e8re \u00e9crivait, incognito, en 1964 : \u2019\u2019musicien sensible et fin, Kouyat\u00e9 Sory Kandia n\u2019\u00e9graine sur sa guitare que les notes velout\u00e9es de l\u2019amour, l\u2019amour du bien et de la vie, et sa puissante voix ne s\u2019\u00e9l\u00e8ve jamais que pour chanter les vertus traditionnelles de la soci\u00e9t\u00e9 africaine dont il sait les moindres les principes sur le bout de ses doigts.<\/p>\n\n\n\n<p><\/p>\n\n\n\n<figure class=\"wp-block-gallery columns-3 is-cropped wp-block-gallery-1 is-layout-flex wp-block-gallery-is-layout-flex\"><ul class=\"blocks-gallery-grid\"><li class=\"blocks-gallery-item\"><figure><img fetchpriority=\"high\" decoding=\"async\" width=\"480\" height=\"360\" src=\"https:\/\/sl.ambaguinee.org\/wp-content\/uploads\/2021\/05\/Sorry-Kandia-Kouyate-1.jpg\" alt=\"\" data-id=\"5984\" data-full-url=\"https:\/\/sl.ambaguinee.org\/wp-content\/uploads\/2021\/05\/Sorry-Kandia-Kouyate-1.jpg\" data-link=\"https:\/\/sl.ambaguinee.org\/?attachment_id=5984\" class=\"wp-image-5984\" srcset=\"https:\/\/sl.ambaguinee.org\/wp-content\/uploads\/2021\/05\/Sorry-Kandia-Kouyate-1.jpg 480w, https:\/\/sl.ambaguinee.org\/wp-content\/uploads\/2021\/05\/Sorry-Kandia-Kouyate-1-300x225.jpg 300w\" sizes=\"(max-width: 480px) 100vw, 480px\" \/><\/figure><\/li><li class=\"blocks-gallery-item\"><figure><img decoding=\"async\" width=\"350\" height=\"200\" src=\"https:\/\/sl.ambaguinee.org\/wp-content\/uploads\/2021\/05\/Sorry-Kandia-Kouyate-2.jpg\" alt=\"\" data-id=\"5985\" data-full-url=\"https:\/\/sl.ambaguinee.org\/wp-content\/uploads\/2021\/05\/Sorry-Kandia-Kouyate-2.jpg\" data-link=\"https:\/\/sl.ambaguinee.org\/?attachment_id=5985\" class=\"wp-image-5985\" srcset=\"https:\/\/sl.ambaguinee.org\/wp-content\/uploads\/2021\/05\/Sorry-Kandia-Kouyate-2.jpg 350w, https:\/\/sl.ambaguinee.org\/wp-content\/uploads\/2021\/05\/Sorry-Kandia-Kouyate-2-300x171.jpg 300w\" sizes=\"(max-width: 350px) 100vw, 350px\" \/><\/figure><\/li><li class=\"blocks-gallery-item\"><figure><img decoding=\"async\" width=\"480\" height=\"360\" src=\"https:\/\/sl.ambaguinee.org\/wp-content\/uploads\/2021\/05\/Sorry-Kandia-Kouyate-3.jpg\" alt=\"\" data-id=\"5986\" data-full-url=\"https:\/\/sl.ambaguinee.org\/wp-content\/uploads\/2021\/05\/Sorry-Kandia-Kouyate-3.jpg\" data-link=\"https:\/\/sl.ambaguinee.org\/?attachment_id=5986\" class=\"wp-image-5986\" srcset=\"https:\/\/sl.ambaguinee.org\/wp-content\/uploads\/2021\/05\/Sorry-Kandia-Kouyate-3.jpg 480w, https:\/\/sl.ambaguinee.org\/wp-content\/uploads\/2021\/05\/Sorry-Kandia-Kouyate-3-300x225.jpg 300w\" sizes=\"(max-width: 480px) 100vw, 480px\" \/><\/figure><\/li><li class=\"blocks-gallery-item\"><figure><img loading=\"lazy\" decoding=\"async\" width=\"400\" height=\"250\" src=\"https:\/\/sl.ambaguinee.org\/wp-content\/uploads\/2021\/05\/Sorry-Kandia-Kouyate-4.jpg\" alt=\"\" data-id=\"5987\" data-full-url=\"https:\/\/sl.ambaguinee.org\/wp-content\/uploads\/2021\/05\/Sorry-Kandia-Kouyate-4.jpg\" data-link=\"https:\/\/sl.ambaguinee.org\/?attachment_id=5987\" class=\"wp-image-5987\" srcset=\"https:\/\/sl.ambaguinee.org\/wp-content\/uploads\/2021\/05\/Sorry-Kandia-Kouyate-4.jpg 400w, https:\/\/sl.ambaguinee.org\/wp-content\/uploads\/2021\/05\/Sorry-Kandia-Kouyate-4-300x188.jpg 300w\" sizes=\"(max-width: 400px) 100vw, 400px\" \/><\/figure><\/li><li class=\"blocks-gallery-item\"><figure><img loading=\"lazy\" decoding=\"async\" width=\"480\" height=\"360\" src=\"https:\/\/sl.ambaguinee.org\/wp-content\/uploads\/2021\/05\/Sorry-Kandia-Kouyate-5.jpg\" alt=\"\" data-id=\"5988\" data-full-url=\"https:\/\/sl.ambaguinee.org\/wp-content\/uploads\/2021\/05\/Sorry-Kandia-Kouyate-5.jpg\" data-link=\"https:\/\/sl.ambaguinee.org\/?attachment_id=5988\" class=\"wp-image-5988\" srcset=\"https:\/\/sl.ambaguinee.org\/wp-content\/uploads\/2021\/05\/Sorry-Kandia-Kouyate-5.jpg 480w, https:\/\/sl.ambaguinee.org\/wp-content\/uploads\/2021\/05\/Sorry-Kandia-Kouyate-5-300x225.jpg 300w\" sizes=\"(max-width: 480px) 100vw, 480px\" \/><\/figure><\/li><li class=\"blocks-gallery-item\"><figure><img decoding=\"async\" src=\"blob:https:\/\/sl.ambaguinee.org\/ed2a347a-46e1-4db4-841c-33ff725a4445\" data-id=\"\"\/><\/figure><\/li><\/ul><\/figure>\n","protected":false},"excerpt":{"rendered":"<p>Il \u00e9tait un de ces hommes se trouvant au bon endroit au bon moment. Issu d\u2019une famille de musiciens et de conteurs, dans les jours foudreux pr\u00e9c\u00e9dant l\u2019ind\u00e9pendance de la Guin\u00e9e, il quitte la cour royale d\u2019un dirigeant local pour rejoindre une communaut\u00e9 d\u2019artistes et de futurs politiciens r\u00e9volutionnaires. Jusqu\u2019en 1958, l\u2019ann\u00e9e de l\u2019ind\u00e9pendance de &hellip;<\/p>\n","protected":false},"author":1,"featured_media":0,"parent":0,"menu_order":0,"comment_status":"closed","ping_status":"closed","template":"","meta":{"footnotes":""},"class_list":["post-5983","page","type-page","status-publish","hentry"],"yoast_head":"<!-- This site is optimized with the Yoast SEO plugin v21.0 - https:\/\/yoast.com\/wordpress\/plugins\/seo\/ -->\n<title>Sory Kandia - Ambassade de Guin\u00e9e en Sierra L\u00e9one<\/title>\n<meta name=\"robots\" content=\"index, follow, max-snippet:-1, max-image-preview:large, max-video-preview:-1\" \/>\n<link rel=\"canonical\" href=\"https:\/\/sl.ambaguinee.org\/?page_id=5983\" \/>\n<meta property=\"og:locale\" content=\"fr_FR\" \/>\n<meta property=\"og:type\" content=\"article\" \/>\n<meta property=\"og:title\" content=\"Sory Kandia - Ambassade de Guin\u00e9e en Sierra L\u00e9one\" \/>\n<meta property=\"og:description\" content=\"Il \u00e9tait un de ces hommes se trouvant au bon endroit au bon moment. Issu d\u2019une famille de musiciens et de conteurs, dans les jours foudreux pr\u00e9c\u00e9dant l\u2019ind\u00e9pendance de la Guin\u00e9e, il quitte la cour royale d\u2019un dirigeant local pour rejoindre une communaut\u00e9 d\u2019artistes et de futurs politiciens r\u00e9volutionnaires. Jusqu\u2019en 1958, l\u2019ann\u00e9e de l\u2019ind\u00e9pendance de &hellip;\" \/>\n<meta property=\"og:url\" content=\"https:\/\/sl.ambaguinee.org\/?page_id=5983\" \/>\n<meta property=\"og:site_name\" content=\"Ambassade de Guin\u00e9e en Sierra L\u00e9one\" \/>\n<meta property=\"article:publisher\" content=\"https:\/\/www.facebook.com\/ambaguiparis\" \/>\n<meta property=\"og:image\" content=\"https:\/\/sl.ambaguinee.org\/wp-content\/uploads\/2021\/05\/Sorry-Kandia-Kouyate-1.jpg\" \/>\n<meta name=\"twitter:card\" content=\"summary_large_image\" \/>\n<meta name=\"twitter:site\" content=\"@AmbaGnFrPtIl\" \/>\n<meta name=\"twitter:label1\" content=\"Dur\u00e9e de lecture estim\u00e9e\" \/>\n\t<meta name=\"twitter:data1\" content=\"2 minutes\" \/>\n<script type=\"application\/ld+json\" class=\"yoast-schema-graph\">{\"@context\":\"https:\/\/schema.org\",\"@graph\":[{\"@type\":\"WebPage\",\"@id\":\"https:\/\/sl.ambaguinee.org\/?page_id=5983\",\"url\":\"https:\/\/sl.ambaguinee.org\/?page_id=5983\",\"name\":\"Sory Kandia - Ambassade de Guin\u00e9e en Sierra L\u00e9one\",\"isPartOf\":{\"@id\":\"https:\/\/sl.ambaguinee.org\/#website\"},\"datePublished\":\"2021-05-02T01:13:53+00:00\",\"dateModified\":\"2021-05-02T01:13:53+00:00\",\"breadcrumb\":{\"@id\":\"https:\/\/sl.ambaguinee.org\/?page_id=5983#breadcrumb\"},\"inLanguage\":\"fr-FR\",\"potentialAction\":[{\"@type\":\"ReadAction\",\"target\":[\"https:\/\/sl.ambaguinee.org\/?page_id=5983\"]}]},{\"@type\":\"BreadcrumbList\",\"@id\":\"https:\/\/sl.ambaguinee.org\/?page_id=5983#breadcrumb\",\"itemListElement\":[{\"@type\":\"ListItem\",\"position\":1,\"name\":\"Accueil\",\"item\":\"https:\/\/sl.ambaguinee.org\/\"},{\"@type\":\"ListItem\",\"position\":2,\"name\":\"Sory Kandia\"}]},{\"@type\":\"WebSite\",\"@id\":\"https:\/\/sl.ambaguinee.org\/#website\",\"url\":\"https:\/\/sl.ambaguinee.org\/\",\"name\":\"Ambassade de Guin\u00e9e en Sierra L\u00e9one\",\"description\":\"Ambassade de Guin\u00e9e en Sierra L\u00e9one\",\"publisher\":{\"@id\":\"https:\/\/sl.ambaguinee.org\/#organization\"},\"potentialAction\":[{\"@type\":\"SearchAction\",\"target\":{\"@type\":\"EntryPoint\",\"urlTemplate\":\"https:\/\/sl.ambaguinee.org\/?s={search_term_string}\"},\"query-input\":\"required name=search_term_string\"}],\"inLanguage\":\"fr-FR\"},{\"@type\":\"Organization\",\"@id\":\"https:\/\/sl.ambaguinee.org\/#organization\",\"name\":\"Ambassade de la R\u00e9publique Guin\u00e9e en France\",\"url\":\"https:\/\/sl.ambaguinee.org\/\",\"logo\":{\"@type\":\"ImageObject\",\"inLanguage\":\"fr-FR\",\"@id\":\"https:\/\/sl.ambaguinee.org\/#\/schema\/logo\/image\/\",\"url\":\"https:\/\/sl.ambaguinee.org\/wp-content\/uploads\/2024\/06\/Logo-devise-Guinee-miniature.png\",\"contentUrl\":\"https:\/\/sl.ambaguinee.org\/wp-content\/uploads\/2024\/06\/Logo-devise-Guinee-miniature.png\",\"width\":170,\"height\":200,\"caption\":\"Ambassade de la R\u00e9publique Guin\u00e9e en France\"},\"image\":{\"@id\":\"https:\/\/sl.ambaguinee.org\/#\/schema\/logo\/image\/\"},\"sameAs\":[\"https:\/\/www.facebook.com\/ambaguiparis\",\"https:\/\/twitter.com\/AmbaGnFrPtIl\"]}]}<\/script>\n<!-- \/ Yoast SEO plugin. -->","yoast_head_json":{"title":"Sory Kandia - Ambassade de Guin\u00e9e en Sierra L\u00e9one","robots":{"index":"index","follow":"follow","max-snippet":"max-snippet:-1","max-image-preview":"max-image-preview:large","max-video-preview":"max-video-preview:-1"},"canonical":"https:\/\/sl.ambaguinee.org\/?page_id=5983","og_locale":"fr_FR","og_type":"article","og_title":"Sory Kandia - Ambassade de Guin\u00e9e en Sierra L\u00e9one","og_description":"Il \u00e9tait un de ces hommes se trouvant au bon endroit au bon moment. Issu d\u2019une famille de musiciens et de conteurs, dans les jours foudreux pr\u00e9c\u00e9dant l\u2019ind\u00e9pendance de la Guin\u00e9e, il quitte la cour royale d\u2019un dirigeant local pour rejoindre une communaut\u00e9 d\u2019artistes et de futurs politiciens r\u00e9volutionnaires. Jusqu\u2019en 1958, l\u2019ann\u00e9e de l\u2019ind\u00e9pendance de &hellip;","og_url":"https:\/\/sl.ambaguinee.org\/?page_id=5983","og_site_name":"Ambassade de Guin\u00e9e en Sierra L\u00e9one","article_publisher":"https:\/\/www.facebook.com\/ambaguiparis","og_image":[{"url":"https:\/\/sl.ambaguinee.org\/wp-content\/uploads\/2021\/05\/Sorry-Kandia-Kouyate-1.jpg"}],"twitter_card":"summary_large_image","twitter_site":"@AmbaGnFrPtIl","twitter_misc":{"Dur\u00e9e de lecture estim\u00e9e":"2 minutes"},"schema":{"@context":"https:\/\/schema.org","@graph":[{"@type":"WebPage","@id":"https:\/\/sl.ambaguinee.org\/?page_id=5983","url":"https:\/\/sl.ambaguinee.org\/?page_id=5983","name":"Sory Kandia - Ambassade de Guin\u00e9e en Sierra L\u00e9one","isPartOf":{"@id":"https:\/\/sl.ambaguinee.org\/#website"},"datePublished":"2021-05-02T01:13:53+00:00","dateModified":"2021-05-02T01:13:53+00:00","breadcrumb":{"@id":"https:\/\/sl.ambaguinee.org\/?page_id=5983#breadcrumb"},"inLanguage":"fr-FR","potentialAction":[{"@type":"ReadAction","target":["https:\/\/sl.ambaguinee.org\/?page_id=5983"]}]},{"@type":"BreadcrumbList","@id":"https:\/\/sl.ambaguinee.org\/?page_id=5983#breadcrumb","itemListElement":[{"@type":"ListItem","position":1,"name":"Accueil","item":"https:\/\/sl.ambaguinee.org\/"},{"@type":"ListItem","position":2,"name":"Sory Kandia"}]},{"@type":"WebSite","@id":"https:\/\/sl.ambaguinee.org\/#website","url":"https:\/\/sl.ambaguinee.org\/","name":"Ambassade de Guin\u00e9e en Sierra L\u00e9one","description":"Ambassade de Guin\u00e9e en Sierra L\u00e9one","publisher":{"@id":"https:\/\/sl.ambaguinee.org\/#organization"},"potentialAction":[{"@type":"SearchAction","target":{"@type":"EntryPoint","urlTemplate":"https:\/\/sl.ambaguinee.org\/?s={search_term_string}"},"query-input":"required name=search_term_string"}],"inLanguage":"fr-FR"},{"@type":"Organization","@id":"https:\/\/sl.ambaguinee.org\/#organization","name":"Ambassade de la R\u00e9publique Guin\u00e9e en France","url":"https:\/\/sl.ambaguinee.org\/","logo":{"@type":"ImageObject","inLanguage":"fr-FR","@id":"https:\/\/sl.ambaguinee.org\/#\/schema\/logo\/image\/","url":"https:\/\/sl.ambaguinee.org\/wp-content\/uploads\/2024\/06\/Logo-devise-Guinee-miniature.png","contentUrl":"https:\/\/sl.ambaguinee.org\/wp-content\/uploads\/2024\/06\/Logo-devise-Guinee-miniature.png","width":170,"height":200,"caption":"Ambassade de la R\u00e9publique Guin\u00e9e en France"},"image":{"@id":"https:\/\/sl.ambaguinee.org\/#\/schema\/logo\/image\/"},"sameAs":["https:\/\/www.facebook.com\/ambaguiparis","https:\/\/twitter.com\/AmbaGnFrPtIl"]}]}},"_links":{"self":[{"href":"https:\/\/sl.ambaguinee.org\/index.php?rest_route=\/wp\/v2\/pages\/5983","targetHints":{"allow":["GET"]}}],"collection":[{"href":"https:\/\/sl.ambaguinee.org\/index.php?rest_route=\/wp\/v2\/pages"}],"about":[{"href":"https:\/\/sl.ambaguinee.org\/index.php?rest_route=\/wp\/v2\/types\/page"}],"author":[{"embeddable":true,"href":"https:\/\/sl.ambaguinee.org\/index.php?rest_route=\/wp\/v2\/users\/1"}],"replies":[{"embeddable":true,"href":"https:\/\/sl.ambaguinee.org\/index.php?rest_route=%2Fwp%2Fv2%2Fcomments&post=5983"}],"version-history":[{"count":1,"href":"https:\/\/sl.ambaguinee.org\/index.php?rest_route=\/wp\/v2\/pages\/5983\/revisions"}],"predecessor-version":[{"id":5990,"href":"https:\/\/sl.ambaguinee.org\/index.php?rest_route=\/wp\/v2\/pages\/5983\/revisions\/5990"}],"wp:attachment":[{"href":"https:\/\/sl.ambaguinee.org\/index.php?rest_route=%2Fwp%2Fv2%2Fmedia&parent=5983"}],"curies":[{"name":"wp","href":"https:\/\/api.w.org\/{rel}","templated":true}]}}