{"id":5966,"date":"2021-05-02T03:06:38","date_gmt":"2021-05-02T01:06:38","guid":{"rendered":"https:\/\/sl.ambaguinee.org\/?page_id=5966"},"modified":"2021-05-02T03:10:40","modified_gmt":"2021-05-02T01:10:40","slug":"resistants","status":"publish","type":"page","link":"https:\/\/sl.ambaguinee.org\/?page_id=5966","title":{"rendered":"R\u00e9sistants"},"content":{"rendered":"\n<p><a href=\"http:\/\/www.lemali.fr\/el-hadj-oumar-tall-20050808415.html\"><strong>EL HADJI OUMAR TALL<\/strong><\/a><\/p>\n\n\n\n<p>El Hadj Oumar est aussi un personnage de l\u00e9gende, dont s\u2019empara l\u2019imagination populaire :<br>plusieurs r\u00e9cits merveilleux circul\u00e8rent et circulent encore \u00e0 son sujet.<\/p>\n\n\n\n<p>Au S\u00e9n\u00e9gal, El Hadj Oumar Tall est v\u00e9cu comme un r\u00e9sistant, au Mali, d\u2019apr\u00e8s David Robinson il serait v\u00e9cu comme l\u2019envahisseur qui fit le lit de la conqu\u00eate europ\u00e9enne.<\/p>\n\n\n\n<p>En tout cas sa m\u00e9moire reste vive en milieu haalpular (nord du S\u00e9n\u00e9gal) o\u00f9 porter le nom de Tall reste prestigieux, surtout si l\u2019on peut se dire<br>son descendant.<\/p>\n\n\n\n<figure class=\"wp-block-gallery columns-2 is-cropped wp-block-gallery-1 is-layout-flex wp-block-gallery-is-layout-flex\"><ul class=\"blocks-gallery-grid\"><li class=\"blocks-gallery-item\"><figure><img fetchpriority=\"high\" decoding=\"async\" width=\"960\" height=\"443\" src=\"https:\/\/sl.ambaguinee.org\/wp-content\/uploads\/2021\/05\/Elhadj-Omar-Tall.jpg\" alt=\"\" data-id=\"5967\" data-full-url=\"https:\/\/sl.ambaguinee.org\/wp-content\/uploads\/2021\/05\/Elhadj-Omar-Tall.jpg\" data-link=\"https:\/\/sl.ambaguinee.org\/?attachment_id=5967\" class=\"wp-image-5967\" srcset=\"https:\/\/sl.ambaguinee.org\/wp-content\/uploads\/2021\/05\/Elhadj-Omar-Tall.jpg 960w, https:\/\/sl.ambaguinee.org\/wp-content\/uploads\/2021\/05\/Elhadj-Omar-Tall-300x138.jpg 300w, https:\/\/sl.ambaguinee.org\/wp-content\/uploads\/2021\/05\/Elhadj-Omar-Tall-768x354.jpg 768w\" sizes=\"(max-width: 960px) 100vw, 960px\" \/><\/figure><\/li><li class=\"blocks-gallery-item\"><figure><img decoding=\"async\" width=\"1024\" height=\"768\" src=\"https:\/\/sl.ambaguinee.org\/wp-content\/uploads\/2021\/05\/Elhadj-Oumar-Tall--1024x768.jpg\" alt=\"\" data-id=\"5968\" data-full-url=\"https:\/\/sl.ambaguinee.org\/wp-content\/uploads\/2021\/05\/Elhadj-Oumar-Tall--scaled.jpg\" data-link=\"https:\/\/sl.ambaguinee.org\/?attachment_id=5968\" class=\"wp-image-5968\" srcset=\"https:\/\/sl.ambaguinee.org\/wp-content\/uploads\/2021\/05\/Elhadj-Oumar-Tall--1024x768.jpg 1024w, https:\/\/sl.ambaguinee.org\/wp-content\/uploads\/2021\/05\/Elhadj-Oumar-Tall--300x225.jpg 300w, https:\/\/sl.ambaguinee.org\/wp-content\/uploads\/2021\/05\/Elhadj-Oumar-Tall--768x576.jpg 768w, https:\/\/sl.ambaguinee.org\/wp-content\/uploads\/2021\/05\/Elhadj-Oumar-Tall--1536x1152.jpg 1536w, https:\/\/sl.ambaguinee.org\/wp-content\/uploads\/2021\/05\/Elhadj-Oumar-Tall--2048x1536.jpg 2048w\" sizes=\"(max-width: 1024px) 100vw, 1024px\" \/><\/figure><\/li><\/ul><\/figure>\n\n\n\n<p><a href=\"http:\/\/www.guineeconakry.info\/index.php?id=27&amp;tx_ttnews%5Btt_news%5D=583&amp;tx_ttnews%5BbackPid%5D=41&amp;cHash=a2f2ab24d1\"><strong>ALFA YAYA DIALLO<\/strong><\/a><\/p>\n\n\n\n<p>Dernier roi alfa de la Conf\u00e9d\u00e9ration des Peulhs du Fouta, avant la colonisation europ\u00e9enne, Alpha Yaya accrut la puissance de sa province, Lab\u00e9, parfois au d\u00e9triment de l\u2019union de la Conf\u00e9d\u00e9ration, ce qui favorisa sans doute la p\u00e9n\u00e9tration europ\u00e9enne et acc\u00e9l\u00e9ra la colonisation. Il existe aussi un chant d\u00e9di\u00e9 \u00e0 Alpha Yaya Diallo, c\u00e9l\u00e8bre roi des Peulhs du Fouta (Guin\u00e9e) \u00e0 la fin du XIX\u00b0 si\u00e8cle.<\/p>\n\n\n\n<div class=\"wp-block-image\"><figure class=\"aligncenter size-large is-resized\"><img decoding=\"async\" src=\"https:\/\/sl.ambaguinee.org\/wp-content\/uploads\/2021\/05\/Alpha_Yaya-1.jpg\" alt=\"\" class=\"wp-image-5970\" width=\"282\" height=\"424\" srcset=\"https:\/\/sl.ambaguinee.org\/wp-content\/uploads\/2021\/05\/Alpha_Yaya-1.jpg 504w, https:\/\/sl.ambaguinee.org\/wp-content\/uploads\/2021\/05\/Alpha_Yaya-1-199x300.jpg 199w\" sizes=\"(max-width: 282px) 100vw, 282px\" \/><\/figure><\/div>\n\n\n\n<p><a href=\"http:\/\/www.grioo.com\/info752.html\"><strong>L\u2019ALMAMY SAMORY TOURE&nbsp;(1830-1900)<\/strong><\/a><\/p>\n\n\n\n<p>Il&nbsp;n\u2019est pas exag\u00e9r\u00e9 de dire que Samory s\u2019est montr\u00e9 sup\u00e9rieur \u00e0 tous les chefs noirs qui ont \u00e9t\u00e9 nos adversaires sur le continent africain. Il est le seul ayant fait preuve des qualit\u00e9s caract\u00e9risant un chef de peuple, un strat\u00e8ge et m\u00eame un politique.<\/p>\n\n\n\n<p>Conducteur d\u2019homme, en tout cas il le fut, poss\u00e9dant l\u2019audace, l\u2019esprit de suite et de pr\u00e9cision et, par-dessus tout, une t\u00e9nacit\u00e9 irr\u00e9ductible, inaccessible au d\u00e9couragement.<\/p>\n\n\n\n<figure class=\"wp-block-gallery columns-3 is-cropped wp-block-gallery-2 is-layout-flex wp-block-gallery-is-layout-flex\"><ul class=\"blocks-gallery-grid\"><li class=\"blocks-gallery-item\"><figure><img loading=\"lazy\" decoding=\"async\" width=\"212\" height=\"137\" src=\"https:\/\/sl.ambaguinee.org\/wp-content\/uploads\/2021\/05\/Samory-6.jpg\" alt=\"\" data-id=\"5975\" data-full-url=\"https:\/\/sl.ambaguinee.org\/wp-content\/uploads\/2021\/05\/Samory-6.jpg\" data-link=\"https:\/\/sl.ambaguinee.org\/?attachment_id=5975\" class=\"wp-image-5975\"\/><\/figure><\/li><li class=\"blocks-gallery-item\"><figure><img loading=\"lazy\" decoding=\"async\" width=\"650\" height=\"478\" src=\"https:\/\/sl.ambaguinee.org\/wp-content\/uploads\/2021\/05\/Samory-1.jpg\" alt=\"\" data-id=\"5976\" data-full-url=\"https:\/\/sl.ambaguinee.org\/wp-content\/uploads\/2021\/05\/Samory-1.jpg\" data-link=\"https:\/\/sl.ambaguinee.org\/?attachment_id=5976\" class=\"wp-image-5976\" srcset=\"https:\/\/sl.ambaguinee.org\/wp-content\/uploads\/2021\/05\/Samory-1.jpg 650w, https:\/\/sl.ambaguinee.org\/wp-content\/uploads\/2021\/05\/Samory-1-300x221.jpg 300w\" sizes=\"(max-width: 650px) 100vw, 650px\" \/><\/figure><\/li><li class=\"blocks-gallery-item\"><figure><img loading=\"lazy\" decoding=\"async\" width=\"912\" height=\"900\" src=\"https:\/\/sl.ambaguinee.org\/wp-content\/uploads\/2021\/05\/Samory-2.jpg\" alt=\"\" data-id=\"5977\" data-full-url=\"https:\/\/sl.ambaguinee.org\/wp-content\/uploads\/2021\/05\/Samory-2.jpg\" data-link=\"https:\/\/sl.ambaguinee.org\/?attachment_id=5977\" class=\"wp-image-5977\" srcset=\"https:\/\/sl.ambaguinee.org\/wp-content\/uploads\/2021\/05\/Samory-2.jpg 912w, https:\/\/sl.ambaguinee.org\/wp-content\/uploads\/2021\/05\/Samory-2-300x296.jpg 300w, https:\/\/sl.ambaguinee.org\/wp-content\/uploads\/2021\/05\/Samory-2-768x758.jpg 768w, https:\/\/sl.ambaguinee.org\/wp-content\/uploads\/2021\/05\/Samory-2-60x60.jpg 60w\" sizes=\"(max-width: 912px) 100vw, 912px\" \/><\/figure><\/li><li class=\"blocks-gallery-item\"><figure><img loading=\"lazy\" decoding=\"async\" width=\"838\" height=\"633\" src=\"https:\/\/sl.ambaguinee.org\/wp-content\/uploads\/2021\/05\/Samory-3.png\" alt=\"\" data-id=\"5978\" data-full-url=\"https:\/\/sl.ambaguinee.org\/wp-content\/uploads\/2021\/05\/Samory-3.png\" data-link=\"https:\/\/sl.ambaguinee.org\/?attachment_id=5978\" class=\"wp-image-5978\" srcset=\"https:\/\/sl.ambaguinee.org\/wp-content\/uploads\/2021\/05\/Samory-3.png 838w, https:\/\/sl.ambaguinee.org\/wp-content\/uploads\/2021\/05\/Samory-3-300x227.png 300w, https:\/\/sl.ambaguinee.org\/wp-content\/uploads\/2021\/05\/Samory-3-768x580.png 768w\" sizes=\"(max-width: 838px) 100vw, 838px\" \/><\/figure><\/li><li class=\"blocks-gallery-item\"><figure><img loading=\"lazy\" decoding=\"async\" width=\"1024\" height=\"679\" src=\"https:\/\/sl.ambaguinee.org\/wp-content\/uploads\/2021\/05\/Samory-4-1024x679.jpg\" alt=\"\" data-id=\"5979\" data-full-url=\"https:\/\/sl.ambaguinee.org\/wp-content\/uploads\/2021\/05\/Samory-4-scaled.jpg\" data-link=\"https:\/\/sl.ambaguinee.org\/?attachment_id=5979\" class=\"wp-image-5979\" srcset=\"https:\/\/sl.ambaguinee.org\/wp-content\/uploads\/2021\/05\/Samory-4-1024x679.jpg 1024w, https:\/\/sl.ambaguinee.org\/wp-content\/uploads\/2021\/05\/Samory-4-300x199.jpg 300w, https:\/\/sl.ambaguinee.org\/wp-content\/uploads\/2021\/05\/Samory-4-768x509.jpg 768w, https:\/\/sl.ambaguinee.org\/wp-content\/uploads\/2021\/05\/Samory-4-1536x1019.jpg 1536w, https:\/\/sl.ambaguinee.org\/wp-content\/uploads\/2021\/05\/Samory-4-2048x1358.jpg 2048w\" sizes=\"(max-width: 1024px) 100vw, 1024px\" \/><\/figure><\/li><li class=\"blocks-gallery-item\"><figure><img loading=\"lazy\" decoding=\"async\" width=\"768\" height=\"1024\" src=\"https:\/\/sl.ambaguinee.org\/wp-content\/uploads\/2021\/05\/Samory-5-768x1024.jpg\" alt=\"\" data-id=\"5980\" data-full-url=\"https:\/\/sl.ambaguinee.org\/wp-content\/uploads\/2021\/05\/Samory-5.jpg\" data-link=\"https:\/\/sl.ambaguinee.org\/?attachment_id=5980\" class=\"wp-image-5980\" srcset=\"https:\/\/sl.ambaguinee.org\/wp-content\/uploads\/2021\/05\/Samory-5-768x1024.jpg 768w, https:\/\/sl.ambaguinee.org\/wp-content\/uploads\/2021\/05\/Samory-5-225x300.jpg 225w, https:\/\/sl.ambaguinee.org\/wp-content\/uploads\/2021\/05\/Samory-5-576x768.jpg 576w, https:\/\/sl.ambaguinee.org\/wp-content\/uploads\/2021\/05\/Samory-5-1152x1536.jpg 1152w, https:\/\/sl.ambaguinee.org\/wp-content\/uploads\/2021\/05\/Samory-5.jpg 1536w\" sizes=\"(max-width: 768px) 100vw, 768px\" \/><\/figure><\/li><\/ul><\/figure>\n\n\n\n<p><a href=\"http:\/\/www.guineeconakry.info\/index.php?id=27&amp;tx_ttnews%5Btt_news%5D=524&amp;tx_ttnews%5BbackPid%5D=41&amp;cHash=62317a9392\"><strong>KISSI KABA KEITA<\/strong><\/a><\/p>\n\n\n\n<p>Les grandes figures de la r\u00e9sistance au Nord furent : \u2013 KISSI KABA dont l\u2019accusation au tr\u00f4ne a \u00e9t\u00e9 pr\u00e9par\u00e9e par le grand \u00ab Mori Souleymani Savane \u00bb Toucouleur du S\u00e9n\u00e9gal, arriv\u00e9 au Kissi vers 1850 \u00e0 Gbafaran, Fagbo\u00ef Mara, h\u00e9ritiers l\u00e9gitimes des grands chefs Kuranko, \u2013 Denga de S\u00f6r\u00f6maya et Sosowali Mara.<\/p>\n\n\n\n<p>De ces figures, Kissi Kaba demeure incontestablement celui qui a acquis la plus grande renomm\u00e9e pour avoir pu s\u2019adjuger le contr\u00f4le de certaines chefferies, les provinces conquises par son p\u00e8re adoptif Soulemani Savan\u00e9, apr\u00e8s avoir \u00e9limin\u00e9 son fr\u00e8re Asana, fils de Sepe Leno.<\/p>\n\n\n\n<div class=\"wp-block-image\"><figure class=\"aligncenter size-large\"><img loading=\"lazy\" decoding=\"async\" width=\"257\" height=\"400\" src=\"https:\/\/sl.ambaguinee.org\/wp-content\/uploads\/2021\/05\/kissi-kaba-keita.jpeg\" alt=\"\" class=\"wp-image-5981\" srcset=\"https:\/\/sl.ambaguinee.org\/wp-content\/uploads\/2021\/05\/kissi-kaba-keita.jpeg 257w, https:\/\/sl.ambaguinee.org\/wp-content\/uploads\/2021\/05\/kissi-kaba-keita-193x300.jpeg 193w\" sizes=\"(max-width: 257px) 100vw, 257px\" \/><\/figure><\/div>\n","protected":false},"excerpt":{"rendered":"<p>EL HADJI OUMAR TALL El Hadj Oumar est aussi un personnage de l\u00e9gende, dont s\u2019empara l\u2019imagination populaire :plusieurs r\u00e9cits merveilleux circul\u00e8rent et circulent encore \u00e0 son sujet. Au S\u00e9n\u00e9gal, El Hadj Oumar Tall est v\u00e9cu comme un r\u00e9sistant, au Mali, d\u2019apr\u00e8s David Robinson il serait v\u00e9cu comme l\u2019envahisseur qui fit le lit de la conqu\u00eate &hellip;<\/p>\n","protected":false},"author":1,"featured_media":0,"parent":0,"menu_order":0,"comment_status":"closed","ping_status":"closed","template":"","meta":{"footnotes":""},"class_list":["post-5966","page","type-page","status-publish","hentry"],"yoast_head":"<!-- This site is optimized with the Yoast SEO plugin v21.0 - https:\/\/yoast.com\/wordpress\/plugins\/seo\/ -->\n<title>R\u00e9sistants - Ambassade de Guin\u00e9e en Sierra L\u00e9one<\/title>\n<meta name=\"robots\" content=\"index, follow, max-snippet:-1, max-image-preview:large, max-video-preview:-1\" \/>\n<link rel=\"canonical\" href=\"https:\/\/sl.ambaguinee.org\/?page_id=5966\" \/>\n<meta property=\"og:locale\" content=\"fr_FR\" \/>\n<meta property=\"og:type\" content=\"article\" \/>\n<meta property=\"og:title\" content=\"R\u00e9sistants - Ambassade de Guin\u00e9e en Sierra L\u00e9one\" \/>\n<meta property=\"og:description\" content=\"EL HADJI OUMAR TALL El Hadj Oumar est aussi un personnage de l\u00e9gende, dont s\u2019empara l\u2019imagination populaire :plusieurs r\u00e9cits merveilleux circul\u00e8rent et circulent encore \u00e0 son sujet. Au S\u00e9n\u00e9gal, El Hadj Oumar Tall est v\u00e9cu comme un r\u00e9sistant, au Mali, d\u2019apr\u00e8s David Robinson il serait v\u00e9cu comme l\u2019envahisseur qui fit le lit de la conqu\u00eate &hellip;\" \/>\n<meta property=\"og:url\" content=\"https:\/\/sl.ambaguinee.org\/?page_id=5966\" \/>\n<meta property=\"og:site_name\" content=\"Ambassade de Guin\u00e9e en Sierra L\u00e9one\" \/>\n<meta property=\"article:publisher\" content=\"https:\/\/www.facebook.com\/ambaguiparis\" \/>\n<meta property=\"article:modified_time\" content=\"2021-05-02T01:10:40+00:00\" \/>\n<meta property=\"og:image\" content=\"https:\/\/sl.ambaguinee.org\/wp-content\/uploads\/2021\/05\/Elhadj-Omar-Tall.jpg\" \/>\n<meta name=\"twitter:card\" content=\"summary_large_image\" \/>\n<meta name=\"twitter:site\" content=\"@AmbaGnFrPtIl\" \/>\n<meta name=\"twitter:label1\" content=\"Dur\u00e9e de lecture estim\u00e9e\" \/>\n\t<meta name=\"twitter:data1\" content=\"2 minutes\" \/>\n<script type=\"application\/ld+json\" class=\"yoast-schema-graph\">{\"@context\":\"https:\/\/schema.org\",\"@graph\":[{\"@type\":\"WebPage\",\"@id\":\"https:\/\/sl.ambaguinee.org\/?page_id=5966\",\"url\":\"https:\/\/sl.ambaguinee.org\/?page_id=5966\",\"name\":\"R\u00e9sistants - Ambassade de Guin\u00e9e en Sierra L\u00e9one\",\"isPartOf\":{\"@id\":\"https:\/\/sl.ambaguinee.org\/#website\"},\"datePublished\":\"2021-05-02T01:06:38+00:00\",\"dateModified\":\"2021-05-02T01:10:40+00:00\",\"breadcrumb\":{\"@id\":\"https:\/\/sl.ambaguinee.org\/?page_id=5966#breadcrumb\"},\"inLanguage\":\"fr-FR\",\"potentialAction\":[{\"@type\":\"ReadAction\",\"target\":[\"https:\/\/sl.ambaguinee.org\/?page_id=5966\"]}]},{\"@type\":\"BreadcrumbList\",\"@id\":\"https:\/\/sl.ambaguinee.org\/?page_id=5966#breadcrumb\",\"itemListElement\":[{\"@type\":\"ListItem\",\"position\":1,\"name\":\"Accueil\",\"item\":\"https:\/\/sl.ambaguinee.org\/\"},{\"@type\":\"ListItem\",\"position\":2,\"name\":\"R\u00e9sistants\"}]},{\"@type\":\"WebSite\",\"@id\":\"https:\/\/sl.ambaguinee.org\/#website\",\"url\":\"https:\/\/sl.ambaguinee.org\/\",\"name\":\"Ambassade de Guin\u00e9e en Sierra L\u00e9one\",\"description\":\"Ambassade de Guin\u00e9e en Sierra L\u00e9one\",\"publisher\":{\"@id\":\"https:\/\/sl.ambaguinee.org\/#organization\"},\"potentialAction\":[{\"@type\":\"SearchAction\",\"target\":{\"@type\":\"EntryPoint\",\"urlTemplate\":\"https:\/\/sl.ambaguinee.org\/?s={search_term_string}\"},\"query-input\":\"required name=search_term_string\"}],\"inLanguage\":\"fr-FR\"},{\"@type\":\"Organization\",\"@id\":\"https:\/\/sl.ambaguinee.org\/#organization\",\"name\":\"Ambassade de la R\u00e9publique Guin\u00e9e en France\",\"url\":\"https:\/\/sl.ambaguinee.org\/\",\"logo\":{\"@type\":\"ImageObject\",\"inLanguage\":\"fr-FR\",\"@id\":\"https:\/\/sl.ambaguinee.org\/#\/schema\/logo\/image\/\",\"url\":\"https:\/\/sl.ambaguinee.org\/wp-content\/uploads\/2024\/06\/Logo-devise-Guinee-miniature.png\",\"contentUrl\":\"https:\/\/sl.ambaguinee.org\/wp-content\/uploads\/2024\/06\/Logo-devise-Guinee-miniature.png\",\"width\":170,\"height\":200,\"caption\":\"Ambassade de la R\u00e9publique Guin\u00e9e en France\"},\"image\":{\"@id\":\"https:\/\/sl.ambaguinee.org\/#\/schema\/logo\/image\/\"},\"sameAs\":[\"https:\/\/www.facebook.com\/ambaguiparis\",\"https:\/\/twitter.com\/AmbaGnFrPtIl\"]}]}<\/script>\n<!-- \/ Yoast SEO plugin. -->","yoast_head_json":{"title":"R\u00e9sistants - Ambassade de Guin\u00e9e en Sierra L\u00e9one","robots":{"index":"index","follow":"follow","max-snippet":"max-snippet:-1","max-image-preview":"max-image-preview:large","max-video-preview":"max-video-preview:-1"},"canonical":"https:\/\/sl.ambaguinee.org\/?page_id=5966","og_locale":"fr_FR","og_type":"article","og_title":"R\u00e9sistants - Ambassade de Guin\u00e9e en Sierra L\u00e9one","og_description":"EL HADJI OUMAR TALL El Hadj Oumar est aussi un personnage de l\u00e9gende, dont s\u2019empara l\u2019imagination populaire :plusieurs r\u00e9cits merveilleux circul\u00e8rent et circulent encore \u00e0 son sujet. Au S\u00e9n\u00e9gal, El Hadj Oumar Tall est v\u00e9cu comme un r\u00e9sistant, au Mali, d\u2019apr\u00e8s David Robinson il serait v\u00e9cu comme l\u2019envahisseur qui fit le lit de la conqu\u00eate &hellip;","og_url":"https:\/\/sl.ambaguinee.org\/?page_id=5966","og_site_name":"Ambassade de Guin\u00e9e en Sierra L\u00e9one","article_publisher":"https:\/\/www.facebook.com\/ambaguiparis","article_modified_time":"2021-05-02T01:10:40+00:00","og_image":[{"url":"https:\/\/sl.ambaguinee.org\/wp-content\/uploads\/2021\/05\/Elhadj-Omar-Tall.jpg"}],"twitter_card":"summary_large_image","twitter_site":"@AmbaGnFrPtIl","twitter_misc":{"Dur\u00e9e de lecture estim\u00e9e":"2 minutes"},"schema":{"@context":"https:\/\/schema.org","@graph":[{"@type":"WebPage","@id":"https:\/\/sl.ambaguinee.org\/?page_id=5966","url":"https:\/\/sl.ambaguinee.org\/?page_id=5966","name":"R\u00e9sistants - Ambassade de Guin\u00e9e en Sierra L\u00e9one","isPartOf":{"@id":"https:\/\/sl.ambaguinee.org\/#website"},"datePublished":"2021-05-02T01:06:38+00:00","dateModified":"2021-05-02T01:10:40+00:00","breadcrumb":{"@id":"https:\/\/sl.ambaguinee.org\/?page_id=5966#breadcrumb"},"inLanguage":"fr-FR","potentialAction":[{"@type":"ReadAction","target":["https:\/\/sl.ambaguinee.org\/?page_id=5966"]}]},{"@type":"BreadcrumbList","@id":"https:\/\/sl.ambaguinee.org\/?page_id=5966#breadcrumb","itemListElement":[{"@type":"ListItem","position":1,"name":"Accueil","item":"https:\/\/sl.ambaguinee.org\/"},{"@type":"ListItem","position":2,"name":"R\u00e9sistants"}]},{"@type":"WebSite","@id":"https:\/\/sl.ambaguinee.org\/#website","url":"https:\/\/sl.ambaguinee.org\/","name":"Ambassade de Guin\u00e9e en Sierra L\u00e9one","description":"Ambassade de Guin\u00e9e en Sierra L\u00e9one","publisher":{"@id":"https:\/\/sl.ambaguinee.org\/#organization"},"potentialAction":[{"@type":"SearchAction","target":{"@type":"EntryPoint","urlTemplate":"https:\/\/sl.ambaguinee.org\/?s={search_term_string}"},"query-input":"required name=search_term_string"}],"inLanguage":"fr-FR"},{"@type":"Organization","@id":"https:\/\/sl.ambaguinee.org\/#organization","name":"Ambassade de la R\u00e9publique Guin\u00e9e en France","url":"https:\/\/sl.ambaguinee.org\/","logo":{"@type":"ImageObject","inLanguage":"fr-FR","@id":"https:\/\/sl.ambaguinee.org\/#\/schema\/logo\/image\/","url":"https:\/\/sl.ambaguinee.org\/wp-content\/uploads\/2024\/06\/Logo-devise-Guinee-miniature.png","contentUrl":"https:\/\/sl.ambaguinee.org\/wp-content\/uploads\/2024\/06\/Logo-devise-Guinee-miniature.png","width":170,"height":200,"caption":"Ambassade de la R\u00e9publique Guin\u00e9e en France"},"image":{"@id":"https:\/\/sl.ambaguinee.org\/#\/schema\/logo\/image\/"},"sameAs":["https:\/\/www.facebook.com\/ambaguiparis","https:\/\/twitter.com\/AmbaGnFrPtIl"]}]}},"_links":{"self":[{"href":"https:\/\/sl.ambaguinee.org\/index.php?rest_route=\/wp\/v2\/pages\/5966","targetHints":{"allow":["GET"]}}],"collection":[{"href":"https:\/\/sl.ambaguinee.org\/index.php?rest_route=\/wp\/v2\/pages"}],"about":[{"href":"https:\/\/sl.ambaguinee.org\/index.php?rest_route=\/wp\/v2\/types\/page"}],"author":[{"embeddable":true,"href":"https:\/\/sl.ambaguinee.org\/index.php?rest_route=\/wp\/v2\/users\/1"}],"replies":[{"embeddable":true,"href":"https:\/\/sl.ambaguinee.org\/index.php?rest_route=%2Fwp%2Fv2%2Fcomments&post=5966"}],"version-history":[{"count":3,"href":"https:\/\/sl.ambaguinee.org\/index.php?rest_route=\/wp\/v2\/pages\/5966\/revisions"}],"predecessor-version":[{"id":5982,"href":"https:\/\/sl.ambaguinee.org\/index.php?rest_route=\/wp\/v2\/pages\/5966\/revisions\/5982"}],"wp:attachment":[{"href":"https:\/\/sl.ambaguinee.org\/index.php?rest_route=%2Fwp%2Fv2%2Fmedia&parent=5966"}],"curies":[{"name":"wp","href":"https:\/\/api.w.org\/{rel}","templated":true}]}}