{"id":5961,"date":"2021-05-02T02:56:53","date_gmt":"2021-05-02T00:56:53","guid":{"rendered":"https:\/\/sl.ambaguinee.org\/?page_id=5961"},"modified":"2021-05-02T02:56:53","modified_gmt":"2021-05-02T00:56:53","slug":"peche-aquaculture","status":"publish","type":"page","link":"https:\/\/sl.ambaguinee.org\/?page_id=5961","title":{"rendered":"P\u00eache &#038; aquaculture"},"content":{"rendered":"\n<p>P\u00caCHE &amp; AQUACULTURE<\/p>\n\n\n\n<p>Avec une fa\u00e7ade maritime longue de 350 km, un plateau continental d\u2019environ 56 000 km\u00b2, de nombreux estuaires et des for\u00eats de pal\u00e9tuviers, la Guin\u00e9e est une zone d\u2019activit\u00e9s biologiques intenses et de reproduction par excellence de poissons. Cependant, la productivit\u00e9 biologique naturelle de ses eaux jadis \u00e9valu\u00e9e \u00e0 5,1 t\/h et le potentiel halieutique, estim\u00e9 \u00e0 environ 250 000 tonnes par an, toutes esp\u00e8ces confondues ne font que chuter progressivement \u00e0 cause de la piraterie et des mauvaises pratiques de p\u00eache.<\/p>\n\n\n\n<p>Une \u00e9tude r\u00e9cente conduite par des ONG internationales de protection de la nature et de l\u2019environnement, a montr\u00e9 que le piratage des ressources halieutiques dans les eaux guin\u00e9ennes g\u00e9n\u00e8re un chiffre d\u2019affaires ill\u00e9gal d\u2019environ 110 Millions de dollars US par an au d\u00e9triment du Tr\u00e9sor public. Environ 35 000 tonnes de produits halieutiques (le tiers de la production) sont frauduleusement pr\u00e9lev\u00e9es chaque ann\u00e9e, par les pirates au pr\u00e9judice du pays.<\/p>\n\n\n\n<p>La piraterie ne se traduit pas seulement en termes de perte de recettes pour le Tr\u00e9sor Public, mais plus gravement encore en termes de destruction des \u00e9cosyst\u00e8mes marins, des zones de reproduction des poissons et la d\u00e9gradation de l\u2019environnement. Le gouvernement guin\u00e9en, avec l\u2019appui de l\u2019Union europ\u00e9enne, travaille au renforcement de la surveillance c\u00f4ti\u00e8re par l\u2019acquisition de vedettes d\u2019intervention.<\/p>\n\n\n\n<p>La contribution directe de la P\u00eache \u00e0 l\u2019\u00e9conomie nationale : recettes non fiscales (compensations des accords de p\u00eache, vente de licences \u00e0 des armateurs priv\u00e9s, taxes diverses) est estim\u00e9e \u00e0 2 % des recettes non fiscales. Elle reste d\u00e9risoire par rapport au potentiel qu\u2019aurait g\u00e9n\u00e9r\u00e9 ce secteur s\u2019il \u00e9tait bien g\u00e9r\u00e9.<\/p>\n\n\n\n<p>Deux types de p\u00eaches se pratiquent en Guin\u00e9e : la p\u00eache artisanale et la p\u00eache industrielle. La p\u00eache artisanale compte environ 2500 barques motoris\u00e9es r\u00e9parties dans 120 ports de d\u00e9barquement le long du littoral et dans les \u00eeles. Elle d\u00e9barque annuellement 70 000 tonnes de poisson repr\u00e9sentant 60% des captures toutes esp\u00e8ces confondues pour le march\u00e9 local et les unit\u00e9s de traitement pour l\u2019exportation. Le nombre de personnes exer\u00e7ant la profession de p\u00eacheur artisan est \u00e9tabli autour de 80 000. Ils feraient vivre environ un million de personnes soit 10% de la population.<\/p>\n\n\n\n<p>La p\u00eache industrielle est exclusivement pratiqu\u00e9e par des navires \u00e9trangers. Environ 140 navires essentiellement des chalutiers de fond battant diff\u00e9rents pavillons p\u00eachent officiellement chaque ann\u00e9e dans les eaux guin\u00e9ennes moyennant l\u2019achat de licences de p\u00eache. La production d\u00e9barqu\u00e9e par cette flotte pour la consommation int\u00e9rieure ne serait que de 15 000 tonnes\/ an le reste \u00e9tant destin\u00e9 \u00e0 l\u2019exportation. La faiblesse des quotas d\u00e9barqu\u00e9s explique en partie la raret\u00e9 du poisson sur les march\u00e9s locaux.<\/p>\n\n\n\n<p>L\u2019aquaculture, quant \u00e0 elle est peu d\u00e9velopp\u00e9e en Guin\u00e9e, malgr\u00e9 la richesse du r\u00e9seau hydrographique et la pluviom\u00e9trie importante. Cependant, elle commence \u00e0 prendre progressivement forme en Guin\u00e9e Foresti\u00e8re et en Haute guin\u00e9e gr\u00e2ce \u00e0 des projets pilotes financ\u00e9s par le Japon, l\u2019AFD et la BAD.<\/p>\n","protected":false},"excerpt":{"rendered":"<p>P\u00caCHE &amp; AQUACULTURE Avec une fa\u00e7ade maritime longue de 350 km, un plateau continental d\u2019environ 56 000 km\u00b2, de nombreux estuaires et des for\u00eats de pal\u00e9tuviers, la Guin\u00e9e est une zone d\u2019activit\u00e9s biologiques intenses et de reproduction par excellence de poissons. Cependant, la productivit\u00e9 biologique naturelle de ses eaux jadis \u00e9valu\u00e9e \u00e0 5,1 t\/h et &hellip;<\/p>\n","protected":false},"author":1,"featured_media":0,"parent":0,"menu_order":0,"comment_status":"closed","ping_status":"closed","template":"","meta":{"footnotes":""},"class_list":["post-5961","page","type-page","status-publish","hentry"],"yoast_head":"<!-- This site is optimized with the Yoast SEO plugin v21.0 - https:\/\/yoast.com\/wordpress\/plugins\/seo\/ -->\n<title>P\u00eache &amp; aquaculture - Ambassade de Guin\u00e9e en Sierra L\u00e9one<\/title>\n<meta name=\"robots\" content=\"index, follow, max-snippet:-1, max-image-preview:large, max-video-preview:-1\" \/>\n<link rel=\"canonical\" href=\"https:\/\/sl.ambaguinee.org\/?page_id=5961\" \/>\n<meta property=\"og:locale\" content=\"fr_FR\" \/>\n<meta property=\"og:type\" content=\"article\" \/>\n<meta property=\"og:title\" content=\"P\u00eache &amp; aquaculture - Ambassade de Guin\u00e9e en Sierra L\u00e9one\" \/>\n<meta property=\"og:description\" content=\"P\u00caCHE &amp; AQUACULTURE Avec une fa\u00e7ade maritime longue de 350 km, un plateau continental d\u2019environ 56 000 km\u00b2, de nombreux estuaires et des for\u00eats de pal\u00e9tuviers, la Guin\u00e9e est une zone d\u2019activit\u00e9s biologiques intenses et de reproduction par excellence de poissons. Cependant, la productivit\u00e9 biologique naturelle de ses eaux jadis \u00e9valu\u00e9e \u00e0 5,1 t\/h et &hellip;\" \/>\n<meta property=\"og:url\" content=\"https:\/\/sl.ambaguinee.org\/?page_id=5961\" \/>\n<meta property=\"og:site_name\" content=\"Ambassade de Guin\u00e9e en Sierra L\u00e9one\" \/>\n<meta property=\"article:publisher\" content=\"https:\/\/www.facebook.com\/ambaguiparis\" \/>\n<meta name=\"twitter:card\" content=\"summary_large_image\" \/>\n<meta name=\"twitter:site\" content=\"@AmbaGnFrPtIl\" \/>\n<meta name=\"twitter:label1\" content=\"Dur\u00e9e de lecture estim\u00e9e\" \/>\n\t<meta name=\"twitter:data1\" content=\"3 minutes\" \/>\n<script type=\"application\/ld+json\" class=\"yoast-schema-graph\">{\"@context\":\"https:\/\/schema.org\",\"@graph\":[{\"@type\":\"WebPage\",\"@id\":\"https:\/\/sl.ambaguinee.org\/?page_id=5961\",\"url\":\"https:\/\/sl.ambaguinee.org\/?page_id=5961\",\"name\":\"P\u00eache & aquaculture - Ambassade de Guin\u00e9e en Sierra L\u00e9one\",\"isPartOf\":{\"@id\":\"https:\/\/sl.ambaguinee.org\/#website\"},\"datePublished\":\"2021-05-02T00:56:53+00:00\",\"dateModified\":\"2021-05-02T00:56:53+00:00\",\"breadcrumb\":{\"@id\":\"https:\/\/sl.ambaguinee.org\/?page_id=5961#breadcrumb\"},\"inLanguage\":\"fr-FR\",\"potentialAction\":[{\"@type\":\"ReadAction\",\"target\":[\"https:\/\/sl.ambaguinee.org\/?page_id=5961\"]}]},{\"@type\":\"BreadcrumbList\",\"@id\":\"https:\/\/sl.ambaguinee.org\/?page_id=5961#breadcrumb\",\"itemListElement\":[{\"@type\":\"ListItem\",\"position\":1,\"name\":\"Accueil\",\"item\":\"https:\/\/sl.ambaguinee.org\/\"},{\"@type\":\"ListItem\",\"position\":2,\"name\":\"P\u00eache &#038; aquaculture\"}]},{\"@type\":\"WebSite\",\"@id\":\"https:\/\/sl.ambaguinee.org\/#website\",\"url\":\"https:\/\/sl.ambaguinee.org\/\",\"name\":\"Ambassade de Guin\u00e9e en Sierra L\u00e9one\",\"description\":\"Ambassade de Guin\u00e9e en Sierra L\u00e9one\",\"publisher\":{\"@id\":\"https:\/\/sl.ambaguinee.org\/#organization\"},\"potentialAction\":[{\"@type\":\"SearchAction\",\"target\":{\"@type\":\"EntryPoint\",\"urlTemplate\":\"https:\/\/sl.ambaguinee.org\/?s={search_term_string}\"},\"query-input\":\"required name=search_term_string\"}],\"inLanguage\":\"fr-FR\"},{\"@type\":\"Organization\",\"@id\":\"https:\/\/sl.ambaguinee.org\/#organization\",\"name\":\"Ambassade de la R\u00e9publique Guin\u00e9e en France\",\"url\":\"https:\/\/sl.ambaguinee.org\/\",\"logo\":{\"@type\":\"ImageObject\",\"inLanguage\":\"fr-FR\",\"@id\":\"https:\/\/sl.ambaguinee.org\/#\/schema\/logo\/image\/\",\"url\":\"https:\/\/sl.ambaguinee.org\/wp-content\/uploads\/2024\/06\/Logo-devise-Guinee-miniature.png\",\"contentUrl\":\"https:\/\/sl.ambaguinee.org\/wp-content\/uploads\/2024\/06\/Logo-devise-Guinee-miniature.png\",\"width\":170,\"height\":200,\"caption\":\"Ambassade de la R\u00e9publique Guin\u00e9e en France\"},\"image\":{\"@id\":\"https:\/\/sl.ambaguinee.org\/#\/schema\/logo\/image\/\"},\"sameAs\":[\"https:\/\/www.facebook.com\/ambaguiparis\",\"https:\/\/twitter.com\/AmbaGnFrPtIl\"]}]}<\/script>\n<!-- \/ Yoast SEO plugin. -->","yoast_head_json":{"title":"P\u00eache & aquaculture - Ambassade de Guin\u00e9e en Sierra L\u00e9one","robots":{"index":"index","follow":"follow","max-snippet":"max-snippet:-1","max-image-preview":"max-image-preview:large","max-video-preview":"max-video-preview:-1"},"canonical":"https:\/\/sl.ambaguinee.org\/?page_id=5961","og_locale":"fr_FR","og_type":"article","og_title":"P\u00eache & aquaculture - Ambassade de Guin\u00e9e en Sierra L\u00e9one","og_description":"P\u00caCHE &amp; AQUACULTURE Avec une fa\u00e7ade maritime longue de 350 km, un plateau continental d\u2019environ 56 000 km\u00b2, de nombreux estuaires et des for\u00eats de pal\u00e9tuviers, la Guin\u00e9e est une zone d\u2019activit\u00e9s biologiques intenses et de reproduction par excellence de poissons. Cependant, la productivit\u00e9 biologique naturelle de ses eaux jadis \u00e9valu\u00e9e \u00e0 5,1 t\/h et &hellip;","og_url":"https:\/\/sl.ambaguinee.org\/?page_id=5961","og_site_name":"Ambassade de Guin\u00e9e en Sierra L\u00e9one","article_publisher":"https:\/\/www.facebook.com\/ambaguiparis","twitter_card":"summary_large_image","twitter_site":"@AmbaGnFrPtIl","twitter_misc":{"Dur\u00e9e de lecture estim\u00e9e":"3 minutes"},"schema":{"@context":"https:\/\/schema.org","@graph":[{"@type":"WebPage","@id":"https:\/\/sl.ambaguinee.org\/?page_id=5961","url":"https:\/\/sl.ambaguinee.org\/?page_id=5961","name":"P\u00eache & aquaculture - Ambassade de Guin\u00e9e en Sierra L\u00e9one","isPartOf":{"@id":"https:\/\/sl.ambaguinee.org\/#website"},"datePublished":"2021-05-02T00:56:53+00:00","dateModified":"2021-05-02T00:56:53+00:00","breadcrumb":{"@id":"https:\/\/sl.ambaguinee.org\/?page_id=5961#breadcrumb"},"inLanguage":"fr-FR","potentialAction":[{"@type":"ReadAction","target":["https:\/\/sl.ambaguinee.org\/?page_id=5961"]}]},{"@type":"BreadcrumbList","@id":"https:\/\/sl.ambaguinee.org\/?page_id=5961#breadcrumb","itemListElement":[{"@type":"ListItem","position":1,"name":"Accueil","item":"https:\/\/sl.ambaguinee.org\/"},{"@type":"ListItem","position":2,"name":"P\u00eache &#038; aquaculture"}]},{"@type":"WebSite","@id":"https:\/\/sl.ambaguinee.org\/#website","url":"https:\/\/sl.ambaguinee.org\/","name":"Ambassade de Guin\u00e9e en Sierra L\u00e9one","description":"Ambassade de Guin\u00e9e en Sierra L\u00e9one","publisher":{"@id":"https:\/\/sl.ambaguinee.org\/#organization"},"potentialAction":[{"@type":"SearchAction","target":{"@type":"EntryPoint","urlTemplate":"https:\/\/sl.ambaguinee.org\/?s={search_term_string}"},"query-input":"required name=search_term_string"}],"inLanguage":"fr-FR"},{"@type":"Organization","@id":"https:\/\/sl.ambaguinee.org\/#organization","name":"Ambassade de la R\u00e9publique Guin\u00e9e en France","url":"https:\/\/sl.ambaguinee.org\/","logo":{"@type":"ImageObject","inLanguage":"fr-FR","@id":"https:\/\/sl.ambaguinee.org\/#\/schema\/logo\/image\/","url":"https:\/\/sl.ambaguinee.org\/wp-content\/uploads\/2024\/06\/Logo-devise-Guinee-miniature.png","contentUrl":"https:\/\/sl.ambaguinee.org\/wp-content\/uploads\/2024\/06\/Logo-devise-Guinee-miniature.png","width":170,"height":200,"caption":"Ambassade de la R\u00e9publique Guin\u00e9e en France"},"image":{"@id":"https:\/\/sl.ambaguinee.org\/#\/schema\/logo\/image\/"},"sameAs":["https:\/\/www.facebook.com\/ambaguiparis","https:\/\/twitter.com\/AmbaGnFrPtIl"]}]}},"_links":{"self":[{"href":"https:\/\/sl.ambaguinee.org\/index.php?rest_route=\/wp\/v2\/pages\/5961","targetHints":{"allow":["GET"]}}],"collection":[{"href":"https:\/\/sl.ambaguinee.org\/index.php?rest_route=\/wp\/v2\/pages"}],"about":[{"href":"https:\/\/sl.ambaguinee.org\/index.php?rest_route=\/wp\/v2\/types\/page"}],"author":[{"embeddable":true,"href":"https:\/\/sl.ambaguinee.org\/index.php?rest_route=\/wp\/v2\/users\/1"}],"replies":[{"embeddable":true,"href":"https:\/\/sl.ambaguinee.org\/index.php?rest_route=%2Fwp%2Fv2%2Fcomments&post=5961"}],"version-history":[{"count":1,"href":"https:\/\/sl.ambaguinee.org\/index.php?rest_route=\/wp\/v2\/pages\/5961\/revisions"}],"predecessor-version":[{"id":5962,"href":"https:\/\/sl.ambaguinee.org\/index.php?rest_route=\/wp\/v2\/pages\/5961\/revisions\/5962"}],"wp:attachment":[{"href":"https:\/\/sl.ambaguinee.org\/index.php?rest_route=%2Fwp%2Fv2%2Fmedia&parent=5961"}],"curies":[{"name":"wp","href":"https:\/\/api.w.org\/{rel}","templated":true}]}}