{"id":5958,"date":"2021-05-02T02:55:24","date_gmt":"2021-05-02T00:55:24","guid":{"rendered":"https:\/\/sl.ambaguinee.org\/?page_id=5958"},"modified":"2021-05-02T02:55:24","modified_gmt":"2021-05-02T00:55:24","slug":"industrie-commerce","status":"publish","type":"page","link":"https:\/\/sl.ambaguinee.org\/?page_id=5958","title":{"rendered":"Industrie &#038; commerce"},"content":{"rendered":"\n<p><strong>COMMERCE<\/strong><\/p>\n\n\n\n<p><strong>&nbsp; &nbsp;1 \u2013 Mission :<\/strong><\/p>\n\n\n\n<p>Le Minist\u00e8re du Commerce a pour mission, la conception, l\u2019\u00e9laboration et la mise en \u0153uvre de la politique du Gouvernement dans le domaine du commerce.<br>A ce titre, il est particuli\u00e8rement charg\u00e9:<\/p>\n\n\n\n<ul class=\"wp-block-list\"><li>De concevoir et d\u2019\u00e9laborer les textes l\u00e9gislatifs et r\u00e9glementaires aff\u00e9rents au Commerce et \u00e0 la comp\u00e9titivit\u00e9 et de veiller \u00e0 leur application&nbsp;;<\/li><li>De concevoir, d\u2019\u00e9laborer et de mettre en \u0153uvre les strat\u00e9gies de promotion et de d\u00e9veloppement des exportations&nbsp;;<\/li><li>De concevoir, d\u2019\u00e9laborer et de mettre en \u0153uvre la politique du Gouvernement en mati\u00e8re de concurrence, de prix, des poids, de contr\u00f4le de qualit\u00e9, des poids et mesures&nbsp;;<\/li><li>De d\u00e9finir les proc\u00e9dures en mati\u00e8re de commercialisation des biens et services et de veiller \u00e0 leur application&nbsp;;<\/li><li>De contribuer \u00e0 la promotion du secteur priv\u00e9 dans le domaine du commerce;<\/li><li>De promouvoir les investissements pour le d\u00e9veloppement du secteur du commerce;<\/li><li>De d\u00e9finir la proc\u00e9dure d\u2019autorisation de la mise \u00e0 la consommation des biens et services et de veiller \u00e0 son application;<\/li><li>De contribuer \u00e0 l\u2019application de la l\u00e9gislation et de la r\u00e9glementation environnementale dans le secteur du commerce;<\/li><li>De prendre part aux n\u00e9gociations relatives aux acquisitions, cessions partielles ou totales des participations de l\u2019Etat;<\/li><li>D\u2019assurer la tutelle administrative de la Chambre de Commerce, d\u2019Industrie et d\u2019Artisanat de Guin\u00e9e;<\/li><li>De mettre en \u0153uvre la r\u00e9glementation en mati\u00e8re d\u2019implantation commerciale des march\u00e9s d\u2019int\u00e9r\u00eat national ou r\u00e9gional, des march\u00e9s de d\u00e9tail, des march\u00e9s sp\u00e9cialis\u00e9s, des magasins g\u00e9n\u00e9raux et des supermarch\u00e9s&nbsp;;<\/li><li>De d\u00e9velopper et de renforcer les relations avec les institutions sp\u00e9cialis\u00e9es intervenants dans le secteur du commerce&nbsp;;<\/li><li>De concourir \u00e0 l\u2019\u00e9laboration de strat\u00e9gies nationales de rattrapage des d\u00e9ficits de capacit\u00e9s identifi\u00e9s comme frein \u00e0 la croissance \u00e9conomique et \u00e0 la comp\u00e9titivit\u00e9&nbsp;;<\/li><li>De promouvoir l\u2019exportation des produits guin\u00e9ens et de veiller \u00e0 l\u2019approvisionnement du march\u00e9 national en biens de premi\u00e8re n\u00e9cessit\u00e9 et en produits strat\u00e9giques par la prise de mesures appropri\u00e9es&nbsp;;<\/li><li>De promouvoir une \u00e9conomie performante dans le cadre de la mondialisation, notamment de la comptabilit\u00e9 des politiques avec l\u2019imp\u00e9ratif de comp\u00e9titivit\u00e9&nbsp;;<\/li><li>De participer aux n\u00e9gociations internationales \u00e0 l\u2019\u00e9laboration et \u00e0 la mise en \u0153uvre des recommandations, des accords et conventions bi et multilat\u00e9raux dans les domaines de sa comp\u00e9tence;<\/li><li>De promouvoir le genre et l\u2019\u00e9quit\u00e9 dans les activit\u00e9s du secteur.<\/li><\/ul>\n\n\n\n<p><strong>&nbsp; &nbsp;2 \u2013 Situation actuelle<\/strong><\/p>\n\n\n\n<p>La loi L94\/40\/CTRN du 28 d\u00e9cembre 1994 fixe la r\u00e9glementation de la concurrence et de la&nbsp;&nbsp;libert\u00e9 des prix.<br>Les reformes&nbsp;&nbsp;ont permis de redynamiser l\u2019environnement commercial. Les actions ont \u00e9t\u00e9 ax\u00e9es sur le renforcement et la diversification des secteurs cl\u00e9s \u00e0 l\u2019exportation et la facilitation des proc\u00e9dures commerciales. Les acteurs du commerce attendent beaucoup de l\u2019am\u00e9lioration du climat des affaires, de la transparence des lois, des r\u00e8glements et des proc\u00e9dures qui encadrent le commerce ext\u00e9rieur.<br>La Guin\u00e9e reste fortement d\u00e9pendante pour couvrir les besoins nationaux en riz d\u00fb entre autres&nbsp;&nbsp;au faible rendement des terres cultiv\u00e9s.<br>Les principales&nbsp;&nbsp;fili\u00e8res \u00e0 l\u2019exportation en dehors des produits miniers sont : caf\u00e9, cacao, caoutchouc, cajou, ananas, fonio et les produits halieutiques.<br>La majorit\u00e9 des produits import\u00e9s sont des machines et \u00e9quipements.<br>Les principaux partenaires sont respectivement&nbsp;&nbsp;l\u2019UE, les USA, les pays d\u2019Asie notamment la Chine, le Pakistan, l\u2019Inde et le Vietnam.<\/p>\n\n\n\n<p><strong>&nbsp; &nbsp; 3 \u2013 Avantages concurrentiels<\/strong><\/p>\n\n\n\n<p>Les avantages concurrentiels sont&nbsp;:<\/p>\n\n\n\n<ul class=\"wp-block-list\"><li>Les pr\u00e9f\u00e9rences commerciales dont b\u00e9n\u00e9ficies la Guin\u00e9e \u00e0 savoir l\u2019AGOA, l\u2019Initiative tout sauf les armes (TSA), les pr\u00e9f\u00e9rences bilat\u00e9rales du Maroc;<\/li><li>Le Programme du Cadre Int\u00e9gr\u00e9 Renforc\u00e9 (CIR) qui a permis de mettre \u00e0 jour l\u2019\u00e9tude diagnostic d\u2019int\u00e9gration du commerce (EDIC) 2003 de la Guin\u00e9e;&nbsp;<\/li><li>L\u2019Accord de facilitation des \u00e9changes de l\u2019Organisation Mondiale du Commerce (OMC);<\/li><li>Le Sch\u00e9ma de lib\u00e9ralisation des \u00e9changes (SLE) de la CEDEAO, les Entreprises guin\u00e9ennes agr\u00e9\u00e9es au sch\u00e9ma de lib\u00e9ralisation;<\/li><li>Renforcement des capacit\u00e9s des acteurs des fili\u00e8res d\u2019exportations;<\/li><li>Projet de Renforcement de la capacit\u00e9 Op\u00e9rationnelle de l\u2019Office National de Contr\u00f4le de Qualit\u00e9 et Les perspectives de r\u00e9vision des textes juridiques.<\/li><\/ul>\n\n\n\n<p><strong>&nbsp; &nbsp;4 \u2013 Opportunit\u00e9s en Bref<\/strong><\/p>\n\n\n\n<p>Le D\u00e9partement du Commerce est un D\u00e9partement transversal. Ce qui implique que toutes les activit\u00e9s des autres d\u00e9partements contribuent \u00e0 cr\u00e9er un environnement favorable au d\u00e9veloppement du commerce. L\u2019am\u00e9lioration de la fourniture d\u2019\u00e9nergie \u00e9lectrique, la cr\u00e9ation d\u2019infrastructures modernes (routes, h\u00f4tels)&nbsp;&nbsp;et l\u2019installation de la fibre optique par le gouvernement ont permis le d\u00e9veloppement et la modernisation du commerce.<\/p>\n\n\n\n<p><strong>&nbsp; &nbsp;5 \u2013 Les projets prioritaires&nbsp;<\/strong><\/p>\n\n\n\n<ul class=\"wp-block-list\"><li>Projet de Renforcement de la capacit\u00e9 Op\u00e9rationnelle de l\u2019Office National de Contr\u00f4le de Qualit\u00e9 (Projet de la Cat\u00e9gorie 2 du Cadre Int\u00e9gr\u00e9 Renforc\u00e9(CIR)).<\/li><li>Appui au D\u00e9veloppement et \u00e0 la Commercialisation des Produits des Fili\u00e8res Arachide, Palmier \u00e0 Huile et H\u00e9v\u00e9a en Guin\u00e9e.<\/li><li>D\u00e9veloppement des Chaines de valeurs des fili\u00e8res agricoles en R\u00e9publique de Guin\u00e9e.<\/li><li>Appui \u00e0 la Valorisation et la Commercialisation des produits de la fili\u00e8re anacarde en Guin\u00e9e.&nbsp;<\/li><li>Construction de March\u00e9s Modernes.<\/li><\/ul>\n\n\n\n<p><strong>ENERGIE<\/strong><\/p>\n\n\n\n<p><strong>Le Projet Hydro\u00e9lectrique de KALETA<\/strong>&nbsp;Le Projet Hydro\u00e9lectrique de Kal\u00e9ta s\u2019inscrit dans le cadre d\u2019un Programme d\u2019Int\u00e9gration \u00c9nerg\u00e9tique sous-r\u00e9gionale appel\u00e9 OMVG. Malgr\u00e9 la fin des \u00e9tudes enregistr\u00e9es en 2006, la r\u00e9alisation n\u2019a pu \u00eatre faite, faute de financement.<\/p>\n\n\n\n<p>Dans ses promesses de campagne, le Pr\u00e9sident Alpha CONDE a pris l\u2019engagement de r\u00e9soudre d\u00e9finitivement le probl\u00e8me d\u2019\u00e9lectricit\u00e9 en Guin\u00e9e au cours de son premier quinquennat, par la construction d\u2019une Centrale Hydro\u00e9lectrique, \u00e0 Kal\u00e9ta (construction d\u2019un barrage ; construction d\u2019un \u00e9vacuateur de crue ; construction d\u2019une usine de&nbsp;<strong>240,5 MW<\/strong>&nbsp;; construction d\u2019une ligne a\u00e9rienne de transport de&nbsp;<strong>225 KV<\/strong>&nbsp;sur une distance de&nbsp;<strong>146 km<\/strong>, reliant la Centrale aux diff\u00e9rents postes d\u2019interconnexion ; construction et bitumage de 70 km de route et \u00e9lectrification des villages environnants).<\/p>\n\n\n\n<p>Conform\u00e9ment aux engagements du Pr\u00e9sident, les travaux ont d\u00e9marr\u00e9 le 4 avril 2012, et dureront 48 mois. Les travaux seront r\u00e9alis\u00e9s par la soci\u00e9t\u00e9 chinoise CWE pour un co\u00fbt hors taxes de 446 Millions de US$ couvrant les composantes suivantes: construction d\u2019un barrage ; construction d\u2019un \u00e9vacuateur de crue ; construction d\u2019une usine de&nbsp;<strong>240,5 MW<\/strong>&nbsp;; construction d\u2019une ligne a\u00e9rienne de transport de&nbsp;<strong>225 KV<\/strong>&nbsp;sur une distance de 146 km, reliant la Centrale aux diff\u00e9rents postes d\u2019interconnexion ; construction et bitumage de 70 km de route ; et \u00e9lectrification des villages environnants. Les travaux ont d\u00e9marr\u00e9 le&nbsp;<strong>4 avril 2012<\/strong>&nbsp;pour une dur\u00e9e de&nbsp;<strong>48 mois.<\/strong><\/p>\n","protected":false},"excerpt":{"rendered":"<p>COMMERCE &nbsp; &nbsp;1 \u2013 Mission : Le Minist\u00e8re du Commerce a pour mission, la conception, l\u2019\u00e9laboration et la mise en \u0153uvre de la politique du Gouvernement dans le domaine du commerce.A ce titre, il est particuli\u00e8rement charg\u00e9: De concevoir et d\u2019\u00e9laborer les textes l\u00e9gislatifs et r\u00e9glementaires aff\u00e9rents au Commerce et \u00e0 la comp\u00e9titivit\u00e9 et de &hellip;<\/p>\n","protected":false},"author":1,"featured_media":0,"parent":0,"menu_order":0,"comment_status":"closed","ping_status":"closed","template":"","meta":{"footnotes":""},"class_list":["post-5958","page","type-page","status-publish","hentry"],"yoast_head":"<!-- This site is optimized with the Yoast SEO plugin v21.0 - https:\/\/yoast.com\/wordpress\/plugins\/seo\/ -->\n<title>Industrie &amp; commerce - Ambassade de Guin\u00e9e en Sierra L\u00e9one<\/title>\n<meta name=\"robots\" content=\"index, follow, max-snippet:-1, max-image-preview:large, max-video-preview:-1\" \/>\n<link rel=\"canonical\" href=\"https:\/\/sl.ambaguinee.org\/?page_id=5958\" \/>\n<meta property=\"og:locale\" content=\"fr_FR\" \/>\n<meta property=\"og:type\" content=\"article\" \/>\n<meta property=\"og:title\" content=\"Industrie &amp; commerce - Ambassade de Guin\u00e9e en Sierra L\u00e9one\" \/>\n<meta property=\"og:description\" content=\"COMMERCE &nbsp; &nbsp;1 \u2013 Mission : Le Minist\u00e8re du Commerce a pour mission, la conception, l\u2019\u00e9laboration et la mise en \u0153uvre de la politique du Gouvernement dans le domaine du commerce.A ce titre, il est particuli\u00e8rement charg\u00e9: De concevoir et d\u2019\u00e9laborer les textes l\u00e9gislatifs et r\u00e9glementaires aff\u00e9rents au Commerce et \u00e0 la comp\u00e9titivit\u00e9 et de &hellip;\" \/>\n<meta property=\"og:url\" content=\"https:\/\/sl.ambaguinee.org\/?page_id=5958\" \/>\n<meta property=\"og:site_name\" content=\"Ambassade de Guin\u00e9e en Sierra L\u00e9one\" \/>\n<meta property=\"article:publisher\" content=\"https:\/\/www.facebook.com\/ambaguiparis\" \/>\n<meta name=\"twitter:card\" content=\"summary_large_image\" \/>\n<meta name=\"twitter:site\" content=\"@AmbaGnFrPtIl\" \/>\n<meta name=\"twitter:label1\" content=\"Dur\u00e9e de lecture estim\u00e9e\" \/>\n\t<meta name=\"twitter:data1\" content=\"6 minutes\" \/>\n<script type=\"application\/ld+json\" class=\"yoast-schema-graph\">{\"@context\":\"https:\/\/schema.org\",\"@graph\":[{\"@type\":\"WebPage\",\"@id\":\"https:\/\/sl.ambaguinee.org\/?page_id=5958\",\"url\":\"https:\/\/sl.ambaguinee.org\/?page_id=5958\",\"name\":\"Industrie & commerce - Ambassade de Guin\u00e9e en Sierra L\u00e9one\",\"isPartOf\":{\"@id\":\"https:\/\/sl.ambaguinee.org\/#website\"},\"datePublished\":\"2021-05-02T00:55:24+00:00\",\"dateModified\":\"2021-05-02T00:55:24+00:00\",\"breadcrumb\":{\"@id\":\"https:\/\/sl.ambaguinee.org\/?page_id=5958#breadcrumb\"},\"inLanguage\":\"fr-FR\",\"potentialAction\":[{\"@type\":\"ReadAction\",\"target\":[\"https:\/\/sl.ambaguinee.org\/?page_id=5958\"]}]},{\"@type\":\"BreadcrumbList\",\"@id\":\"https:\/\/sl.ambaguinee.org\/?page_id=5958#breadcrumb\",\"itemListElement\":[{\"@type\":\"ListItem\",\"position\":1,\"name\":\"Accueil\",\"item\":\"https:\/\/sl.ambaguinee.org\/\"},{\"@type\":\"ListItem\",\"position\":2,\"name\":\"Industrie &#038; commerce\"}]},{\"@type\":\"WebSite\",\"@id\":\"https:\/\/sl.ambaguinee.org\/#website\",\"url\":\"https:\/\/sl.ambaguinee.org\/\",\"name\":\"Ambassade de Guin\u00e9e en Sierra L\u00e9one\",\"description\":\"Ambassade de Guin\u00e9e en Sierra L\u00e9one\",\"publisher\":{\"@id\":\"https:\/\/sl.ambaguinee.org\/#organization\"},\"potentialAction\":[{\"@type\":\"SearchAction\",\"target\":{\"@type\":\"EntryPoint\",\"urlTemplate\":\"https:\/\/sl.ambaguinee.org\/?s={search_term_string}\"},\"query-input\":\"required name=search_term_string\"}],\"inLanguage\":\"fr-FR\"},{\"@type\":\"Organization\",\"@id\":\"https:\/\/sl.ambaguinee.org\/#organization\",\"name\":\"Ambassade de la R\u00e9publique Guin\u00e9e en France\",\"url\":\"https:\/\/sl.ambaguinee.org\/\",\"logo\":{\"@type\":\"ImageObject\",\"inLanguage\":\"fr-FR\",\"@id\":\"https:\/\/sl.ambaguinee.org\/#\/schema\/logo\/image\/\",\"url\":\"https:\/\/sl.ambaguinee.org\/wp-content\/uploads\/2024\/06\/Logo-devise-Guinee-miniature.png\",\"contentUrl\":\"https:\/\/sl.ambaguinee.org\/wp-content\/uploads\/2024\/06\/Logo-devise-Guinee-miniature.png\",\"width\":170,\"height\":200,\"caption\":\"Ambassade de la R\u00e9publique Guin\u00e9e en France\"},\"image\":{\"@id\":\"https:\/\/sl.ambaguinee.org\/#\/schema\/logo\/image\/\"},\"sameAs\":[\"https:\/\/www.facebook.com\/ambaguiparis\",\"https:\/\/twitter.com\/AmbaGnFrPtIl\"]}]}<\/script>\n<!-- \/ Yoast SEO plugin. -->","yoast_head_json":{"title":"Industrie & commerce - Ambassade de Guin\u00e9e en Sierra L\u00e9one","robots":{"index":"index","follow":"follow","max-snippet":"max-snippet:-1","max-image-preview":"max-image-preview:large","max-video-preview":"max-video-preview:-1"},"canonical":"https:\/\/sl.ambaguinee.org\/?page_id=5958","og_locale":"fr_FR","og_type":"article","og_title":"Industrie & commerce - Ambassade de Guin\u00e9e en Sierra L\u00e9one","og_description":"COMMERCE &nbsp; &nbsp;1 \u2013 Mission : Le Minist\u00e8re du Commerce a pour mission, la conception, l\u2019\u00e9laboration et la mise en \u0153uvre de la politique du Gouvernement dans le domaine du commerce.A ce titre, il est particuli\u00e8rement charg\u00e9: De concevoir et d\u2019\u00e9laborer les textes l\u00e9gislatifs et r\u00e9glementaires aff\u00e9rents au Commerce et \u00e0 la comp\u00e9titivit\u00e9 et de &hellip;","og_url":"https:\/\/sl.ambaguinee.org\/?page_id=5958","og_site_name":"Ambassade de Guin\u00e9e en Sierra L\u00e9one","article_publisher":"https:\/\/www.facebook.com\/ambaguiparis","twitter_card":"summary_large_image","twitter_site":"@AmbaGnFrPtIl","twitter_misc":{"Dur\u00e9e de lecture estim\u00e9e":"6 minutes"},"schema":{"@context":"https:\/\/schema.org","@graph":[{"@type":"WebPage","@id":"https:\/\/sl.ambaguinee.org\/?page_id=5958","url":"https:\/\/sl.ambaguinee.org\/?page_id=5958","name":"Industrie & commerce - Ambassade de Guin\u00e9e en Sierra L\u00e9one","isPartOf":{"@id":"https:\/\/sl.ambaguinee.org\/#website"},"datePublished":"2021-05-02T00:55:24+00:00","dateModified":"2021-05-02T00:55:24+00:00","breadcrumb":{"@id":"https:\/\/sl.ambaguinee.org\/?page_id=5958#breadcrumb"},"inLanguage":"fr-FR","potentialAction":[{"@type":"ReadAction","target":["https:\/\/sl.ambaguinee.org\/?page_id=5958"]}]},{"@type":"BreadcrumbList","@id":"https:\/\/sl.ambaguinee.org\/?page_id=5958#breadcrumb","itemListElement":[{"@type":"ListItem","position":1,"name":"Accueil","item":"https:\/\/sl.ambaguinee.org\/"},{"@type":"ListItem","position":2,"name":"Industrie &#038; commerce"}]},{"@type":"WebSite","@id":"https:\/\/sl.ambaguinee.org\/#website","url":"https:\/\/sl.ambaguinee.org\/","name":"Ambassade de Guin\u00e9e en Sierra L\u00e9one","description":"Ambassade de Guin\u00e9e en Sierra L\u00e9one","publisher":{"@id":"https:\/\/sl.ambaguinee.org\/#organization"},"potentialAction":[{"@type":"SearchAction","target":{"@type":"EntryPoint","urlTemplate":"https:\/\/sl.ambaguinee.org\/?s={search_term_string}"},"query-input":"required name=search_term_string"}],"inLanguage":"fr-FR"},{"@type":"Organization","@id":"https:\/\/sl.ambaguinee.org\/#organization","name":"Ambassade de la R\u00e9publique Guin\u00e9e en France","url":"https:\/\/sl.ambaguinee.org\/","logo":{"@type":"ImageObject","inLanguage":"fr-FR","@id":"https:\/\/sl.ambaguinee.org\/#\/schema\/logo\/image\/","url":"https:\/\/sl.ambaguinee.org\/wp-content\/uploads\/2024\/06\/Logo-devise-Guinee-miniature.png","contentUrl":"https:\/\/sl.ambaguinee.org\/wp-content\/uploads\/2024\/06\/Logo-devise-Guinee-miniature.png","width":170,"height":200,"caption":"Ambassade de la R\u00e9publique Guin\u00e9e en France"},"image":{"@id":"https:\/\/sl.ambaguinee.org\/#\/schema\/logo\/image\/"},"sameAs":["https:\/\/www.facebook.com\/ambaguiparis","https:\/\/twitter.com\/AmbaGnFrPtIl"]}]}},"_links":{"self":[{"href":"https:\/\/sl.ambaguinee.org\/index.php?rest_route=\/wp\/v2\/pages\/5958","targetHints":{"allow":["GET"]}}],"collection":[{"href":"https:\/\/sl.ambaguinee.org\/index.php?rest_route=\/wp\/v2\/pages"}],"about":[{"href":"https:\/\/sl.ambaguinee.org\/index.php?rest_route=\/wp\/v2\/types\/page"}],"author":[{"embeddable":true,"href":"https:\/\/sl.ambaguinee.org\/index.php?rest_route=\/wp\/v2\/users\/1"}],"replies":[{"embeddable":true,"href":"https:\/\/sl.ambaguinee.org\/index.php?rest_route=%2Fwp%2Fv2%2Fcomments&post=5958"}],"version-history":[{"count":1,"href":"https:\/\/sl.ambaguinee.org\/index.php?rest_route=\/wp\/v2\/pages\/5958\/revisions"}],"predecessor-version":[{"id":5959,"href":"https:\/\/sl.ambaguinee.org\/index.php?rest_route=\/wp\/v2\/pages\/5958\/revisions\/5959"}],"wp:attachment":[{"href":"https:\/\/sl.ambaguinee.org\/index.php?rest_route=%2Fwp%2Fv2%2Fmedia&parent=5958"}],"curies":[{"name":"wp","href":"https:\/\/api.w.org\/{rel}","templated":true}]}}