{"id":5951,"date":"2021-05-02T02:48:03","date_gmt":"2021-05-02T00:48:03","guid":{"rendered":"https:\/\/sl.ambaguinee.org\/?page_id=5951"},"modified":"2025-07-05T02:20:26","modified_gmt":"2025-07-05T00:20:26","slug":"organigramme","status":"publish","type":"page","link":"https:\/\/sl.ambaguinee.org\/?page_id=5951","title":{"rendered":"Organigramme"},"content":{"rendered":"\n<figure class=\"wp-block-gallery has-nested-images columns-default is-cropped wp-block-gallery-1 is-layout-flex wp-block-gallery-is-layout-flex\">\n<figure class=\"wp-block-image size-full\"><img fetchpriority=\"high\" decoding=\"async\" width=\"2560\" height=\"862\" data-id=\"103015\" src=\"https:\/\/sl.ambaguinee.org\/wp-content\/uploads\/2025\/07\/Organigramme-Sierra-Leone-1-scaled.png\" alt=\"\" class=\"wp-image-103015\" srcset=\"https:\/\/sl.ambaguinee.org\/wp-content\/uploads\/2025\/07\/Organigramme-Sierra-Leone-1-scaled.png 2560w, https:\/\/sl.ambaguinee.org\/wp-content\/uploads\/2025\/07\/Organigramme-Sierra-Leone-1-300x101.png 300w, https:\/\/sl.ambaguinee.org\/wp-content\/uploads\/2025\/07\/Organigramme-Sierra-Leone-1-1024x345.png 1024w, https:\/\/sl.ambaguinee.org\/wp-content\/uploads\/2025\/07\/Organigramme-Sierra-Leone-1-768x259.png 768w, https:\/\/sl.ambaguinee.org\/wp-content\/uploads\/2025\/07\/Organigramme-Sierra-Leone-1-1536x517.png 1536w, https:\/\/sl.ambaguinee.org\/wp-content\/uploads\/2025\/07\/Organigramme-Sierra-Leone-1-2048x690.png 2048w\" sizes=\"(max-width: 2560px) 100vw, 2560px\" \/><\/figure>\n<\/figure>\n\n\n\n<p><\/p>\n","protected":false},"excerpt":{"rendered":"","protected":false},"author":1,"featured_media":0,"parent":0,"menu_order":0,"comment_status":"closed","ping_status":"closed","template":"","meta":{"footnotes":""},"class_list":["post-5951","page","type-page","status-publish","hentry"],"yoast_head":"<!-- This site is optimized with the Yoast SEO plugin v21.0 - https:\/\/yoast.com\/wordpress\/plugins\/seo\/ -->\n<title>Organigramme - Ambassade de Guin\u00e9e en Sierra L\u00e9one<\/title>\n<meta name=\"robots\" content=\"index, follow, max-snippet:-1, max-image-preview:large, max-video-preview:-1\" \/>\n<link rel=\"canonical\" href=\"https:\/\/sl.ambaguinee.org\/?page_id=5951\" \/>\n<meta property=\"og:locale\" content=\"fr_FR\" \/>\n<meta property=\"og:type\" content=\"article\" \/>\n<meta property=\"og:title\" content=\"Organigramme - Ambassade de Guin\u00e9e en Sierra L\u00e9one\" \/>\n<meta property=\"og:url\" content=\"https:\/\/sl.ambaguinee.org\/?page_id=5951\" \/>\n<meta property=\"og:site_name\" content=\"Ambassade de Guin\u00e9e en Sierra L\u00e9one\" \/>\n<meta property=\"article:publisher\" content=\"https:\/\/www.facebook.com\/ambaguiparis\" \/>\n<meta property=\"article:modified_time\" content=\"2025-07-05T00:20:26+00:00\" \/>\n<meta property=\"og:image\" content=\"https:\/\/sl.ambaguinee.org\/wp-content\/uploads\/2025\/07\/Organigramme-Sierra-Leone-1-scaled.png\" \/>\n<meta name=\"twitter:card\" content=\"summary_large_image\" \/>\n<meta name=\"twitter:site\" content=\"@AmbaGnFrPtIl\" \/>\n<meta name=\"twitter:label1\" content=\"Dur\u00e9e de lecture estim\u00e9e\" \/>\n\t<meta name=\"twitter:data1\" content=\"1 minute\" \/>\n<script type=\"application\/ld+json\" class=\"yoast-schema-graph\">{\"@context\":\"https:\/\/schema.org\",\"@graph\":[{\"@type\":\"WebPage\",\"@id\":\"https:\/\/sl.ambaguinee.org\/?page_id=5951\",\"url\":\"https:\/\/sl.ambaguinee.org\/?page_id=5951\",\"name\":\"Organigramme - Ambassade de Guin\u00e9e en Sierra L\u00e9one\",\"isPartOf\":{\"@id\":\"https:\/\/sl.ambaguinee.org\/#website\"},\"datePublished\":\"2021-05-02T00:48:03+00:00\",\"dateModified\":\"2025-07-05T00:20:26+00:00\",\"breadcrumb\":{\"@id\":\"https:\/\/sl.ambaguinee.org\/?page_id=5951#breadcrumb\"},\"inLanguage\":\"fr-FR\",\"potentialAction\":[{\"@type\":\"ReadAction\",\"target\":[\"https:\/\/sl.ambaguinee.org\/?page_id=5951\"]}]},{\"@type\":\"BreadcrumbList\",\"@id\":\"https:\/\/sl.ambaguinee.org\/?page_id=5951#breadcrumb\",\"itemListElement\":[{\"@type\":\"ListItem\",\"position\":1,\"name\":\"Accueil\",\"item\":\"https:\/\/sl.ambaguinee.org\/\"},{\"@type\":\"ListItem\",\"position\":2,\"name\":\"Organigramme\"}]},{\"@type\":\"WebSite\",\"@id\":\"https:\/\/sl.ambaguinee.org\/#website\",\"url\":\"https:\/\/sl.ambaguinee.org\/\",\"name\":\"Ambassade de Guin\u00e9e en Sierra L\u00e9one\",\"description\":\"Ambassade de Guin\u00e9e en Sierra L\u00e9one\",\"publisher\":{\"@id\":\"https:\/\/sl.ambaguinee.org\/#organization\"},\"potentialAction\":[{\"@type\":\"SearchAction\",\"target\":{\"@type\":\"EntryPoint\",\"urlTemplate\":\"https:\/\/sl.ambaguinee.org\/?s={search_term_string}\"},\"query-input\":\"required name=search_term_string\"}],\"inLanguage\":\"fr-FR\"},{\"@type\":\"Organization\",\"@id\":\"https:\/\/sl.ambaguinee.org\/#organization\",\"name\":\"Ambassade de la R\u00e9publique Guin\u00e9e en France\",\"url\":\"https:\/\/sl.ambaguinee.org\/\",\"logo\":{\"@type\":\"ImageObject\",\"inLanguage\":\"fr-FR\",\"@id\":\"https:\/\/sl.ambaguinee.org\/#\/schema\/logo\/image\/\",\"url\":\"https:\/\/sl.ambaguinee.org\/wp-content\/uploads\/2024\/06\/Logo-devise-Guinee-miniature.png\",\"contentUrl\":\"https:\/\/sl.ambaguinee.org\/wp-content\/uploads\/2024\/06\/Logo-devise-Guinee-miniature.png\",\"width\":170,\"height\":200,\"caption\":\"Ambassade de la R\u00e9publique Guin\u00e9e en France\"},\"image\":{\"@id\":\"https:\/\/sl.ambaguinee.org\/#\/schema\/logo\/image\/\"},\"sameAs\":[\"https:\/\/www.facebook.com\/ambaguiparis\",\"https:\/\/twitter.com\/AmbaGnFrPtIl\"]}]}<\/script>\n<!-- \/ Yoast SEO plugin. -->","yoast_head_json":{"title":"Organigramme - Ambassade de Guin\u00e9e en Sierra L\u00e9one","robots":{"index":"index","follow":"follow","max-snippet":"max-snippet:-1","max-image-preview":"max-image-preview:large","max-video-preview":"max-video-preview:-1"},"canonical":"https:\/\/sl.ambaguinee.org\/?page_id=5951","og_locale":"fr_FR","og_type":"article","og_title":"Organigramme - Ambassade de Guin\u00e9e en Sierra L\u00e9one","og_url":"https:\/\/sl.ambaguinee.org\/?page_id=5951","og_site_name":"Ambassade de Guin\u00e9e en Sierra L\u00e9one","article_publisher":"https:\/\/www.facebook.com\/ambaguiparis","article_modified_time":"2025-07-05T00:20:26+00:00","og_image":[{"url":"https:\/\/sl.ambaguinee.org\/wp-content\/uploads\/2025\/07\/Organigramme-Sierra-Leone-1-scaled.png"}],"twitter_card":"summary_large_image","twitter_site":"@AmbaGnFrPtIl","twitter_misc":{"Dur\u00e9e de lecture estim\u00e9e":"1 minute"},"schema":{"@context":"https:\/\/schema.org","@graph":[{"@type":"WebPage","@id":"https:\/\/sl.ambaguinee.org\/?page_id=5951","url":"https:\/\/sl.ambaguinee.org\/?page_id=5951","name":"Organigramme - Ambassade de Guin\u00e9e en Sierra L\u00e9one","isPartOf":{"@id":"https:\/\/sl.ambaguinee.org\/#website"},"datePublished":"2021-05-02T00:48:03+00:00","dateModified":"2025-07-05T00:20:26+00:00","breadcrumb":{"@id":"https:\/\/sl.ambaguinee.org\/?page_id=5951#breadcrumb"},"inLanguage":"fr-FR","potentialAction":[{"@type":"ReadAction","target":["https:\/\/sl.ambaguinee.org\/?page_id=5951"]}]},{"@type":"BreadcrumbList","@id":"https:\/\/sl.ambaguinee.org\/?page_id=5951#breadcrumb","itemListElement":[{"@type":"ListItem","position":1,"name":"Accueil","item":"https:\/\/sl.ambaguinee.org\/"},{"@type":"ListItem","position":2,"name":"Organigramme"}]},{"@type":"WebSite","@id":"https:\/\/sl.ambaguinee.org\/#website","url":"https:\/\/sl.ambaguinee.org\/","name":"Ambassade de Guin\u00e9e en Sierra L\u00e9one","description":"Ambassade de Guin\u00e9e en Sierra L\u00e9one","publisher":{"@id":"https:\/\/sl.ambaguinee.org\/#organization"},"potentialAction":[{"@type":"SearchAction","target":{"@type":"EntryPoint","urlTemplate":"https:\/\/sl.ambaguinee.org\/?s={search_term_string}"},"query-input":"required name=search_term_string"}],"inLanguage":"fr-FR"},{"@type":"Organization","@id":"https:\/\/sl.ambaguinee.org\/#organization","name":"Ambassade de la R\u00e9publique Guin\u00e9e en France","url":"https:\/\/sl.ambaguinee.org\/","logo":{"@type":"ImageObject","inLanguage":"fr-FR","@id":"https:\/\/sl.ambaguinee.org\/#\/schema\/logo\/image\/","url":"https:\/\/sl.ambaguinee.org\/wp-content\/uploads\/2024\/06\/Logo-devise-Guinee-miniature.png","contentUrl":"https:\/\/sl.ambaguinee.org\/wp-content\/uploads\/2024\/06\/Logo-devise-Guinee-miniature.png","width":170,"height":200,"caption":"Ambassade de la R\u00e9publique Guin\u00e9e en France"},"image":{"@id":"https:\/\/sl.ambaguinee.org\/#\/schema\/logo\/image\/"},"sameAs":["https:\/\/www.facebook.com\/ambaguiparis","https:\/\/twitter.com\/AmbaGnFrPtIl"]}]}},"_links":{"self":[{"href":"https:\/\/sl.ambaguinee.org\/index.php?rest_route=\/wp\/v2\/pages\/5951","targetHints":{"allow":["GET"]}}],"collection":[{"href":"https:\/\/sl.ambaguinee.org\/index.php?rest_route=\/wp\/v2\/pages"}],"about":[{"href":"https:\/\/sl.ambaguinee.org\/index.php?rest_route=\/wp\/v2\/types\/page"}],"author":[{"embeddable":true,"href":"https:\/\/sl.ambaguinee.org\/index.php?rest_route=\/wp\/v2\/users\/1"}],"replies":[{"embeddable":true,"href":"https:\/\/sl.ambaguinee.org\/index.php?rest_route=%2Fwp%2Fv2%2Fcomments&post=5951"}],"version-history":[{"count":7,"href":"https:\/\/sl.ambaguinee.org\/index.php?rest_route=\/wp\/v2\/pages\/5951\/revisions"}],"predecessor-version":[{"id":103016,"href":"https:\/\/sl.ambaguinee.org\/index.php?rest_route=\/wp\/v2\/pages\/5951\/revisions\/103016"}],"wp:attachment":[{"href":"https:\/\/sl.ambaguinee.org\/index.php?rest_route=%2Fwp%2Fv2%2Fmedia&parent=5951"}],"curies":[{"name":"wp","href":"https:\/\/api.w.org\/{rel}","templated":true}]}}