{"id":5903,"date":"2021-05-01T23:17:35","date_gmt":"2021-05-01T21:17:35","guid":{"rendered":"https:\/\/sl.ambaguinee.org\/?page_id=5903"},"modified":"2024-08-09T12:12:08","modified_gmt":"2024-08-09T10:12:08","slug":"presentation","status":"publish","type":"page","link":"https:\/\/sl.ambaguinee.org\/?page_id=5903","title":{"rendered":"Pr\u00e9sentation"},"content":{"rendered":"\n<p><strong>Pr\u00e9sentation g\u00e9n\u00e9rale de la r\u00e9publique de Guin\u00e9e :<\/strong><\/p>\n\n\n\n<p>Situ\u00e9e en Afrique de l\u2019Ouest, la R\u00e9publique de Guin\u00e9e couvre une superficie de&nbsp;<strong><em>245 857 km2<\/em><\/strong>&nbsp;avec plus de&nbsp;<strong><em>300km<\/em><\/strong>&nbsp;de littoral Atlantique. La Guin\u00e9e est compos\u00e9e de quatre r\u00e9gions qui sont&nbsp;: la Basse Guin\u00e9e ou Guin\u00e9e Maritime, la Moyenne Guin\u00e9e, la Haute Guin\u00e9e et la Guin\u00e9e Foresti\u00e8re.<\/p>\n\n\n\n<p>Ch\u00e2teau d\u2019eau de l\u2019Afrique, elle est limit\u00e9e par&nbsp;:<\/p>\n\n\n\n<ul class=\"wp-block-list\">\n<li>La Guin\u00e9e-Bissau au Nord-Ouest ;<\/li>\n\n\n\n<li>Le S\u00e9n\u00e9gal et le Mali au Nord-est ;<\/li>\n\n\n\n<li>La C\u00f4te d\u2019Ivoire \u00e0 l\u2019Est ;<\/li>\n\n\n\n<li>La Sierra L\u00e9one et le Liberia au Sud.<\/li>\n<\/ul>\n\n\n\n<p>Avec plus de 12 millions d\u2019habitants ; le pays est subdivis\u00e9 en&nbsp;<strong>8 R\u00c9GIONS ADMINISTRATIVES dont&nbsp;: <\/strong>&nbsp;Conakry, la capitale, Kindia, Bok\u00e9, Mamou, Lab\u00e9, Faranah, Kankan et N\u2019Nz\u00e9r\u00e9kor\u00e9, dirig\u00e9es par des gouverneurs.<\/p>\n\n\n\n<p>Le climat et la v\u00e9g\u00e9tation de la Guin\u00e9e varient en fonction des quatre r\u00e9gions naturelles. Ainsi&nbsp;:<\/p>\n\n\n\n<ul class=\"wp-block-list\">\n<li>En basse en Basse Guin\u00e9e, on a un climat maritime, influenc\u00e9 par l\u2019oc\u00e9an atlantique avec de fortes pr\u00e9cipitations. La v\u00e9g\u00e9tation est compos\u00e9e de pal\u00e9tuvier sur le littoral et une for\u00eat secondaire dans l\u2019arri\u00e8re-plan.<\/li>\n\n\n\n<li>En Moyenne Guin\u00e9e, le climat est influenc\u00e9 par la montagne du Fouta Djallon. Ce qui le conf\u00e8re un climat tropical d\u2019altitude avec des savanes arbor\u00e9es.<\/li>\n\n\n\n<li>La Haute Guin\u00e9e est influenc\u00e9e par les grands fleuves. Elle Porte un climat tropical et une v\u00e9g\u00e9tation repr\u00e9sent\u00e9e par la savane.<\/li>\n\n\n\n<li>La Guin\u00e9e Foresti\u00e8re&nbsp;: cette r\u00e9gion est influenc\u00e9e par la v\u00e9g\u00e9tation dense et des grandes \u00e9l\u00e9vations avec une grande pluviosit\u00e9. La v\u00e9g\u00e9tation est repr\u00e9sent\u00e9e par la savane anthropique et la for\u00eat.<\/li>\n<\/ul>\n\n\n\n<p>La R\u00e9publique de Guin\u00e9e est un \u00e9tat la\u00efc dot\u00e9 d\u2019un r\u00e9gime pr\u00e9sidentiel pluraliste. Le Pr\u00e9sident de la R\u00e9publique est \u00e9lu au suffrage universel direct pour un mandat de&nbsp;<strong>6 ans<\/strong> renouvelable une fois.<\/p>\n\n\n\n<p>Le Pr\u00e9sident actuel est Son Excellence , le G\u00e9n\u00e9ral de corps d&#8217;arm\u00e9es Mamadi Doumbouya<strong>.<\/strong><\/p>\n\n\n\n<p><strong>NB :<\/strong>&nbsp;vous pouvez consulter les distances entre les principales villes ici :<\/p>\n\n\n\n<figure class=\"wp-block-image\"><img decoding=\"async\" src=\"https:\/\/sl.ambaguinee.org\/wp-content\/uploads\/2018\/08\/CarteGuinee.png\" alt=\"\"\/><\/figure>\n\n\n\n<p>La langue officielle est le fran\u00e7ais. Plusieurs langues vernaculaires sont parl\u00e9es comme le malink\u00e9, le peul, le soussou, le toma, le guerz\u00e9, le kissi, le koniagui, le nalou, le landouma, le baga, ect\u2026<\/p>\n\n\n\n<p>La monnaie est le Franc Guin\u00e9en. Le taux de change est de 1 dollar pour environ&nbsp;<strong><em>7.000FG<\/em><\/strong>et de&nbsp;<strong>1\u20ac<\/strong>&nbsp;pour environ&nbsp;<strong>9.000FG<\/strong>&nbsp;(<a href=\"http:\/\/bcrg-guinee.org\/\">source BCRG<\/a>).<\/p>\n\n\n\n<p>Son drapeau est&nbsp;: Rouge, jaune, vert.<\/p>\n\n\n\n<p>Sa devise est&nbsp;: Travail \u2013 Justice \u2013 Solidarit\u00e9<\/p>\n\n\n\n<p><strong>Formalit\u00e9s d\u2019entr\u00e9e :<\/strong><\/p>\n\n\n\n<ul class=\"wp-block-list\">\n<li>Visa sauf pour les ressortissants de la CEDEAO ;<\/li>\n\n\n\n<li>Vaccination contre la fi\u00e8vre jaune obligatoire ; se munir de produits antipalud\u00e9ens.<\/li>\n<\/ul>\n","protected":false},"excerpt":{"rendered":"<p>Pr\u00e9sentation g\u00e9n\u00e9rale de la r\u00e9publique de Guin\u00e9e : Situ\u00e9e en Afrique de l\u2019Ouest, la R\u00e9publique de Guin\u00e9e couvre une superficie de&nbsp;245 857 km2&nbsp;avec plus de&nbsp;300km&nbsp;de littoral Atlantique. La Guin\u00e9e est compos\u00e9e de quatre r\u00e9gions qui sont&nbsp;: la Basse Guin\u00e9e ou Guin\u00e9e Maritime, la Moyenne Guin\u00e9e, la Haute Guin\u00e9e et la Guin\u00e9e Foresti\u00e8re. Ch\u00e2teau d\u2019eau de &hellip;<\/p>\n","protected":false},"author":1,"featured_media":0,"parent":0,"menu_order":0,"comment_status":"closed","ping_status":"closed","template":"","meta":{"footnotes":""},"class_list":["post-5903","page","type-page","status-publish","hentry"],"yoast_head":"<!-- This site is optimized with the Yoast SEO plugin v21.0 - https:\/\/yoast.com\/wordpress\/plugins\/seo\/ -->\n<title>Pr\u00e9sentation - Ambassade de Guin\u00e9e en Sierra L\u00e9one<\/title>\n<meta name=\"robots\" content=\"index, follow, max-snippet:-1, max-image-preview:large, max-video-preview:-1\" \/>\n<link rel=\"canonical\" href=\"https:\/\/sl.ambaguinee.org\/?page_id=5903\" \/>\n<meta property=\"og:locale\" content=\"fr_FR\" \/>\n<meta property=\"og:type\" content=\"article\" \/>\n<meta property=\"og:title\" content=\"Pr\u00e9sentation - Ambassade de Guin\u00e9e en Sierra L\u00e9one\" \/>\n<meta property=\"og:description\" content=\"Pr\u00e9sentation g\u00e9n\u00e9rale de la r\u00e9publique de Guin\u00e9e : Situ\u00e9e en Afrique de l\u2019Ouest, la R\u00e9publique de Guin\u00e9e couvre une superficie de&nbsp;245 857 km2&nbsp;avec plus de&nbsp;300km&nbsp;de littoral Atlantique. La Guin\u00e9e est compos\u00e9e de quatre r\u00e9gions qui sont&nbsp;: la Basse Guin\u00e9e ou Guin\u00e9e Maritime, la Moyenne Guin\u00e9e, la Haute Guin\u00e9e et la Guin\u00e9e Foresti\u00e8re. Ch\u00e2teau d\u2019eau de &hellip;\" \/>\n<meta property=\"og:url\" content=\"https:\/\/sl.ambaguinee.org\/?page_id=5903\" \/>\n<meta property=\"og:site_name\" content=\"Ambassade de Guin\u00e9e en Sierra L\u00e9one\" \/>\n<meta property=\"article:publisher\" content=\"https:\/\/www.facebook.com\/ambaguiparis\" \/>\n<meta property=\"article:modified_time\" content=\"2024-08-09T10:12:08+00:00\" \/>\n<meta property=\"og:image\" content=\"https:\/\/sl.ambaguinee.org\/wp-content\/uploads\/2018\/08\/CarteGuinee.png\" \/>\n<meta name=\"twitter:card\" content=\"summary_large_image\" \/>\n<meta name=\"twitter:site\" content=\"@AmbaGnFrPtIl\" \/>\n<meta name=\"twitter:label1\" content=\"Dur\u00e9e de lecture estim\u00e9e\" \/>\n\t<meta name=\"twitter:data1\" content=\"3 minutes\" \/>\n<script type=\"application\/ld+json\" class=\"yoast-schema-graph\">{\"@context\":\"https:\/\/schema.org\",\"@graph\":[{\"@type\":\"WebPage\",\"@id\":\"https:\/\/sl.ambaguinee.org\/?page_id=5903\",\"url\":\"https:\/\/sl.ambaguinee.org\/?page_id=5903\",\"name\":\"Pr\u00e9sentation - Ambassade de Guin\u00e9e en Sierra L\u00e9one\",\"isPartOf\":{\"@id\":\"https:\/\/sl.ambaguinee.org\/#website\"},\"datePublished\":\"2021-05-01T21:17:35+00:00\",\"dateModified\":\"2024-08-09T10:12:08+00:00\",\"breadcrumb\":{\"@id\":\"https:\/\/sl.ambaguinee.org\/?page_id=5903#breadcrumb\"},\"inLanguage\":\"fr-FR\",\"potentialAction\":[{\"@type\":\"ReadAction\",\"target\":[\"https:\/\/sl.ambaguinee.org\/?page_id=5903\"]}]},{\"@type\":\"BreadcrumbList\",\"@id\":\"https:\/\/sl.ambaguinee.org\/?page_id=5903#breadcrumb\",\"itemListElement\":[{\"@type\":\"ListItem\",\"position\":1,\"name\":\"Accueil\",\"item\":\"https:\/\/sl.ambaguinee.org\/\"},{\"@type\":\"ListItem\",\"position\":2,\"name\":\"Pr\u00e9sentation\"}]},{\"@type\":\"WebSite\",\"@id\":\"https:\/\/sl.ambaguinee.org\/#website\",\"url\":\"https:\/\/sl.ambaguinee.org\/\",\"name\":\"Ambassade de Guin\u00e9e en Sierra L\u00e9one\",\"description\":\"Ambassade de Guin\u00e9e en Sierra L\u00e9one\",\"publisher\":{\"@id\":\"https:\/\/sl.ambaguinee.org\/#organization\"},\"potentialAction\":[{\"@type\":\"SearchAction\",\"target\":{\"@type\":\"EntryPoint\",\"urlTemplate\":\"https:\/\/sl.ambaguinee.org\/?s={search_term_string}\"},\"query-input\":\"required name=search_term_string\"}],\"inLanguage\":\"fr-FR\"},{\"@type\":\"Organization\",\"@id\":\"https:\/\/sl.ambaguinee.org\/#organization\",\"name\":\"Ambassade de la R\u00e9publique Guin\u00e9e en France\",\"url\":\"https:\/\/sl.ambaguinee.org\/\",\"logo\":{\"@type\":\"ImageObject\",\"inLanguage\":\"fr-FR\",\"@id\":\"https:\/\/sl.ambaguinee.org\/#\/schema\/logo\/image\/\",\"url\":\"https:\/\/sl.ambaguinee.org\/wp-content\/uploads\/2024\/06\/Logo-devise-Guinee-miniature.png\",\"contentUrl\":\"https:\/\/sl.ambaguinee.org\/wp-content\/uploads\/2024\/06\/Logo-devise-Guinee-miniature.png\",\"width\":170,\"height\":200,\"caption\":\"Ambassade de la R\u00e9publique Guin\u00e9e en France\"},\"image\":{\"@id\":\"https:\/\/sl.ambaguinee.org\/#\/schema\/logo\/image\/\"},\"sameAs\":[\"https:\/\/www.facebook.com\/ambaguiparis\",\"https:\/\/twitter.com\/AmbaGnFrPtIl\"]}]}<\/script>\n<!-- \/ Yoast SEO plugin. -->","yoast_head_json":{"title":"Pr\u00e9sentation - Ambassade de Guin\u00e9e en Sierra L\u00e9one","robots":{"index":"index","follow":"follow","max-snippet":"max-snippet:-1","max-image-preview":"max-image-preview:large","max-video-preview":"max-video-preview:-1"},"canonical":"https:\/\/sl.ambaguinee.org\/?page_id=5903","og_locale":"fr_FR","og_type":"article","og_title":"Pr\u00e9sentation - Ambassade de Guin\u00e9e en Sierra L\u00e9one","og_description":"Pr\u00e9sentation g\u00e9n\u00e9rale de la r\u00e9publique de Guin\u00e9e : Situ\u00e9e en Afrique de l\u2019Ouest, la R\u00e9publique de Guin\u00e9e couvre une superficie de&nbsp;245 857 km2&nbsp;avec plus de&nbsp;300km&nbsp;de littoral Atlantique. La Guin\u00e9e est compos\u00e9e de quatre r\u00e9gions qui sont&nbsp;: la Basse Guin\u00e9e ou Guin\u00e9e Maritime, la Moyenne Guin\u00e9e, la Haute Guin\u00e9e et la Guin\u00e9e Foresti\u00e8re. Ch\u00e2teau d\u2019eau de &hellip;","og_url":"https:\/\/sl.ambaguinee.org\/?page_id=5903","og_site_name":"Ambassade de Guin\u00e9e en Sierra L\u00e9one","article_publisher":"https:\/\/www.facebook.com\/ambaguiparis","article_modified_time":"2024-08-09T10:12:08+00:00","og_image":[{"url":"https:\/\/sl.ambaguinee.org\/wp-content\/uploads\/2018\/08\/CarteGuinee.png"}],"twitter_card":"summary_large_image","twitter_site":"@AmbaGnFrPtIl","twitter_misc":{"Dur\u00e9e de lecture estim\u00e9e":"3 minutes"},"schema":{"@context":"https:\/\/schema.org","@graph":[{"@type":"WebPage","@id":"https:\/\/sl.ambaguinee.org\/?page_id=5903","url":"https:\/\/sl.ambaguinee.org\/?page_id=5903","name":"Pr\u00e9sentation - Ambassade de Guin\u00e9e en Sierra L\u00e9one","isPartOf":{"@id":"https:\/\/sl.ambaguinee.org\/#website"},"datePublished":"2021-05-01T21:17:35+00:00","dateModified":"2024-08-09T10:12:08+00:00","breadcrumb":{"@id":"https:\/\/sl.ambaguinee.org\/?page_id=5903#breadcrumb"},"inLanguage":"fr-FR","potentialAction":[{"@type":"ReadAction","target":["https:\/\/sl.ambaguinee.org\/?page_id=5903"]}]},{"@type":"BreadcrumbList","@id":"https:\/\/sl.ambaguinee.org\/?page_id=5903#breadcrumb","itemListElement":[{"@type":"ListItem","position":1,"name":"Accueil","item":"https:\/\/sl.ambaguinee.org\/"},{"@type":"ListItem","position":2,"name":"Pr\u00e9sentation"}]},{"@type":"WebSite","@id":"https:\/\/sl.ambaguinee.org\/#website","url":"https:\/\/sl.ambaguinee.org\/","name":"Ambassade de Guin\u00e9e en Sierra L\u00e9one","description":"Ambassade de Guin\u00e9e en Sierra L\u00e9one","publisher":{"@id":"https:\/\/sl.ambaguinee.org\/#organization"},"potentialAction":[{"@type":"SearchAction","target":{"@type":"EntryPoint","urlTemplate":"https:\/\/sl.ambaguinee.org\/?s={search_term_string}"},"query-input":"required name=search_term_string"}],"inLanguage":"fr-FR"},{"@type":"Organization","@id":"https:\/\/sl.ambaguinee.org\/#organization","name":"Ambassade de la R\u00e9publique Guin\u00e9e en France","url":"https:\/\/sl.ambaguinee.org\/","logo":{"@type":"ImageObject","inLanguage":"fr-FR","@id":"https:\/\/sl.ambaguinee.org\/#\/schema\/logo\/image\/","url":"https:\/\/sl.ambaguinee.org\/wp-content\/uploads\/2024\/06\/Logo-devise-Guinee-miniature.png","contentUrl":"https:\/\/sl.ambaguinee.org\/wp-content\/uploads\/2024\/06\/Logo-devise-Guinee-miniature.png","width":170,"height":200,"caption":"Ambassade de la R\u00e9publique Guin\u00e9e en France"},"image":{"@id":"https:\/\/sl.ambaguinee.org\/#\/schema\/logo\/image\/"},"sameAs":["https:\/\/www.facebook.com\/ambaguiparis","https:\/\/twitter.com\/AmbaGnFrPtIl"]}]}},"_links":{"self":[{"href":"https:\/\/sl.ambaguinee.org\/index.php?rest_route=\/wp\/v2\/pages\/5903","targetHints":{"allow":["GET"]}}],"collection":[{"href":"https:\/\/sl.ambaguinee.org\/index.php?rest_route=\/wp\/v2\/pages"}],"about":[{"href":"https:\/\/sl.ambaguinee.org\/index.php?rest_route=\/wp\/v2\/types\/page"}],"author":[{"embeddable":true,"href":"https:\/\/sl.ambaguinee.org\/index.php?rest_route=\/wp\/v2\/users\/1"}],"replies":[{"embeddable":true,"href":"https:\/\/sl.ambaguinee.org\/index.php?rest_route=%2Fwp%2Fv2%2Fcomments&post=5903"}],"version-history":[{"count":4,"href":"https:\/\/sl.ambaguinee.org\/index.php?rest_route=\/wp\/v2\/pages\/5903\/revisions"}],"predecessor-version":[{"id":81303,"href":"https:\/\/sl.ambaguinee.org\/index.php?rest_route=\/wp\/v2\/pages\/5903\/revisions\/81303"}],"wp:attachment":[{"href":"https:\/\/sl.ambaguinee.org\/index.php?rest_route=%2Fwp%2Fv2%2Fmedia&parent=5903"}],"curies":[{"name":"wp","href":"https:\/\/api.w.org\/{rel}","templated":true}]}}