{"id":5900,"date":"2021-05-01T23:15:04","date_gmt":"2021-05-01T21:15:04","guid":{"rendered":"https:\/\/sl.ambaguinee.org\/?page_id=5900"},"modified":"2025-07-02T23:24:19","modified_gmt":"2025-07-02T21:24:19","slug":"ambassadeur","status":"publish","type":"page","link":"https:\/\/sl.ambaguinee.org\/?page_id=5900","title":{"rendered":"MOT DE BIENVENUE DE S.E. M JULIEN YOMBOUNO"},"content":{"rendered":"\t\t<div data-elementor-type=\"wp-page\" data-elementor-id=\"5900\" class=\"elementor elementor-5900\" data-elementor-post-type=\"page\">\n\t\t\t\t\t\t<section class=\"elementor-section elementor-top-section elementor-element elementor-element-6c5298a5 elementor-section-boxed elementor-section-height-default elementor-section-height-default\" data-id=\"6c5298a5\" data-element_type=\"section\">\n\t\t\t\t\t\t<div class=\"elementor-container elementor-column-gap-default\">\n\t\t\t\t\t<div class=\"elementor-column elementor-col-100 elementor-top-column elementor-element elementor-element-66c0cf67\" data-id=\"66c0cf67\" data-element_type=\"column\">\n\t\t\t<div class=\"elementor-widget-wrap elementor-element-populated\">\n\t\t\t\t\t\t<div class=\"elementor-element elementor-element-958f764 elementor-widget elementor-widget-text-editor\" data-id=\"958f764\" data-element_type=\"widget\" data-widget_type=\"text-editor.default\">\n\t\t\t\t<div class=\"elementor-widget-container\">\n\t\t\t\t\t\t\t<figure class=\"wp-block-image aligncenter size-full\"><img fetchpriority=\"high\" decoding=\"async\" width=\"936\" height=\"750\" class=\"wp-image-101748\" src=\"https:\/\/sl.ambaguinee.org\/wp-content\/uploads\/2025\/07\/Ambassadeur-2.png\" alt=\"\" srcset=\"https:\/\/sl.ambaguinee.org\/wp-content\/uploads\/2025\/07\/Ambassadeur-2.png 936w, https:\/\/sl.ambaguinee.org\/wp-content\/uploads\/2025\/07\/Ambassadeur-2-300x240.png 300w, https:\/\/sl.ambaguinee.org\/wp-content\/uploads\/2025\/07\/Ambassadeur-2-768x615.png 768w\" sizes=\"(max-width: 936px) 100vw, 936px\" \/><\/figure>\n<p><!-- \/wp:image --><!-- wp:paragraph --><\/p>\n<p>Chers Guin\u00e9ennes et Guin\u00e9ens,<\/p>\n<p><!-- \/wp:paragraph --><!-- wp:paragraph --><\/p>\n<p>Bienvenue sur le site de l\u2019Ambassade de la R\u00e9publique de Guin\u00e9e en Sierra L\u00e9one. Depuis son accession au pouvoir le 05 Septembre 2021 , le G\u00e9n\u00e9ral de corps d&#8217;arm\u00e9e <strong>Son Excellence Mamadi Doumbouya , Pr\u00e9sident de la R\u00e9publique, Chef de l\u2019\u00c9tat<\/strong> incarne un leadership r\u00e9solu dans la refondation de l\u2019\u00c9tat en s\u2019appuyant sur la promotion de la bonne gouvernance.<\/p>\n<p><!-- \/wp:paragraph --><!-- wp:paragraph --><\/p>\n<p>Dans cette perspective, les trois priorit\u00e9s du <strong>G\u00e9n\u00e9ral de corps d&#8217;arm\u00e9e Son Excellence Mamadi Doumbouya<\/strong> sont: <strong>le\u00a0<em>social<\/em>, l&#8217;<em>\u00e9conomie<\/em>,\u00a0<em>le politique<\/em><\/strong> . C\u2019est ainsi, gr\u00e2ce \u00e0 ces trois trois priorit\u00e9s , dans un contexte de consolidation de l\u2019\u00c9tat de droit et de renforcement des infrastructures, de cr\u00e9ation et d\u2019accompagnement de la croissance, que la Guin\u00e9e ressemble aujourd\u2019hui \u00e0 un gigantesque chantier \u00e0 ciel ouvert.<\/p>\n<p><!-- \/wp:paragraph --><!-- wp:paragraph --><\/p>\n<p>Aussi, r\u00e9solument mobilis\u00e9e dans la r\u00e9alisation de cette vision \u00e0 laquelle a pleinement souscrit le peuple guin\u00e9en, l\u2019Ambassade de la Guin\u00e9e en Sierra L\u00e9one organise ses actions, \u00e0 l\u2019instar de l\u2019ensemble du r\u00e9seau diplomatique national et international. A ses c\u00f4t\u00e9s, la diaspora Guin\u00e9enne de Sierra L\u00e9one dont la contribution est pr\u00e9cieuse et vivement sollicit\u00e9e.<\/p>\n<p><!-- \/wp:paragraph --><!-- wp:paragraph --><\/p>\n<p>En raison de l\u2019importance de ce d\u00e9fi lequel s\u2019inscrit dans une dynamique lanc\u00e9e il y a plusieurs d\u00e9cennies d\u00e9j\u00e0, la Guin\u00e9e ne peut toutefois se construire sans le concours des pays amis et celui des partenaires au d\u00e9veloppement autour de la mise en place de partenariats mutuellement b\u00e9n\u00e9fiques.<\/p>\n<p><!-- \/wp:paragraph --><!-- wp:paragraph --><\/p>\n<p>C\u2019est donc empreints d\u2019enthousiasme et fermement d\u00e9termin\u00e9s \u00e0 partager avec vous cette formidable aventure que nous vous invitons \u00e0 red\u00e9couvrir la Guin\u00e9e \u00e0 travers ce site.<br \/>Bonne navigation<\/p>\n<p><!-- \/wp:paragraph --><!-- wp:paragraph {\"align\":\"right\"} --><\/p>\n<p class=\"has-text-align-right\"><strong>Son Excellence Julien YOMBOUNO<\/strong><\/p>\n<p><!-- \/wp:paragraph --><!-- wp:paragraph {\"align\":\"right\"} --><\/p>\n<p class=\"has-text-align-right\"><strong><span style=\"text-align: start;\">Ambassadeur extraordinaire et pl\u00e9nipotentiaire\u00a0<\/span><span style=\"font-family: var( --e-global-typography-text-font-family ), Sans-serif; text-align: start;\">de la R\u00e9publique de Guin\u00e9e aupr\u00e8s de la Sierra Leone,\u00a0<\/span><span style=\"font-family: var( --e-global-typography-text-font-family ), Sans-serif; text-align: start;\">Ancien Ministre du travail et de la fonction publique<\/span><\/strong><\/p>\n<p>\u00a0<\/p>\n<h2 class=\"p1\"><b>BIOGRAPHIE DE JULIEN YOMBOUNO<\/b><\/h2>\n<p class=\"p2\">Julien Yombouno est n\u00e9 le <b>2 Aout 1964<\/b> \u00e0 <b>Ballotcho,<\/b> district de Balladou P\u00e9bal, sous-pr\u00e9fecture de <b>Koundou<\/b>, pr\u00e9fecture de <b>Gu\u00e9ck\u00e9dou<\/b>.<\/p>\n<p class=\"p2\">De <b>1970 <\/b>\u00e0<b> 1977 <\/b>: il fait ses \u00e9tudes primaires \u00e0 Balladou P\u00e9bal. Il est admis au CEP en <b>1977<\/b>.<\/p>\n<p class=\"p2\">De <b>1980 <\/b>\u00e0<b> 1984<\/b> : il fr\u00e9quente successivement les coll\u00e8ges de Koundou, Nongoa et Bambo (Gu\u00e9ck\u00e9dou). Il est admis au BEPC, session 1980.<\/p>\n<p class=\"p2\">Il fait le lyc\u00e9e de <b>Bambo<\/b> et est admis 1<span class=\"s2\">er<\/span> de la pr\u00e9fecture de Gueck\u00e9dou au baccalaur\u00e9at 1<span class=\"s2\"><b>\u00e8re<\/b><\/span> partie, session <b>1982. <\/b>Apr\u00e8s le bac 1<span class=\"s2\">\u00e8re<\/span> partie, il rejoint le lyc\u00e9e de Kakoni (Gaoual). Il passe le bac 2<span class=\"s2\">\u00e8me<\/span> partie et est admis 4<span class=\"s2\">e<\/span> de la pr\u00e9fecture de Gaoual, session 1983, profil Sciences Sociales.<\/p>\n<p class=\"p2\">En <b>1984<\/b>, il est orient\u00e9 \u00e0 la facult\u00e9 des Sciences agro-zootechniques de Foulaya, \u00e0 Kindia.<\/p>\n<p class=\"p2\">A la suite de la suppression de l\u2019option <b>Agronomie<\/b> par le Gouvernement d\u2019alors, il est r\u00e9orient\u00e9 en langues et litt\u00e9rature \u00e0 l\u2019universit\u00e9 de Kankan.<\/p>\n<p class=\"p2\">En 1986, il passe avec succ\u00e8s, le concours d\u2019entr\u00e9e \u00e0 l\u2019Ecole Normale Sup\u00e9rieure de lettres et langue fran\u00e7aises de Mekn\u00e8s, au Royaume du Maroc. Il en sort major de la promotion <b>90<\/b>.<\/p>\n<p class=\"p2\">D\u2019octobre \u00e0 d\u00e9cembre 1989, il fait son stage p\u00e9dagogique, linguistique et culturel \u00e0 l\u2019Ecole normale sup\u00e9rieure du Calvados de <b>Caen<\/b>, en France. Il termine major de la promotion avec la mention <b>Tr\u00e8s bien<\/b>.<\/p>\n<p class=\"p2\"><b>Julien Yombouno<\/b> est \u00e9galement titulaire de certificats d\u2019\u00e9tudes en Langue anglaise de l\u2019Ambassade des USA au Maroc en <b>1989<\/b>, de l\u2019International Rescue Committee (IRC) de N\u2019Z\u00e9r\u00e9kor\u00e9 en <b>1999<\/b> et de Bertoua Regional Linguistic Center, R\u00e9publique du Cameroun, en 2017.<\/p>\n<p class=\"p2\">En <b>1990<\/b>, il est engag\u00e9 \u00e0 la Fonction publique et mut\u00e9 au lyc\u00e9e de Lola en qualit\u00e9 de Professeur de litt\u00e9rature et langue fran\u00e7aise, en m\u00eame temps formateur volontaire en langue fran\u00e7aise au centre AMA\/HCR pour les r\u00e9fugi\u00e9s lib\u00e9riens et sierra l\u00e9onais install\u00e9s \u00e0 Lola.<\/p>\n<p class=\"p2\">En <b>1994<\/b>, il est admis sur concours au programme de formation des <b>Animateurs <\/b><b>p\u00e9dagogiques<\/b> de l\u2019Enseignement secondaire de l\u2019Institut Sup\u00e9rieur des Sciences de l\u2019\u00e9ducation de Guin\u00e9e (ISSEG), Option <b>Fran\u00e7ais, linguistique et <\/b><b>communication<\/b>.<\/p>\n<p class=\"p2\">De septembre <b>1998 <\/b>\u00e0 <b>juillet 2005<\/b>, il est <b>Chef de Section<\/b> Enseignement secondaire, technique et professionnel de la Direction pr\u00e9fectorale de l\u2019Education de N\u2019Z\u00e9r\u00e9kor\u00e9.<\/p>\n<p class=\"p2\">De <b>2005 <\/b>\u00e0<b> 2008<\/b>, recrut\u00e9 sur test, il occupe le poste de Directeur de l\u2019Ecole Internationale Hermann Gmeiner du Village d\u2019enfants SOS de N\u2019Z\u00e9r\u00e9kor\u00e9<b>.<\/b><\/p>\n<p class=\"p2\">Recrut\u00e9 sur test en f\u00e9vrier 2008, il occupe le poste de Sp\u00e9cialiste Education et Genre<b> de PLAN INTERNATIONAL GUINEE<\/b>. Il est en m\u00eame temps Point focal des Campagnes de plaidoyer<b> \u00ab Learn without fear\/Apprendre sans peur \u00bb <\/b>pour la lutte contre les violences faites aux enfants en milieu scolaire<b> <\/b>et<b> \u00ab Because I am a <\/b><b>Girl \u00bb \/ Parce que je suis une fille, <\/b>campagne pour la promotion des droits et l\u2019autonomisation des filles et des femmes. Il y assumera de temps en temps le r\u00f4le de Directeur des Programmes par int\u00e9rim.<\/p>\n<p class=\"p2\">En juillet <b>2014<\/b>, il est d\u00e9ploy\u00e9 au Cameroun par PLAN INTERNATIONAL, en qualit\u00e9 de Sp\u00e9cialiste de l\u2019Education en Situations d\u2019urgence et Acting Emergency Response Manager de <b>PLAN INTERNATIONAL CAMEROON<\/b> dans le cadre de la R\u00e9ponse humanitaire \u00e0 la crise des r\u00e9fugi\u00e9s <b>Centrafricains<\/b> et des communaut\u00e9s h\u00f4tes de la r\u00e9gion de l\u2019Est du Cameroun, \u00e0 <b>Bertoua. <\/b>Il sera red\u00e9ploy\u00e9 par la suite \u00e0 <b>Maroua<\/b>, dans l\u2019Extr\u00eame Nord du Cameroun, pour apporter son expertise dans le cadre de la R\u00e9ponse multisectorielle \u00e0 la crise des r\u00e9fugi\u00e9s <b>Nig\u00e9rians<\/b> et des communaut\u00e9s h\u00f4tes, victimes des attaques de <b>Boko Haram<\/b>.<\/p>\n<p class=\"p2\">Le 23 <b>mai 2018<\/b>, il est recrut\u00e9 par <b>UNICEF GUINEE<\/b> au poste de Sp\u00e9cialiste Education, charg\u00e9 de la <b>Qualit\u00e9. <\/b>Il occupera<b> <\/b>ce poste jusqu\u2019au 25 octobre 2021, date de sa nomination au poste de Ministre du Travail et de la fonction publique.<\/p>\n<p class=\"p2\">Ainsi, du 25 octobre 2021 au 19 f\u00e9vrier 2024, date de la dissolution du Gouvernement, il est M<b>inistre du Travail et de la fonction publique <\/b>de Guin\u00e9e.Julien Yombouno est par ailleurs \u00e9crivain, cr\u00e9ateur et animateur d\u2019une page Facebook \u00ab <b>Humeurs et humours d\u2019Afrique \u00bb<\/b>, d\u2019un blog culturel \u00ab <b>julyom.blogspot.com<\/b> \u00bb, d\u2019un site web <span class=\"s3\">Kebendo.com<\/span>, exclusivement d\u00e9di\u00e9 \u00e0 la culture et aux loisirs. Il est aussi fondateur de <b>CERAK<\/b> (Cercle d\u2019\u00e9tude, de r\u00e9flexion et d\u2019analyse de la langue Kisiey). Il a activement collabor\u00e9 \u00e0 l\u2019\u00e9dition du <b>Dictionnaire de langue Kisiey <\/b>publi\u00e9 en 2024 par l\u2019Harmattan Guin\u00e9e. Il est \u00e9galement membre de droit de l\u2019Association des \u00e9crivains de Guin\u00e9e et activement contribu\u00e9 \u00e0 l\u2019organisation de l\u2019\u00e9v\u00e9nement \u00ab <b>Conakry, Capitale <\/b><b>Mondiale du livre, tenu en 2017<\/b> \u00bb.<\/p>\n<p class=\"p2\">Grand lecteur et homme de culture, Julien Yombouno est auteur de plusieurs articles et ouvrages linguistiques, didactiques, culturels et litt\u00e9raires, dont entre autres :<\/p>\n<p class=\"p2\"><span class=\"s4\">&#8211;<\/span> <b><i>Fran\u00e7ais et litt\u00e9rature au lyc\u00e9e<\/i><\/b> (essai), publi\u00e9 en 2014 chez l\u2019Harmattan Guin\u00e9e.<\/p>\n<p class=\"p2\"><span class=\"s4\">&#8211;<\/span> <b><i>Pleurs et fleurs d\u2019Afrique<\/i><\/b> (roman), publi\u00e9 en 2017 chez Publibook, Paris.<\/p>\n<p class=\"p2\"><span class=\"s4\">&#8211;<\/span> Le conte <b><i>Saa nda Sia<\/i><\/b>, port\u00e9e linguistique, philosophique et utilit\u00e9 p\u00e9dagogique (in\u00e9dit),<\/p>\n<p class=\"p2\"><span class=\"s4\">&#8211;<\/span> <b><i>Introduction \u00e0 la grammaire de la langue Kisiey<\/i><\/b> (en cours d\u2019ach\u00e8vement).<\/p>\n<p class=\"p2\"><span class=\"s4\">&#8211;<\/span> <b><i>Proverbes kisis (<\/i><\/b><i>in\u00e9dit<\/i><b><i>).<\/i><\/b><\/p>\n<p class=\"p2\"><span class=\"s4\">&#8211;<\/span> <b><i>Lexique basique Kisi-Fran\u00e7ais <\/i><\/b><i>(en cours d\u2019\u00e9laboration).<\/i><\/p>\n<p class=\"p2\"><span class=\"s4\">&#8211;<\/span> <b><i>Erreurs de langue fran\u00e7aise fr\u00e9quemment commises par les locuteurs <\/i><\/b><b><i>guin\u00e9ens (in\u00e9dit).<\/i><\/b><\/p>\n<p class=\"p2\">En fin, Julien Yombouno a anim\u00e9 plusieurs conf\u00e9rences de presse, accord\u00e9 plusieurs interviews et a particip\u00e9 \u00e0 plusieurs d\u00e9bats radio\/t\u00e9l\u00e9 \u00e0 la Rfi, BBC, RTG, D-TV Guin\u00e9e, Renaissance FM, Espace TV, fim FM, Djoma fm, Canal 2 International et Crtv (Cameroon Radio and T\u00e9l\u00e9vision).<\/p>\n<p><!-- \/wp:paragraph --><!-- wp:paragraph --><\/p>\n<p><!-- \/wp:paragraph --><\/p>\t\t\t\t\t\t<\/div>\n\t\t\t\t<\/div>\n\t\t\t\t\t<\/div>\n\t\t<\/div>\n\t\t\t\t\t<\/div>\n\t\t<\/section>\n\t\t\t\t<\/div>\n\t\t","protected":false},"excerpt":{"rendered":"<p>Chers Guin\u00e9ennes et Guin\u00e9ens, Bienvenue sur le site de l\u2019Ambassade de la R\u00e9publique de Guin\u00e9e en Sierra L\u00e9one. Depuis son accession au pouvoir le 05 Septembre 2021 , le G\u00e9n\u00e9ral de corps d&#8217;arm\u00e9e Son Excellence Mamadi Doumbouya , Pr\u00e9sident de la R\u00e9publique, Chef de l\u2019\u00c9tat incarne un leadership r\u00e9solu dans la refondation de l\u2019\u00c9tat en &hellip;<\/p>\n","protected":false},"author":1,"featured_media":0,"parent":0,"menu_order":0,"comment_status":"closed","ping_status":"closed","template":"","meta":{"footnotes":""},"class_list":["post-5900","page","type-page","status-publish","hentry"],"yoast_head":"<!-- This site is optimized with the Yoast SEO plugin v21.0 - https:\/\/yoast.com\/wordpress\/plugins\/seo\/ -->\n<title>MOT DE BIENVENUE DE S.E. M JULIEN YOMBOUNO - Ambassade de Guin\u00e9e en Sierra L\u00e9one<\/title>\n<meta name=\"robots\" content=\"index, follow, max-snippet:-1, max-image-preview:large, max-video-preview:-1\" \/>\n<link rel=\"canonical\" href=\"https:\/\/sl.ambaguinee.org\/?page_id=5900\" \/>\n<meta property=\"og:locale\" content=\"fr_FR\" \/>\n<meta property=\"og:type\" content=\"article\" \/>\n<meta property=\"og:title\" content=\"MOT DE BIENVENUE DE S.E. M JULIEN YOMBOUNO - Ambassade de Guin\u00e9e en Sierra L\u00e9one\" \/>\n<meta property=\"og:description\" content=\"Chers Guin\u00e9ennes et Guin\u00e9ens, Bienvenue sur le site de l\u2019Ambassade de la R\u00e9publique de Guin\u00e9e en Sierra L\u00e9one. Depuis son accession au pouvoir le 05 Septembre 2021 , le G\u00e9n\u00e9ral de corps d&#8217;arm\u00e9e Son Excellence Mamadi Doumbouya , Pr\u00e9sident de la R\u00e9publique, Chef de l\u2019\u00c9tat incarne un leadership r\u00e9solu dans la refondation de l\u2019\u00c9tat en &hellip;\" \/>\n<meta property=\"og:url\" content=\"https:\/\/sl.ambaguinee.org\/?page_id=5900\" \/>\n<meta property=\"og:site_name\" content=\"Ambassade de Guin\u00e9e en Sierra L\u00e9one\" \/>\n<meta property=\"article:publisher\" content=\"https:\/\/www.facebook.com\/ambaguiparis\" \/>\n<meta property=\"article:modified_time\" content=\"2025-07-02T21:24:19+00:00\" \/>\n<meta property=\"og:image\" content=\"https:\/\/sl.ambaguinee.org\/wp-content\/uploads\/2025\/07\/Ambassadeur-2.png\" \/>\n<meta name=\"twitter:card\" content=\"summary_large_image\" \/>\n<meta name=\"twitter:site\" content=\"@AmbaGnFrPtIl\" \/>\n<script type=\"application\/ld+json\" class=\"yoast-schema-graph\">{\"@context\":\"https:\/\/schema.org\",\"@graph\":[{\"@type\":\"WebPage\",\"@id\":\"https:\/\/sl.ambaguinee.org\/?page_id=5900\",\"url\":\"https:\/\/sl.ambaguinee.org\/?page_id=5900\",\"name\":\"MOT DE BIENVENUE DE S.E. M JULIEN YOMBOUNO - Ambassade de Guin\u00e9e en Sierra L\u00e9one\",\"isPartOf\":{\"@id\":\"https:\/\/sl.ambaguinee.org\/#website\"},\"datePublished\":\"2021-05-01T21:15:04+00:00\",\"dateModified\":\"2025-07-02T21:24:19+00:00\",\"breadcrumb\":{\"@id\":\"https:\/\/sl.ambaguinee.org\/?page_id=5900#breadcrumb\"},\"inLanguage\":\"fr-FR\",\"potentialAction\":[{\"@type\":\"ReadAction\",\"target\":[\"https:\/\/sl.ambaguinee.org\/?page_id=5900\"]}]},{\"@type\":\"BreadcrumbList\",\"@id\":\"https:\/\/sl.ambaguinee.org\/?page_id=5900#breadcrumb\",\"itemListElement\":[{\"@type\":\"ListItem\",\"position\":1,\"name\":\"Accueil\",\"item\":\"https:\/\/sl.ambaguinee.org\/\"},{\"@type\":\"ListItem\",\"position\":2,\"name\":\"MOT DE BIENVENUE DE S.E. M JULIEN YOMBOUNO\"}]},{\"@type\":\"WebSite\",\"@id\":\"https:\/\/sl.ambaguinee.org\/#website\",\"url\":\"https:\/\/sl.ambaguinee.org\/\",\"name\":\"Ambassade de Guin\u00e9e en Sierra L\u00e9one\",\"description\":\"Ambassade de Guin\u00e9e en Sierra L\u00e9one\",\"publisher\":{\"@id\":\"https:\/\/sl.ambaguinee.org\/#organization\"},\"potentialAction\":[{\"@type\":\"SearchAction\",\"target\":{\"@type\":\"EntryPoint\",\"urlTemplate\":\"https:\/\/sl.ambaguinee.org\/?s={search_term_string}\"},\"query-input\":\"required name=search_term_string\"}],\"inLanguage\":\"fr-FR\"},{\"@type\":\"Organization\",\"@id\":\"https:\/\/sl.ambaguinee.org\/#organization\",\"name\":\"Ambassade de la R\u00e9publique Guin\u00e9e en France\",\"url\":\"https:\/\/sl.ambaguinee.org\/\",\"logo\":{\"@type\":\"ImageObject\",\"inLanguage\":\"fr-FR\",\"@id\":\"https:\/\/sl.ambaguinee.org\/#\/schema\/logo\/image\/\",\"url\":\"https:\/\/sl.ambaguinee.org\/wp-content\/uploads\/2024\/06\/Logo-devise-Guinee-miniature.png\",\"contentUrl\":\"https:\/\/sl.ambaguinee.org\/wp-content\/uploads\/2024\/06\/Logo-devise-Guinee-miniature.png\",\"width\":170,\"height\":200,\"caption\":\"Ambassade de la R\u00e9publique Guin\u00e9e en France\"},\"image\":{\"@id\":\"https:\/\/sl.ambaguinee.org\/#\/schema\/logo\/image\/\"},\"sameAs\":[\"https:\/\/www.facebook.com\/ambaguiparis\",\"https:\/\/twitter.com\/AmbaGnFrPtIl\"]}]}<\/script>\n<!-- \/ Yoast SEO plugin. -->","yoast_head_json":{"title":"MOT DE BIENVENUE DE S.E. M JULIEN YOMBOUNO - Ambassade de Guin\u00e9e en Sierra L\u00e9one","robots":{"index":"index","follow":"follow","max-snippet":"max-snippet:-1","max-image-preview":"max-image-preview:large","max-video-preview":"max-video-preview:-1"},"canonical":"https:\/\/sl.ambaguinee.org\/?page_id=5900","og_locale":"fr_FR","og_type":"article","og_title":"MOT DE BIENVENUE DE S.E. M JULIEN YOMBOUNO - Ambassade de Guin\u00e9e en Sierra L\u00e9one","og_description":"Chers Guin\u00e9ennes et Guin\u00e9ens, Bienvenue sur le site de l\u2019Ambassade de la R\u00e9publique de Guin\u00e9e en Sierra L\u00e9one. Depuis son accession au pouvoir le 05 Septembre 2021 , le G\u00e9n\u00e9ral de corps d&#8217;arm\u00e9e Son Excellence Mamadi Doumbouya , Pr\u00e9sident de la R\u00e9publique, Chef de l\u2019\u00c9tat incarne un leadership r\u00e9solu dans la refondation de l\u2019\u00c9tat en &hellip;","og_url":"https:\/\/sl.ambaguinee.org\/?page_id=5900","og_site_name":"Ambassade de Guin\u00e9e en Sierra L\u00e9one","article_publisher":"https:\/\/www.facebook.com\/ambaguiparis","article_modified_time":"2025-07-02T21:24:19+00:00","og_image":[{"url":"https:\/\/sl.ambaguinee.org\/wp-content\/uploads\/2025\/07\/Ambassadeur-2.png"}],"twitter_card":"summary_large_image","twitter_site":"@AmbaGnFrPtIl","schema":{"@context":"https:\/\/schema.org","@graph":[{"@type":"WebPage","@id":"https:\/\/sl.ambaguinee.org\/?page_id=5900","url":"https:\/\/sl.ambaguinee.org\/?page_id=5900","name":"MOT DE BIENVENUE DE S.E. M JULIEN YOMBOUNO - Ambassade de Guin\u00e9e en Sierra L\u00e9one","isPartOf":{"@id":"https:\/\/sl.ambaguinee.org\/#website"},"datePublished":"2021-05-01T21:15:04+00:00","dateModified":"2025-07-02T21:24:19+00:00","breadcrumb":{"@id":"https:\/\/sl.ambaguinee.org\/?page_id=5900#breadcrumb"},"inLanguage":"fr-FR","potentialAction":[{"@type":"ReadAction","target":["https:\/\/sl.ambaguinee.org\/?page_id=5900"]}]},{"@type":"BreadcrumbList","@id":"https:\/\/sl.ambaguinee.org\/?page_id=5900#breadcrumb","itemListElement":[{"@type":"ListItem","position":1,"name":"Accueil","item":"https:\/\/sl.ambaguinee.org\/"},{"@type":"ListItem","position":2,"name":"MOT DE BIENVENUE DE S.E. M JULIEN YOMBOUNO"}]},{"@type":"WebSite","@id":"https:\/\/sl.ambaguinee.org\/#website","url":"https:\/\/sl.ambaguinee.org\/","name":"Ambassade de Guin\u00e9e en Sierra L\u00e9one","description":"Ambassade de Guin\u00e9e en Sierra L\u00e9one","publisher":{"@id":"https:\/\/sl.ambaguinee.org\/#organization"},"potentialAction":[{"@type":"SearchAction","target":{"@type":"EntryPoint","urlTemplate":"https:\/\/sl.ambaguinee.org\/?s={search_term_string}"},"query-input":"required name=search_term_string"}],"inLanguage":"fr-FR"},{"@type":"Organization","@id":"https:\/\/sl.ambaguinee.org\/#organization","name":"Ambassade de la R\u00e9publique Guin\u00e9e en France","url":"https:\/\/sl.ambaguinee.org\/","logo":{"@type":"ImageObject","inLanguage":"fr-FR","@id":"https:\/\/sl.ambaguinee.org\/#\/schema\/logo\/image\/","url":"https:\/\/sl.ambaguinee.org\/wp-content\/uploads\/2024\/06\/Logo-devise-Guinee-miniature.png","contentUrl":"https:\/\/sl.ambaguinee.org\/wp-content\/uploads\/2024\/06\/Logo-devise-Guinee-miniature.png","width":170,"height":200,"caption":"Ambassade de la R\u00e9publique Guin\u00e9e en France"},"image":{"@id":"https:\/\/sl.ambaguinee.org\/#\/schema\/logo\/image\/"},"sameAs":["https:\/\/www.facebook.com\/ambaguiparis","https:\/\/twitter.com\/AmbaGnFrPtIl"]}]}},"_links":{"self":[{"href":"https:\/\/sl.ambaguinee.org\/index.php?rest_route=\/wp\/v2\/pages\/5900","targetHints":{"allow":["GET"]}}],"collection":[{"href":"https:\/\/sl.ambaguinee.org\/index.php?rest_route=\/wp\/v2\/pages"}],"about":[{"href":"https:\/\/sl.ambaguinee.org\/index.php?rest_route=\/wp\/v2\/types\/page"}],"author":[{"embeddable":true,"href":"https:\/\/sl.ambaguinee.org\/index.php?rest_route=\/wp\/v2\/users\/1"}],"replies":[{"embeddable":true,"href":"https:\/\/sl.ambaguinee.org\/index.php?rest_route=%2Fwp%2Fv2%2Fcomments&post=5900"}],"version-history":[{"count":22,"href":"https:\/\/sl.ambaguinee.org\/index.php?rest_route=\/wp\/v2\/pages\/5900\/revisions"}],"predecessor-version":[{"id":102938,"href":"https:\/\/sl.ambaguinee.org\/index.php?rest_route=\/wp\/v2\/pages\/5900\/revisions\/102938"}],"wp:attachment":[{"href":"https:\/\/sl.ambaguinee.org\/index.php?rest_route=%2Fwp%2Fv2%2Fmedia&parent=5900"}],"curies":[{"name":"wp","href":"https:\/\/api.w.org\/{rel}","templated":true}]}}