{"id":5897,"date":"2021-05-01T23:11:57","date_gmt":"2021-05-01T21:11:57","guid":{"rendered":"https:\/\/sl.ambaguinee.org\/?page_id=5897"},"modified":"2025-07-05T00:59:57","modified_gmt":"2025-07-04T22:59:57","slug":"missions","status":"publish","type":"page","link":"https:\/\/sl.ambaguinee.org\/?page_id=5897","title":{"rendered":"Mission de l\u2019Ambassade de la R\u00e9publique de Guin\u00e9e en Sierra Leone"},"content":{"rendered":"\n<p>Plac\u00e9e sous l\u2019autorit\u00e9 du Minist\u00e8re des Affaires \u00c9trang\u00e8res, de l\u2019Int\u00e9gration africaine et des Guin\u00e9ens \u00e9tablis \u00e0 l\u2019\u00e9tranger, l\u2019ambassade \u0153uvre dans les domaines suivants :<\/p>\n\n\n\n<h4 class=\"wp-block-heading\">1. <strong>Diplomatie et Coop\u00e9ration Bilat\u00e9rale<\/strong><\/h4>\n\n\n\n<p>L\u2019ambassade entretient un dialogue permanent avec les autorit\u00e9s sierra-l\u00e9onaises afin de consolider les liens politiques, \u00e9conomiques, culturels et sociaux. Elle participe activement \u00e0 la mise en \u0153uvre des accords bilat\u00e9raux et favorise l\u2019\u00e9change d\u2019exp\u00e9riences dans des secteurs d\u2019int\u00e9r\u00eat commun.<\/p>\n\n\n\n<h4 class=\"wp-block-heading\">2. <strong>Protection des Int\u00e9r\u00eats de la Guin\u00e9e et de ses Citoyens<\/strong><\/h4>\n\n\n\n<p>L\u2019ambassade assure la protection et l\u2019assistance consulaire \u00e0 tous les ressortissants guin\u00e9ens vivant, travaillant ou de passage en Sierra Leone. Elle veille au respect de leurs droits et les accompagne dans leurs d\u00e9marches administratives (\u00e9tablissement de documents officiels, assistance juridique, etc.).<\/p>\n\n\n\n<h4 class=\"wp-block-heading\">3. <strong>Promotion de l\u2019Image et de la Culture Guin\u00e9enne<\/strong><\/h4>\n\n\n\n<p>La repr\u00e9sentation diplomatique \u0153uvre \u00e0 la valorisation de la culture guin\u00e9enne, \u00e0 travers des \u00e9v\u00e9nements, \u00e9changes culturels, et partenariats \u00e9ducatifs. Elle met en lumi\u00e8re la richesse et la diversit\u00e9 du patrimoine national, dans un esprit de fraternit\u00e9 et de coop\u00e9ration r\u00e9gionale.<\/p>\n\n\n\n<h4 class=\"wp-block-heading\">4. <strong>Facilitation des \u00c9changes \u00c9conomiques et Commerciaux<\/strong><\/h4>\n\n\n\n<p>L\u2019ambassade joue un r\u00f4le de facilitateur entre les milieux d\u2019affaires guin\u00e9ens et sierra-l\u00e9onais. Elle encourage les investissements, les partenariats priv\u00e9s, et soutient les initiatives visant \u00e0 accro\u00eetre les \u00e9changes \u00e9conomiques dans le cadre de l\u2019int\u00e9gration sous-r\u00e9gionale.<\/p>\n\n\n\n<h4 class=\"wp-block-heading\">5. <strong>Contribution \u00e0 la Paix et \u00e0 la Stabilit\u00e9 R\u00e9gionales<\/strong><\/h4>\n\n\n\n<p>Consciente des enjeux g\u00e9opolitiques en Afrique de l\u2019Ouest, l\u2019ambassade participe activement aux efforts communs pour la paix, la s\u00e9curit\u00e9 et le d\u00e9veloppement durable au sein de la sous-r\u00e9gion. Elle collabore avec les institutions locales et internationales en ce sens.<\/p>\n\n\n\n<p>La&nbsp;mission de l\u2019Ambassade peut se r\u00e9sumer en quatre mots :&nbsp;<strong>Repr\u00e9senter, Informer N\u00e9gocier et Prot\u00e9ger<\/strong>.<\/p>\n\n\n\n<ul class=\"wp-block-list\">\n<li>L\u2019ambassade\u00a0<strong>repr\u00e9sente la Guin\u00e9e\u00a0<\/strong>dans les pays de sa juridiction.\u00a0Elle facilite les relations entre ces Etats et la Guin\u00e9e.<\/li>\n\n\n\n<li>Elle\u00a0<strong>informe<\/strong>\u00a0les diff\u00e9rents acteurs sur l\u2019environnement politique, \u00e9conomique et social de la Guin\u00e9e.<\/li>\n\n\n\n<li>En outre, sur instructions du Gouvernement Guin\u00e9en, elle\u00a0<strong>n\u00e9gocie<\/strong>\u00a0les trait\u00e9s et les accords bilat\u00e9raux.<\/li>\n\n\n\n<li>Enfin, l\u2019Ambassade de Guin\u00e9e \u00e0 Paris\u00a0<strong>prot\u00e8ge<\/strong>\u00a0ses ressortissants dans sa juridiction, en \u00e9troite collaboration avec les Consulats.<\/li>\n<\/ul>\n\n\n\n<hr class=\"wp-block-separator has-alpha-channel-opacity\"\/>\n\n\n\n<p><strong>Mot de l\u2019Ambassadeur<\/strong><\/p>\n\n\n\n<blockquote class=\"wp-block-quote is-layout-flow wp-block-quote-is-layout-flow\">\n<p>&#8220;Notre mission est de servir les int\u00e9r\u00eats de la R\u00e9publique de Guin\u00e9e tout en renfor\u00e7ant les ponts d\u2019amiti\u00e9 et de solidarit\u00e9 avec la R\u00e9publique s\u0153ur de Sierra Leone. Ensemble, construisons un avenir commun bas\u00e9 sur le respect, le dialogue et la coop\u00e9ration mutuelle.&#8221;<\/p>\n<\/blockquote>\n","protected":false},"excerpt":{"rendered":"<p>Plac\u00e9e sous l\u2019autorit\u00e9 du Minist\u00e8re des Affaires \u00c9trang\u00e8res, de l\u2019Int\u00e9gration africaine et des Guin\u00e9ens \u00e9tablis \u00e0 l\u2019\u00e9tranger, l\u2019ambassade \u0153uvre dans les domaines suivants : 1. Diplomatie et Coop\u00e9ration Bilat\u00e9rale L\u2019ambassade entretient un dialogue permanent avec les autorit\u00e9s sierra-l\u00e9onaises afin de consolider les liens politiques, \u00e9conomiques, culturels et sociaux. Elle participe activement \u00e0 la mise en &hellip;<\/p>\n","protected":false},"author":1,"featured_media":0,"parent":0,"menu_order":0,"comment_status":"closed","ping_status":"closed","template":"","meta":{"footnotes":""},"class_list":["post-5897","page","type-page","status-publish","hentry"],"yoast_head":"<!-- This site is optimized with the Yoast SEO plugin v21.0 - https:\/\/yoast.com\/wordpress\/plugins\/seo\/ -->\n<title>Mission de l\u2019Ambassade de la R\u00e9publique de Guin\u00e9e en Sierra Leone - Ambassade de Guin\u00e9e en Sierra L\u00e9one<\/title>\n<meta name=\"robots\" content=\"index, follow, max-snippet:-1, max-image-preview:large, max-video-preview:-1\" \/>\n<link rel=\"canonical\" href=\"https:\/\/sl.ambaguinee.org\/?page_id=5897\" \/>\n<meta property=\"og:locale\" content=\"fr_FR\" \/>\n<meta property=\"og:type\" content=\"article\" \/>\n<meta property=\"og:title\" content=\"Mission de l\u2019Ambassade de la R\u00e9publique de Guin\u00e9e en Sierra Leone - Ambassade de Guin\u00e9e en Sierra L\u00e9one\" \/>\n<meta property=\"og:description\" content=\"Plac\u00e9e sous l\u2019autorit\u00e9 du Minist\u00e8re des Affaires \u00c9trang\u00e8res, de l\u2019Int\u00e9gration africaine et des Guin\u00e9ens \u00e9tablis \u00e0 l\u2019\u00e9tranger, l\u2019ambassade \u0153uvre dans les domaines suivants : 1. Diplomatie et Coop\u00e9ration Bilat\u00e9rale L\u2019ambassade entretient un dialogue permanent avec les autorit\u00e9s sierra-l\u00e9onaises afin de consolider les liens politiques, \u00e9conomiques, culturels et sociaux. Elle participe activement \u00e0 la mise en &hellip;\" \/>\n<meta property=\"og:url\" content=\"https:\/\/sl.ambaguinee.org\/?page_id=5897\" \/>\n<meta property=\"og:site_name\" content=\"Ambassade de Guin\u00e9e en Sierra L\u00e9one\" \/>\n<meta property=\"article:publisher\" content=\"https:\/\/www.facebook.com\/ambaguiparis\" \/>\n<meta property=\"article:modified_time\" content=\"2025-07-04T22:59:57+00:00\" \/>\n<meta name=\"twitter:card\" content=\"summary_large_image\" \/>\n<meta name=\"twitter:site\" content=\"@AmbaGnFrPtIl\" \/>\n<meta name=\"twitter:label1\" content=\"Dur\u00e9e de lecture estim\u00e9e\" \/>\n\t<meta name=\"twitter:data1\" content=\"2 minutes\" \/>\n<script type=\"application\/ld+json\" class=\"yoast-schema-graph\">{\"@context\":\"https:\/\/schema.org\",\"@graph\":[{\"@type\":\"WebPage\",\"@id\":\"https:\/\/sl.ambaguinee.org\/?page_id=5897\",\"url\":\"https:\/\/sl.ambaguinee.org\/?page_id=5897\",\"name\":\"Mission de l\u2019Ambassade de la R\u00e9publique de Guin\u00e9e en Sierra Leone - Ambassade de Guin\u00e9e en Sierra L\u00e9one\",\"isPartOf\":{\"@id\":\"https:\/\/sl.ambaguinee.org\/#website\"},\"datePublished\":\"2021-05-01T21:11:57+00:00\",\"dateModified\":\"2025-07-04T22:59:57+00:00\",\"breadcrumb\":{\"@id\":\"https:\/\/sl.ambaguinee.org\/?page_id=5897#breadcrumb\"},\"inLanguage\":\"fr-FR\",\"potentialAction\":[{\"@type\":\"ReadAction\",\"target\":[\"https:\/\/sl.ambaguinee.org\/?page_id=5897\"]}]},{\"@type\":\"BreadcrumbList\",\"@id\":\"https:\/\/sl.ambaguinee.org\/?page_id=5897#breadcrumb\",\"itemListElement\":[{\"@type\":\"ListItem\",\"position\":1,\"name\":\"Accueil\",\"item\":\"https:\/\/sl.ambaguinee.org\/\"},{\"@type\":\"ListItem\",\"position\":2,\"name\":\"Mission de l\u2019Ambassade de la R\u00e9publique de Guin\u00e9e en Sierra Leone\"}]},{\"@type\":\"WebSite\",\"@id\":\"https:\/\/sl.ambaguinee.org\/#website\",\"url\":\"https:\/\/sl.ambaguinee.org\/\",\"name\":\"Ambassade de Guin\u00e9e en Sierra L\u00e9one\",\"description\":\"Ambassade de Guin\u00e9e en Sierra L\u00e9one\",\"publisher\":{\"@id\":\"https:\/\/sl.ambaguinee.org\/#organization\"},\"potentialAction\":[{\"@type\":\"SearchAction\",\"target\":{\"@type\":\"EntryPoint\",\"urlTemplate\":\"https:\/\/sl.ambaguinee.org\/?s={search_term_string}\"},\"query-input\":\"required name=search_term_string\"}],\"inLanguage\":\"fr-FR\"},{\"@type\":\"Organization\",\"@id\":\"https:\/\/sl.ambaguinee.org\/#organization\",\"name\":\"Ambassade de la R\u00e9publique Guin\u00e9e en France\",\"url\":\"https:\/\/sl.ambaguinee.org\/\",\"logo\":{\"@type\":\"ImageObject\",\"inLanguage\":\"fr-FR\",\"@id\":\"https:\/\/sl.ambaguinee.org\/#\/schema\/logo\/image\/\",\"url\":\"https:\/\/sl.ambaguinee.org\/wp-content\/uploads\/2024\/06\/Logo-devise-Guinee-miniature.png\",\"contentUrl\":\"https:\/\/sl.ambaguinee.org\/wp-content\/uploads\/2024\/06\/Logo-devise-Guinee-miniature.png\",\"width\":170,\"height\":200,\"caption\":\"Ambassade de la R\u00e9publique Guin\u00e9e en France\"},\"image\":{\"@id\":\"https:\/\/sl.ambaguinee.org\/#\/schema\/logo\/image\/\"},\"sameAs\":[\"https:\/\/www.facebook.com\/ambaguiparis\",\"https:\/\/twitter.com\/AmbaGnFrPtIl\"]}]}<\/script>\n<!-- \/ Yoast SEO plugin. -->","yoast_head_json":{"title":"Mission de l\u2019Ambassade de la R\u00e9publique de Guin\u00e9e en Sierra Leone - Ambassade de Guin\u00e9e en Sierra L\u00e9one","robots":{"index":"index","follow":"follow","max-snippet":"max-snippet:-1","max-image-preview":"max-image-preview:large","max-video-preview":"max-video-preview:-1"},"canonical":"https:\/\/sl.ambaguinee.org\/?page_id=5897","og_locale":"fr_FR","og_type":"article","og_title":"Mission de l\u2019Ambassade de la R\u00e9publique de Guin\u00e9e en Sierra Leone - Ambassade de Guin\u00e9e en Sierra L\u00e9one","og_description":"Plac\u00e9e sous l\u2019autorit\u00e9 du Minist\u00e8re des Affaires \u00c9trang\u00e8res, de l\u2019Int\u00e9gration africaine et des Guin\u00e9ens \u00e9tablis \u00e0 l\u2019\u00e9tranger, l\u2019ambassade \u0153uvre dans les domaines suivants : 1. Diplomatie et Coop\u00e9ration Bilat\u00e9rale L\u2019ambassade entretient un dialogue permanent avec les autorit\u00e9s sierra-l\u00e9onaises afin de consolider les liens politiques, \u00e9conomiques, culturels et sociaux. Elle participe activement \u00e0 la mise en &hellip;","og_url":"https:\/\/sl.ambaguinee.org\/?page_id=5897","og_site_name":"Ambassade de Guin\u00e9e en Sierra L\u00e9one","article_publisher":"https:\/\/www.facebook.com\/ambaguiparis","article_modified_time":"2025-07-04T22:59:57+00:00","twitter_card":"summary_large_image","twitter_site":"@AmbaGnFrPtIl","twitter_misc":{"Dur\u00e9e de lecture estim\u00e9e":"2 minutes"},"schema":{"@context":"https:\/\/schema.org","@graph":[{"@type":"WebPage","@id":"https:\/\/sl.ambaguinee.org\/?page_id=5897","url":"https:\/\/sl.ambaguinee.org\/?page_id=5897","name":"Mission de l\u2019Ambassade de la R\u00e9publique de Guin\u00e9e en Sierra Leone - Ambassade de Guin\u00e9e en Sierra L\u00e9one","isPartOf":{"@id":"https:\/\/sl.ambaguinee.org\/#website"},"datePublished":"2021-05-01T21:11:57+00:00","dateModified":"2025-07-04T22:59:57+00:00","breadcrumb":{"@id":"https:\/\/sl.ambaguinee.org\/?page_id=5897#breadcrumb"},"inLanguage":"fr-FR","potentialAction":[{"@type":"ReadAction","target":["https:\/\/sl.ambaguinee.org\/?page_id=5897"]}]},{"@type":"BreadcrumbList","@id":"https:\/\/sl.ambaguinee.org\/?page_id=5897#breadcrumb","itemListElement":[{"@type":"ListItem","position":1,"name":"Accueil","item":"https:\/\/sl.ambaguinee.org\/"},{"@type":"ListItem","position":2,"name":"Mission de l\u2019Ambassade de la R\u00e9publique de Guin\u00e9e en Sierra Leone"}]},{"@type":"WebSite","@id":"https:\/\/sl.ambaguinee.org\/#website","url":"https:\/\/sl.ambaguinee.org\/","name":"Ambassade de Guin\u00e9e en Sierra L\u00e9one","description":"Ambassade de Guin\u00e9e en Sierra L\u00e9one","publisher":{"@id":"https:\/\/sl.ambaguinee.org\/#organization"},"potentialAction":[{"@type":"SearchAction","target":{"@type":"EntryPoint","urlTemplate":"https:\/\/sl.ambaguinee.org\/?s={search_term_string}"},"query-input":"required name=search_term_string"}],"inLanguage":"fr-FR"},{"@type":"Organization","@id":"https:\/\/sl.ambaguinee.org\/#organization","name":"Ambassade de la R\u00e9publique Guin\u00e9e en France","url":"https:\/\/sl.ambaguinee.org\/","logo":{"@type":"ImageObject","inLanguage":"fr-FR","@id":"https:\/\/sl.ambaguinee.org\/#\/schema\/logo\/image\/","url":"https:\/\/sl.ambaguinee.org\/wp-content\/uploads\/2024\/06\/Logo-devise-Guinee-miniature.png","contentUrl":"https:\/\/sl.ambaguinee.org\/wp-content\/uploads\/2024\/06\/Logo-devise-Guinee-miniature.png","width":170,"height":200,"caption":"Ambassade de la R\u00e9publique Guin\u00e9e en France"},"image":{"@id":"https:\/\/sl.ambaguinee.org\/#\/schema\/logo\/image\/"},"sameAs":["https:\/\/www.facebook.com\/ambaguiparis","https:\/\/twitter.com\/AmbaGnFrPtIl"]}]}},"_links":{"self":[{"href":"https:\/\/sl.ambaguinee.org\/index.php?rest_route=\/wp\/v2\/pages\/5897","targetHints":{"allow":["GET"]}}],"collection":[{"href":"https:\/\/sl.ambaguinee.org\/index.php?rest_route=\/wp\/v2\/pages"}],"about":[{"href":"https:\/\/sl.ambaguinee.org\/index.php?rest_route=\/wp\/v2\/types\/page"}],"author":[{"embeddable":true,"href":"https:\/\/sl.ambaguinee.org\/index.php?rest_route=\/wp\/v2\/users\/1"}],"replies":[{"embeddable":true,"href":"https:\/\/sl.ambaguinee.org\/index.php?rest_route=%2Fwp%2Fv2%2Fcomments&post=5897"}],"version-history":[{"count":6,"href":"https:\/\/sl.ambaguinee.org\/index.php?rest_route=\/wp\/v2\/pages\/5897\/revisions"}],"predecessor-version":[{"id":102965,"href":"https:\/\/sl.ambaguinee.org\/index.php?rest_route=\/wp\/v2\/pages\/5897\/revisions\/102965"}],"wp:attachment":[{"href":"https:\/\/sl.ambaguinee.org\/index.php?rest_route=%2Fwp%2Fv2%2Fmedia&parent=5897"}],"curies":[{"name":"wp","href":"https:\/\/api.w.org\/{rel}","templated":true}]}}