{"id":5840,"date":"2021-05-01T20:18:40","date_gmt":"2021-05-01T18:18:40","guid":{"rendered":"https:\/\/sl.ambaguinee.org\/?page_id=5840"},"modified":"2021-05-02T17:33:10","modified_gmt":"2021-05-02T15:33:10","slug":"tourisme","status":"publish","type":"page","link":"https:\/\/sl.ambaguinee.org\/?page_id=5840","title":{"rendered":"Tourisme"},"content":{"rendered":"\n<p><\/p>\n\n\n\n<iframe src=\"https:\/\/www.google.com\/maps\/d\/embed?mid=1sThSmMqDJeiVgR_MO_ZcBagN6u_VQRu_\" width=\"1000\" height=\"500\"><\/iframe>\n\n\n\n<p><strong>Les \u00celes de Loos<\/strong><\/p>\n\n\n\n<p>Situ\u00e9es \u00e0 proximit\u00e9 de la Capitale Conakry, elles forment un archipel de 5 \u00celes dont les plus importantes sont Kassa, Room et Fotoba.<\/p>\n\n\n\n<p>Dans cette derni\u00e8re, on peut d\u00e9couvrir l\u2019ancien p\u00e9nitencier. Il faut aussi noter l\u2019existence de l\u2019\u00eele aux tortues (Tortues g\u00e9antes prot\u00e9g\u00e9es), l\u2019\u00eele aux serpents et l\u2019\u00eele aux cabris.<br>Ces \u00eeles disposent de belles plages avec leur lit de sable fin et blanc, elle sont donc propices aux tourisme baln\u00e9aire.<\/p>\n\n\n\n<p><strong>Le Chien qui fume ou Bondabon<\/strong><\/p>\n\n\n\n<p>Situ\u00e9&nbsp; \u00e0 Dubr\u00e9ka, ville historique \u00e0 42 km de Conakry, o\u00f9 se dresse majestueusement une merveille de la nature, comme incrust\u00e9e dans le roc sur l\u2019une des cr\u00eates du flanc du mont Kakoulima. D\u00e8s l\u2019approche, le regard s\u2019accroche sur la t\u00eate d\u2019un \u00e9norme chien qui se profile. Les mains expertes d\u2019un sculpteur accompli n\u2019auraient pu mieux faire.<\/p>\n\n\n\n<p>Le charme est plus saisissant quand le brouillard abondant et \u00e9pais couvre l\u2019ensemble de son enveloppe velout\u00e9e. Alors, c\u2019est comme une fum\u00e9e l\u00e9g\u00e8re qui se d\u00e9gage du museau de l\u2019animal. \u00ab&nbsp;Le chien qui fume&nbsp;\u00bb est un nom qui colle tr\u00e8s bien \u00e0 l\u2019image.<\/p>\n\n\n\n<p><strong>La Plage de Bel Air<\/strong><\/p>\n\n\n\n<p>Situ\u00e9e \u00e0 environ 225 km de Conakry dans la pr\u00e9fecture de Boffa, c\u2019est incontestablement l\u2019une des plus belles plages de la C\u00f4te Ouest africaine. Accessible aussi bien par la route que par la mer, Bel Air d\u00e9roule sur 7 km, un sable fin blanc argent\u00e9 et constitue un cadre id\u00e9al pour un pr\u00e9lassement, le repos et autres sports nautiques.<\/p>\n\n\n\n<p><strong>Les sites n\u00e9griers<\/strong><\/p>\n\n\n\n<p>Ils rappellent la traite n\u00e9gri\u00e8re et sont situ\u00e9s sur la c\u00f4te \u00e0 Conakry, Dubr\u00e9ka, Boffa, Bok\u00e9 et For\u00e9cariah.<\/p>\n\n\n\n<p>Le fortin de Bok\u00e9 \u00e9rig\u00e9 en 1827 par les explorateurs portugais sur la colline domine le fleuve Rio Nunez. Une galerie des esclaves situ\u00e9e au sous sol de ce fortin servait \u00e0 garder les esclaves en entendant des voiliers qui les convoyaient vers les Etats Unis d\u2019Am\u00e9rique.<\/p>\n\n\n\n<p>Le fortin est devenu un mus\u00e9e en 1878. On retrouve des traces du passage empreint\u00e9 par les esclavages pour aller jusqu\u2019au bord du fleuve Rio Nunez lieu d\u2019embarquement des esclavages.<\/p>\n\n\n\n<p>Du c\u00f4t\u00e9 de la ville de Boffa qui est l\u2019un des premiers sites n\u00e9griers de l\u2019Afrique de l\u2019ouest, on y retrouve le port n\u00e9grier de Dominyah avec des murs datant de cette p\u00e9riode.<\/p>\n\n\n\n<p><strong>Le Voile de la Mari\u00e9e<\/strong><\/p>\n\n\n\n<p>Une merveille de la nature, situ\u00e9e \u00e0 146 km de Conakry et \u00e0 13 km de Kindia centre.<\/p>\n\n\n\n<p>Elle forme un ensemble constitu\u00e9 de 2 chutes desquelles tombent de fines gouttelettes d\u2019eau d\u2019une hauteur de 80 m environ, formant une esp\u00e8ce de voile d\u2019une beaut\u00e9 et d\u2019une blancheur exceptionnelle rappelant \u00e9trangement le voile d\u2019une mari\u00e9e d\u2019o\u00f9 son appellation.<\/p>\n\n\n\n<p><strong>L\u2019\u00cele D\u2019Alcatraz<\/strong><\/p>\n\n\n\n<p>Rocher situ\u00e9 au Nord-Ouest du pays au large de Bok\u00e9 (300 km de Conakry). Il renferme l\u2019une des plus grandes concentrations d\u2019oiseaux marins sur la C\u00f4te Ouest Africaine.<\/p>\n\n\n\n<p><strong>Le Fortin de Bok\u00e9<\/strong><\/p>\n\n\n\n<p>Inaugur\u00e9 sur le r\u00e8gne de Napol\u00e9on III, le Fortin de Bok\u00e9 fut un grand entrep\u00f4t d\u2019esclaves de l\u2019Afrique de l\u2019Ouest, ses labyrinthes conduisaient les esclaves dans les cales des n\u00e9griers vers des destinations inconnues, triste monument de souvenirs d\u2019un pass\u00e9 inoubliable.<\/p>\n\n\n\n<p><strong>Dalaba<\/strong><\/p>\n\n\n\n<p>Station climatique situ\u00e9e \u00e0 325 km de Conakry et accessible par voie bitum\u00e9e. C\u2019est un site de premi\u00e8re importance de par ses temp\u00e9ratures qui s\u2019apparentent \u00e0 celles du printemps europ\u00e9en. Dans la zone se trouvent aussi plusieurs attractions naturelles.<\/p>\n\n\n\n<p><strong>La Dame de Mali<\/strong><\/p>\n\n\n\n<p>Ce site est \u00e0 5 km du centre de la pr\u00e9fecture de Mali et \u00e0 environ 588 km deConakry. Son acc\u00e8s est relativement facile en partie par voie bitum\u00e9e et en partie par route carrossable (121 km). C\u2019est une v\u00e9ritable merveille de la nature situ\u00e9e \u00e0 1500 m d\u2019altitude sur le mont Loura. Taill\u00e9e dans le roc par l\u2019\u00e9rosion \u00e9olienne, et visible dans toute son anatomie, une femme d\u2019une beaut\u00e9 remarquable d\u00e9fie le temps depuis des si\u00e8cles. \u2018La Dame de Mali\u2019 est un chef d\u2019\u0153uvre de la nature.<\/p>\n\n\n\n<p>Le Parc National du Badiar<\/p>\n\n\n\n<p>Prolongement naturel du parc de Niokolo Koba du c\u00f4t\u00e9s\u00e9n\u00e9galais, il est situ\u00e9 dans la pr\u00e9fecture de Koundara \u00e0 680 km de Conakry. Son attrait essentiel est la pr\u00e9sence d\u2019une faune vari\u00e9e et abondante. Il couvre une superficie de 38.200 ha.<\/p>\n\n\n\n<p><strong>Mamou<\/strong><\/p>\n\n\n\n<p>Ville carrefour \u00e0 275 km de Conakry, r\u00e9gion de pr\u00e9dilection pour la chasse. On peut visiter la source du fleuve S\u00e9n\u00e9gal, les chutes de Konkour\u00e9 et surtout le village historique de Timbo, ancienne capitale du Fouta, qui garde encore plusieurs t\u00e9moignages de l\u2019histoire de la Guin\u00e9e pr\u00e9 coloniale.<\/p>\n\n\n\n<p><strong>Les chutes de Kinkon<\/strong><\/p>\n\n\n\n<p>A 403 km de Conakry, sur le fleuve Kokoulo, les chutes de kikon, avec ses belles cascades, ses gorges profondes offrent un spectacle magnifique. Non loin de Kinkon, les plaines de Timbi et une visite des chutes de Kambadaga est aussi \u00e0 conseiller.<\/p>\n\n\n\n<p><strong>Les chutes de la Saala, la Cascade de Sarekali<\/strong><\/p>\n\n\n\n<p>Ville historique en pleine expansion, son climat doux, ses magnifiques paysages, l\u2019ambiance d\u2019une ville moderne ayant conserv\u00e9 ses traditions. Les chutes de la Saala, la Cascade de Sarekali sur la route de Mali sont \u00e0 d\u00e9couvrir.<\/p>\n\n\n\n<p><strong>La case du roi de Lab\u00e9 Alpha Yaya DIALLO<\/strong><\/p>\n\n\n\n<p>La case du roi de Lab\u00e9 Alpha Yaya DIALLO, h\u00e9ros national, est le symbole de l\u2019architecture peulh du XIX\u00e8me si\u00e8cle avec ses traditions empreintes de la culture islamique. Non loin, les sources thermales de Foulamory sont recommand\u00e9es pour le repos des convalescents.<\/p>\n\n\n\n<p><strong>Le mont et la falaise du Badiar<\/strong><\/p>\n\n\n\n<p>Le mont et la falaise du Badiar sont des curiosit\u00e9s de la nature que compl\u00e8tent les villages Coniagui et Bassari pour donner \u00e0 la zone un tableau magnifique.<\/p>\n\n\n\n<p><strong>La source du Niger<\/strong><\/p>\n\n\n\n<p>Cette source se situe \u00e0 Kobikoro dans la pr\u00e9fecture de Faranah \u00e0 562 km de Conakry. Son acc\u00e8s est facilit\u00e9 par route bitum\u00e9e en grande partie, le reste par une piste.<br>La tradition populaire garde jalousement les myst\u00e8res des bois sacr\u00e9s qui entourent la source. Visitez aussi le parc de Sankaran, l\u2019une des rares for\u00eats vierges de la r\u00e9gion. Le fleuve Niger et le trait d\u2019union de l\u2019Afrique occidentale .<\/p>\n\n\n\n<p><strong>Le Parc National du Haut Niger<\/strong><\/p>\n\n\n\n<p>D\u2019une superficie estim\u00e9e \u00e0 4000 km2, ce parc couvre les pr\u00e9fectures de Faranah, Dabola et Kouroussa. Cette zone est tr\u00e8s giboyeuse. Outre la remont\u00e9e sur le fleuve, ou peut y pratiquer la p\u00eache sportive, l\u2019\u00e9cotourisme, etc\u2026<\/p>\n\n\n\n<p><strong>Mosqu\u00e9e d\u2019El Hadj Oumar Tall<\/strong><\/p>\n\n\n\n<p>Ville religieuse, Dinguiraye se distingue surtout par sa c\u00e9l\u00e8bre mosqu\u00e9e construite en 1848 par El Hadj Oumar TALL autre r\u00e9sistant \u00e0 la p\u00e9n\u00e9tration coloniale.<\/p>\n\n\n\n<p><strong>F\u00eates des mares<\/strong><\/p>\n\n\n\n<p>A 595 km de la capitale, au pays hamana, se tiennent chaque ann\u00e9e \u00e0 la veille des premi\u00e8res pluies, de grandioses f\u00eates traditionnelles appel\u00e9es les f\u00eates des mares \u00e0 Baro et \u00e0 Koumana.<\/p>\n\n\n\n<p><strong>Le Fort de Gali\u00e9ni, de Niagassola et la balafon sacr\u00e9 de Soumaoro Kant\u00e9<\/strong><\/p>\n\n\n\n<p>Dans la sous-pr\u00e9fecture de Niagassola, les vestiges du premier fort colonial t\u00e9moignent des farouches combats qui ont oppos\u00e9 conqu\u00e9rants coloniaux et r\u00e9sistants autochtones. C\u2019est aussi \u00e0 Niagassola que se trouve le balafon sacr\u00e9 de Soumaoro KANTE.<br>A Siguiri, visitez \u00e9galement le fort de Gali\u00e9ni, construit en 1889 peu apr\u00e8s celui de Niagassola. En prenant la direction de Mandiana, apr\u00e8s une escale \u00e0 Saint Alexis, un des premiers villages chr\u00e9tiens de Guin\u00e9e, d\u00e9couvrez les vestiges de Niani, capitale de l\u2019Empire du Mali, le plus grand Empire M\u00e9di\u00e9val de l\u2019Afrique de l\u2019Ouest.<\/p>\n\n\n\n<p><strong>La chute de Guigb\u00e8 et Kamarato<\/strong><\/p>\n\n\n\n<p>Situ\u00e9es \u00e0 K\u00e9rouan\u00e9, ancienne capitale de l\u2019Almamy Samory TOURE, empereur du Wassoulou. Le c\u00e9l\u00e8bre tata de Samory, le puit de son \u00e9pouse Sarank\u00e9 qui n\u2019a jamais tari, les tombes des grands conqu\u00e9rants fran\u00e7ais du XIX\u00e8me si\u00e8cle, vous d\u00e9voileront un pan de l\u2019histoire de la Guin\u00e9e. La chute de Guigb\u00e8 \u00e0 7 km et la chute de Kamarato \u00e0 30 km de Banankoro, la cit\u00e9 du diamant sont des atouts naturels qui combleront le visiteur.<\/p>\n\n\n\n<p><strong>Le Poste de S\u00e9r\u00e9dou<\/strong><\/p>\n\n\n\n<p>Il est situ\u00e9 \u00e0 une altitude de 1.200 m et se trouve \u00e0 40 km du centre de la pr\u00e9fecture de Macenta et \u00e0 800 km de Conakry. Ce site poss\u00e8de un micro-climat \u00e0 l\u2019image de Dalaba avec une vue plongeante sur toute la zone.<\/p>\n\n\n\n<p><strong>Le Mont Nimba<\/strong><\/p>\n\n\n\n<p>Ce site d\u2019une altitude de 1752 m (point culminant de l\u2019Afrique de l\u2019Ouest), est situ\u00e9 \u00e0 1040 km de Conakry. Il est d\u2019un acc\u00e8s relativement facile par route \u00e0 partir de N\u2019Z\u00e9r\u00e9kor\u00e9 par ailleurs desservi par avion. Une faune end\u00e9mique vari\u00e9e et unique et une flore extr\u00eamement riche font le charme de ses hauteurs (crapauds, vivipares, chimpanz\u00e9s vivant en famille). Ce site peut \u00eatre exploit\u00e9 dans le cadre du Tourisme de d\u00e9couverte et de l\u2019\u00e9cotourisme avec ouverture sur le Liberia et la C\u00f4te d\u2019Ivoire.<\/p>\n\n\n\n<p><strong>Kankan<\/strong><\/p>\n\n\n\n<p>Carrefour culturel, Kankan attire par ses vestiges historiques et par la beaut\u00e9 de ses paysages. Assistez au d\u00e9part du bateau pour le Mali sur la plage du fleuve Milo, \u00e0 voir \u00e9galement le cimeti\u00e8re des conqu\u00e9rants coloniaux \u00e0 Kalissoro (Bissandougou). C\u2019est aussi un grand centre de n\u00e9goce.<\/p>\n\n\n\n<p><strong>Grottes du mont Yombiron et chutes de Yend\u00e8<\/strong><\/p>\n\n\n\n<p>Situ\u00e9es \u00e0 Kissidougou \u00e0 la porte d\u2019entr\u00e9e de la r\u00e9gion foresti\u00e8re, apr\u00e8s une randonn\u00e9e \u00e0 travers les labyrinthes des grottes du mont Yombiron, et une escale aux chutes de Yend\u00e8, visitez le mus\u00e9e pr\u00e9fectoral.<\/p>\n\n\n\n<p><strong>Mus\u00e9e et centre artisanal<\/strong><\/p>\n\n\n\n<p>Situ\u00e9 \u00e0 N\u2019z\u00e9r\u00e9kor\u00e9 dans la capitale de la Guin\u00e9e Foresti\u00e8re. N\u2019oubliez pas d\u2019aller \u00e0 la d\u00e9couverte des populations de la for\u00eat sacr\u00e9e avec ses rites d\u2019initiation, ses masques et ses danses.<\/p>\n\n\n\n<p>Sources : Office national du tourisme.<\/p>\n","protected":false},"excerpt":{"rendered":"<p>Les \u00celes de Loos Situ\u00e9es \u00e0 proximit\u00e9 de la Capitale Conakry, elles forment un archipel de 5 \u00celes dont les plus importantes sont Kassa, Room et Fotoba. Dans cette derni\u00e8re, on peut d\u00e9couvrir l\u2019ancien p\u00e9nitencier. Il faut aussi noter l\u2019existence de l\u2019\u00eele aux tortues (Tortues g\u00e9antes prot\u00e9g\u00e9es), l\u2019\u00eele aux serpents et l\u2019\u00eele aux cabris.Ces \u00eeles &hellip;<\/p>\n","protected":false},"author":1,"featured_media":0,"parent":0,"menu_order":0,"comment_status":"closed","ping_status":"closed","template":"","meta":{"footnotes":""},"class_list":["post-5840","page","type-page","status-publish","hentry"],"yoast_head":"<!-- This site is optimized with the Yoast SEO plugin v21.0 - https:\/\/yoast.com\/wordpress\/plugins\/seo\/ -->\n<title>Tourisme - Ambassade de Guin\u00e9e en Sierra L\u00e9one<\/title>\n<meta name=\"robots\" content=\"index, follow, max-snippet:-1, max-image-preview:large, max-video-preview:-1\" \/>\n<link rel=\"canonical\" href=\"https:\/\/sl.ambaguinee.org\/?page_id=5840\" \/>\n<meta property=\"og:locale\" content=\"fr_FR\" \/>\n<meta property=\"og:type\" content=\"article\" \/>\n<meta property=\"og:title\" content=\"Tourisme - Ambassade de Guin\u00e9e en Sierra L\u00e9one\" \/>\n<meta property=\"og:description\" content=\"Les \u00celes de Loos Situ\u00e9es \u00e0 proximit\u00e9 de la Capitale Conakry, elles forment un archipel de 5 \u00celes dont les plus importantes sont Kassa, Room et Fotoba. Dans cette derni\u00e8re, on peut d\u00e9couvrir l\u2019ancien p\u00e9nitencier. Il faut aussi noter l\u2019existence de l\u2019\u00eele aux tortues (Tortues g\u00e9antes prot\u00e9g\u00e9es), l\u2019\u00eele aux serpents et l\u2019\u00eele aux cabris.Ces \u00eeles &hellip;\" \/>\n<meta property=\"og:url\" content=\"https:\/\/sl.ambaguinee.org\/?page_id=5840\" \/>\n<meta property=\"og:site_name\" content=\"Ambassade de Guin\u00e9e en Sierra L\u00e9one\" \/>\n<meta property=\"article:publisher\" content=\"https:\/\/www.facebook.com\/ambaguiparis\" \/>\n<meta property=\"article:modified_time\" content=\"2021-05-02T15:33:10+00:00\" \/>\n<meta name=\"twitter:card\" content=\"summary_large_image\" \/>\n<meta name=\"twitter:site\" content=\"@AmbaGnFrPtIl\" \/>\n<meta name=\"twitter:label1\" content=\"Dur\u00e9e de lecture estim\u00e9e\" \/>\n\t<meta name=\"twitter:data1\" content=\"9 minutes\" \/>\n<script type=\"application\/ld+json\" class=\"yoast-schema-graph\">{\"@context\":\"https:\/\/schema.org\",\"@graph\":[{\"@type\":\"WebPage\",\"@id\":\"https:\/\/sl.ambaguinee.org\/?page_id=5840\",\"url\":\"https:\/\/sl.ambaguinee.org\/?page_id=5840\",\"name\":\"Tourisme - Ambassade de Guin\u00e9e en Sierra L\u00e9one\",\"isPartOf\":{\"@id\":\"https:\/\/sl.ambaguinee.org\/#website\"},\"datePublished\":\"2021-05-01T18:18:40+00:00\",\"dateModified\":\"2021-05-02T15:33:10+00:00\",\"breadcrumb\":{\"@id\":\"https:\/\/sl.ambaguinee.org\/?page_id=5840#breadcrumb\"},\"inLanguage\":\"fr-FR\",\"potentialAction\":[{\"@type\":\"ReadAction\",\"target\":[\"https:\/\/sl.ambaguinee.org\/?page_id=5840\"]}]},{\"@type\":\"BreadcrumbList\",\"@id\":\"https:\/\/sl.ambaguinee.org\/?page_id=5840#breadcrumb\",\"itemListElement\":[{\"@type\":\"ListItem\",\"position\":1,\"name\":\"Accueil\",\"item\":\"https:\/\/sl.ambaguinee.org\/\"},{\"@type\":\"ListItem\",\"position\":2,\"name\":\"Tourisme\"}]},{\"@type\":\"WebSite\",\"@id\":\"https:\/\/sl.ambaguinee.org\/#website\",\"url\":\"https:\/\/sl.ambaguinee.org\/\",\"name\":\"Ambassade de Guin\u00e9e en Sierra L\u00e9one\",\"description\":\"Ambassade de Guin\u00e9e en Sierra L\u00e9one\",\"publisher\":{\"@id\":\"https:\/\/sl.ambaguinee.org\/#organization\"},\"potentialAction\":[{\"@type\":\"SearchAction\",\"target\":{\"@type\":\"EntryPoint\",\"urlTemplate\":\"https:\/\/sl.ambaguinee.org\/?s={search_term_string}\"},\"query-input\":\"required name=search_term_string\"}],\"inLanguage\":\"fr-FR\"},{\"@type\":\"Organization\",\"@id\":\"https:\/\/sl.ambaguinee.org\/#organization\",\"name\":\"Ambassade de la R\u00e9publique Guin\u00e9e en France\",\"url\":\"https:\/\/sl.ambaguinee.org\/\",\"logo\":{\"@type\":\"ImageObject\",\"inLanguage\":\"fr-FR\",\"@id\":\"https:\/\/sl.ambaguinee.org\/#\/schema\/logo\/image\/\",\"url\":\"https:\/\/sl.ambaguinee.org\/wp-content\/uploads\/2024\/06\/Logo-devise-Guinee-miniature.png\",\"contentUrl\":\"https:\/\/sl.ambaguinee.org\/wp-content\/uploads\/2024\/06\/Logo-devise-Guinee-miniature.png\",\"width\":170,\"height\":200,\"caption\":\"Ambassade de la R\u00e9publique Guin\u00e9e en France\"},\"image\":{\"@id\":\"https:\/\/sl.ambaguinee.org\/#\/schema\/logo\/image\/\"},\"sameAs\":[\"https:\/\/www.facebook.com\/ambaguiparis\",\"https:\/\/twitter.com\/AmbaGnFrPtIl\"]}]}<\/script>\n<!-- \/ Yoast SEO plugin. -->","yoast_head_json":{"title":"Tourisme - Ambassade de Guin\u00e9e en Sierra L\u00e9one","robots":{"index":"index","follow":"follow","max-snippet":"max-snippet:-1","max-image-preview":"max-image-preview:large","max-video-preview":"max-video-preview:-1"},"canonical":"https:\/\/sl.ambaguinee.org\/?page_id=5840","og_locale":"fr_FR","og_type":"article","og_title":"Tourisme - Ambassade de Guin\u00e9e en Sierra L\u00e9one","og_description":"Les \u00celes de Loos Situ\u00e9es \u00e0 proximit\u00e9 de la Capitale Conakry, elles forment un archipel de 5 \u00celes dont les plus importantes sont Kassa, Room et Fotoba. Dans cette derni\u00e8re, on peut d\u00e9couvrir l\u2019ancien p\u00e9nitencier. Il faut aussi noter l\u2019existence de l\u2019\u00eele aux tortues (Tortues g\u00e9antes prot\u00e9g\u00e9es), l\u2019\u00eele aux serpents et l\u2019\u00eele aux cabris.Ces \u00eeles &hellip;","og_url":"https:\/\/sl.ambaguinee.org\/?page_id=5840","og_site_name":"Ambassade de Guin\u00e9e en Sierra L\u00e9one","article_publisher":"https:\/\/www.facebook.com\/ambaguiparis","article_modified_time":"2021-05-02T15:33:10+00:00","twitter_card":"summary_large_image","twitter_site":"@AmbaGnFrPtIl","twitter_misc":{"Dur\u00e9e de lecture estim\u00e9e":"9 minutes"},"schema":{"@context":"https:\/\/schema.org","@graph":[{"@type":"WebPage","@id":"https:\/\/sl.ambaguinee.org\/?page_id=5840","url":"https:\/\/sl.ambaguinee.org\/?page_id=5840","name":"Tourisme - Ambassade de Guin\u00e9e en Sierra L\u00e9one","isPartOf":{"@id":"https:\/\/sl.ambaguinee.org\/#website"},"datePublished":"2021-05-01T18:18:40+00:00","dateModified":"2021-05-02T15:33:10+00:00","breadcrumb":{"@id":"https:\/\/sl.ambaguinee.org\/?page_id=5840#breadcrumb"},"inLanguage":"fr-FR","potentialAction":[{"@type":"ReadAction","target":["https:\/\/sl.ambaguinee.org\/?page_id=5840"]}]},{"@type":"BreadcrumbList","@id":"https:\/\/sl.ambaguinee.org\/?page_id=5840#breadcrumb","itemListElement":[{"@type":"ListItem","position":1,"name":"Accueil","item":"https:\/\/sl.ambaguinee.org\/"},{"@type":"ListItem","position":2,"name":"Tourisme"}]},{"@type":"WebSite","@id":"https:\/\/sl.ambaguinee.org\/#website","url":"https:\/\/sl.ambaguinee.org\/","name":"Ambassade de Guin\u00e9e en Sierra L\u00e9one","description":"Ambassade de Guin\u00e9e en Sierra L\u00e9one","publisher":{"@id":"https:\/\/sl.ambaguinee.org\/#organization"},"potentialAction":[{"@type":"SearchAction","target":{"@type":"EntryPoint","urlTemplate":"https:\/\/sl.ambaguinee.org\/?s={search_term_string}"},"query-input":"required name=search_term_string"}],"inLanguage":"fr-FR"},{"@type":"Organization","@id":"https:\/\/sl.ambaguinee.org\/#organization","name":"Ambassade de la R\u00e9publique Guin\u00e9e en France","url":"https:\/\/sl.ambaguinee.org\/","logo":{"@type":"ImageObject","inLanguage":"fr-FR","@id":"https:\/\/sl.ambaguinee.org\/#\/schema\/logo\/image\/","url":"https:\/\/sl.ambaguinee.org\/wp-content\/uploads\/2024\/06\/Logo-devise-Guinee-miniature.png","contentUrl":"https:\/\/sl.ambaguinee.org\/wp-content\/uploads\/2024\/06\/Logo-devise-Guinee-miniature.png","width":170,"height":200,"caption":"Ambassade de la R\u00e9publique Guin\u00e9e en France"},"image":{"@id":"https:\/\/sl.ambaguinee.org\/#\/schema\/logo\/image\/"},"sameAs":["https:\/\/www.facebook.com\/ambaguiparis","https:\/\/twitter.com\/AmbaGnFrPtIl"]}]}},"_links":{"self":[{"href":"https:\/\/sl.ambaguinee.org\/index.php?rest_route=\/wp\/v2\/pages\/5840","targetHints":{"allow":["GET"]}}],"collection":[{"href":"https:\/\/sl.ambaguinee.org\/index.php?rest_route=\/wp\/v2\/pages"}],"about":[{"href":"https:\/\/sl.ambaguinee.org\/index.php?rest_route=\/wp\/v2\/types\/page"}],"author":[{"embeddable":true,"href":"https:\/\/sl.ambaguinee.org\/index.php?rest_route=\/wp\/v2\/users\/1"}],"replies":[{"embeddable":true,"href":"https:\/\/sl.ambaguinee.org\/index.php?rest_route=%2Fwp%2Fv2%2Fcomments&post=5840"}],"version-history":[{"count":4,"href":"https:\/\/sl.ambaguinee.org\/index.php?rest_route=\/wp\/v2\/pages\/5840\/revisions"}],"predecessor-version":[{"id":6202,"href":"https:\/\/sl.ambaguinee.org\/index.php?rest_route=\/wp\/v2\/pages\/5840\/revisions\/6202"}],"wp:attachment":[{"href":"https:\/\/sl.ambaguinee.org\/index.php?rest_route=%2Fwp%2Fv2%2Fmedia&parent=5840"}],"curies":[{"name":"wp","href":"https:\/\/api.w.org\/{rel}","templated":true}]}}